{"id":2253,"date":"2025-07-20T15:18:11","date_gmt":"2025-07-20T15:18:11","guid":{"rendered":"https:\/\/terangafrika.com\/product\/moringa-artisanal\/"},"modified":"2025-07-20T15:18:11","modified_gmt":"2025-07-20T15:18:11","slug":"moringa-artisanal","status":"publish","type":"product","link":"https:\/\/terangafrika.com\/?product=moringa-artisanal","title":{"rendered":"Moringa artisanal"},"content":{"rendered":"<p data-start=\"384\" data-end=\"554\">Fabriqu\u00e9es \u00e0 la main au S\u00e9n\u00e9gal, ces chips croustillantes sont une <strong data-start=\"441\" data-end=\"483\">source naturelle d&rsquo;\u00e9nergie et de nutriments<\/strong>, parfaite pour un en-cas sain ou pour accompagner vos plats pr\u00e9f\u00e9r\u00e9s.<\/p>\n<p data-start=\"556\" data-end=\"727\">\ud83e\udd57 <strong data-start=\"559\" data-end=\"602\">Riche en fer, en calcium et en antioxydants<\/strong><br data-start=\"602\" data-end=\"605\">\ud83c\udf31 Fabriqu\u00e9 \u00e0 partir de feuilles de moringa s\u00e9lectionn\u00e9es<br data-start=\"649\" data-end=\"652\">\ud83d\udeab Sans additif ni conservateur<br data-start=\"685\" data-end=\"688\">\ud83c\udf0d Produit localement, de mani\u00e8re \u00e9thique et durable<\/p>\n<p data-start=\"729\" data-end=\"768\"><strong data-start=\"729\" data-end=\"768\">Un go\u00fbt unique, une tradition vivante.<\/strong><\/p>\n<p data-start=\"729\" data-end=\"768\"><strong data-start=\"869\" data-end=\"886\">Ingr\u00e9dients :<\/strong> 100% Moringa d\u00e9shydrat\u00e9<br data-start=\"913\" data-end=\"916\"><strong data-start=\"916\" data-end=\"931\">Id\u00e9al pour :<\/strong> En-cas sains, v\u00e9g\u00e9taliens, sportifs, amateurs de produits naturels.<\/p>\n","protected":false},"excerpt":{"rendered":"<p>Fabriqu\u00e9es \u00e0 la main au S\u00e9n\u00e9gal, ces chips croustillantes sont une source naturelle d&rsquo;\u00e9nergie et de nutriments, parfaite pour un en-cas sain ou pour accompagner vos plats pr\u00e9f\u00e9r\u00e9s. \ud83e\udd57 Riche en fer, en calcium et en antioxydants\ud83c\udf31 Fabriqu\u00e9 \u00e0 partir de feuilles de moringa s\u00e9lectionn\u00e9es\ud83d\udeab Sans additif ni conservateur\ud83c\udf0d Produit localement, de mani\u00e8re \u00e9thique et [&hellip;]<\/p>\n","protected":false},"featured_media":1601,"template":"","meta":[],"product_brand":[],"product_cat":[119,158],"product_tag":[],"class_list":{"0":"post-2253","1":"product","2":"type-product","3":"status-publish","4":"has-post-thumbnail","6":"product_cat-aliments-naturels","7":"product_cat-biscuits-et-sucreries","9":"first","10":"instock","11":"taxable","12":"shipping-taxable","13":"purchasable","14":"product-type-simple"},"_links":{"self":[{"href":"https:\/\/terangafrika.com\/index.php?rest_route=\/wp\/v2\/product\/2253","targetHints":{"allow":["GET"]}}],"collection":[{"href":"https:\/\/terangafrika.com\/index.php?rest_route=\/wp\/v2\/product"}],"about":[{"href":"https:\/\/terangafrika.com\/index.php?rest_route=\/wp\/v2\/types\/product"}],"wp:featuredmedia":[{"embeddable":true,"href":"https:\/\/terangafrika.com\/index.php?rest_route=\/wp\/v2\/media\/1601"}],"wp:attachment":[{"href":"https:\/\/terangafrika.com\/index.php?rest_route=%2Fwp%2Fv2%2Fmedia&parent=2253"}],"wp:term":[{"taxonomy":"product_brand","embeddable":true,"href":"https:\/\/terangafrika.com\/index.php?rest_route=%2Fwp%2Fv2%2Fproduct_brand&post=2253"},{"taxonomy":"product_cat","embeddable":true,"href":"https:\/\/terangafrika.com\/index.php?rest_route=%2Fwp%2Fv2%2Fproduct_cat&post=2253"},{"taxonomy":"product_tag","embeddable":true,"href":"https:\/\/terangafrika.com\/index.php?rest_route=%2Fwp%2Fv2%2Fproduct_tag&post=2253"}],"curies":[{"name":"wp","href":"https:\/\/api.w.org\/{rel}","templated":true}]}}