{"id":2250,"date":"2025-07-20T10:59:43","date_gmt":"2025-07-20T10:59:43","guid":{"rendered":"https:\/\/terangafrika.com\/product\/peintures-africaines-sur-verre\/"},"modified":"2025-07-20T10:59:43","modified_gmt":"2025-07-20T10:59:43","slug":"peintures-africaines-sur-verre","status":"publish","type":"product","link":"https:\/\/terangafrika.com\/?product=peintures-africaines-sur-verre","title":{"rendered":"Peintures africaines sur verre"},"content":{"rendered":"<p data-start=\"133\" data-end=\"172\"><strong data-start=\"133\" data-end=\"172\">Un art qui refl\u00e8te l&rsquo;\u00e2me de l&rsquo;Afrique.<\/strong><\/p>\n<p data-start=\"174\" data-end=\"509\">D\u00e9couvrez notre collection exclusive de peintures africaines sur verre, o\u00f9 tradition et modernit\u00e9 se fondent en une \u0153uvre unique. Chaque pi\u00e8ce capture la richesse culturelle du continent africain \u00e0 travers des dessins vibrants, des motifs tribaux et des sc\u00e8nes de la vie quotidienne, tous rendus dans une finition brillante et \u00e9l\u00e9gante sur verre. <\/p>\n<p data-start=\"511\" data-end=\"724\">Parfaites pour ajouter une touche sophistiqu\u00e9e et authentique \u00e0 votre maison, votre bureau ou votre espace cr\u00e9atif. Nos peintures sur verre ne se contentent pas de d\u00e9corer : elles <strong data-start=\"647\" data-end=\"724\">racontent des histoires, transmettent des \u00e9motions et c\u00e9l\u00e8brent l&rsquo;identit\u00e9 africaine.<\/strong> <\/p>\n<p data-start=\"726\" data-end=\"881\">\u2714\ufe0f Fabriqu\u00e9 \u00e0 partir de mat\u00e9riaux de haute qualit\u00e9<br data-start=\"765\" data-end=\"768\">\u2714\ufe0f D\u00e9tails nets et couleurs vives<br data-start=\"806\" data-end=\"809\">\u2714\ufe0f Facile \u00e0 installer et \u00e0 nettoyer<br data-start=\"839\" data-end=\"842\">\u2714\ufe0f Id\u00e9al pour les cadeaux qui ont un sens<\/p>\n<p data-start=\"883\" data-end=\"942\"><strong data-start=\"883\" data-end=\"942\">Embellissez votre espace avec la force et l&rsquo;art de l&rsquo;Afrique.<\/strong><\/p>\n","protected":false},"excerpt":{"rendered":"<p>Un art qui refl\u00e8te l&rsquo;\u00e2me de l&rsquo;Afrique. D\u00e9couvrez notre collection exclusive de peintures africaines sur verre, o\u00f9 tradition et modernit\u00e9 se fondent en une \u0153uvre unique. Chaque pi\u00e8ce capture la richesse culturelle du continent africain \u00e0 travers des dessins vibrants, des motifs tribaux et des sc\u00e8nes de la vie quotidienne, tous rendus dans une finition [&hellip;]<\/p>\n","protected":false},"featured_media":1539,"template":"","meta":[],"product_brand":[],"product_cat":[144,152],"product_tag":[],"class_list":{"0":"post-2250","1":"product","2":"type-product","3":"status-publish","4":"has-post-thumbnail","6":"product_cat-artisanat-traditionnel-et-local","7":"product_cat-peintures-faites-a-la-main","9":"first","10":"instock","11":"taxable","12":"shipping-taxable","13":"purchasable","14":"product-type-variable"},"_links":{"self":[{"href":"https:\/\/terangafrika.com\/index.php?rest_route=\/wp\/v2\/product\/2250","targetHints":{"allow":["GET"]}}],"collection":[{"href":"https:\/\/terangafrika.com\/index.php?rest_route=\/wp\/v2\/product"}],"about":[{"href":"https:\/\/terangafrika.com\/index.php?rest_route=\/wp\/v2\/types\/product"}],"wp:featuredmedia":[{"embeddable":true,"href":"https:\/\/terangafrika.com\/index.php?rest_route=\/wp\/v2\/media\/1539"}],"wp:attachment":[{"href":"https:\/\/terangafrika.com\/index.php?rest_route=%2Fwp%2Fv2%2Fmedia&parent=2250"}],"wp:term":[{"taxonomy":"product_brand","embeddable":true,"href":"https:\/\/terangafrika.com\/index.php?rest_route=%2Fwp%2Fv2%2Fproduct_brand&post=2250"},{"taxonomy":"product_cat","embeddable":true,"href":"https:\/\/terangafrika.com\/index.php?rest_route=%2Fwp%2Fv2%2Fproduct_cat&post=2250"},{"taxonomy":"product_tag","embeddable":true,"href":"https:\/\/terangafrika.com\/index.php?rest_route=%2Fwp%2Fv2%2Fproduct_tag&post=2250"}],"curies":[{"name":"wp","href":"https:\/\/api.w.org\/{rel}","templated":true}]}}