{"id":2249,"date":"2025-07-14T22:52:37","date_gmt":"2025-07-14T22:52:37","guid":{"rendered":"https:\/\/terangafrika.com\/product\/plateaux-decoratifs-africains\/"},"modified":"2025-07-14T22:52:37","modified_gmt":"2025-07-14T22:52:37","slug":"plateaux-decoratifs-africains","status":"publish","type":"product","link":"https:\/\/terangafrika.com\/?product=plateaux-decoratifs-africains","title":{"rendered":"Plateaux d\u00e9coratifs africains"},"content":{"rendered":"<p data-start=\"169\" data-end=\"453\">Ces magnifiques plateaux tiss\u00e9s \u00e0 la main sont une c\u00e9l\u00e9bration de la cr\u00e9ativit\u00e9 et de l&rsquo;identit\u00e9 culturelle africaines. Chaque pi\u00e8ce est fabriqu\u00e9e par des artisans qui utilisent des fibres naturelles telles que le palmier, le raphia ou l&rsquo;herbe de la savane, en combinant des couleurs vibrantes et des motifs g\u00e9om\u00e9triques uniques. <\/p>\n<p data-start=\"455\" data-end=\"773\">Traditionnellement utilis\u00e9s pour servir de la nourriture ou comme offrandes c\u00e9r\u00e9monielles, ces plateaux sont aujourd&rsquo;hui devenus des objets d\u00e9coratifs contemporains qui ajoutent du caract\u00e8re, de la texture et de la couleur \u00e0 n&rsquo;importe quel environnement. Ils sont id\u00e9aux pour \u00eatre accroch\u00e9s au mur en tant qu&rsquo;art mural ou pour \u00eatre utilis\u00e9s sur les tables et les \u00e9tag\u00e8res en tant que centres de table d\u00e9coratifs. <\/p>\n<p data-start=\"775\" data-end=\"966\">Disponibles dans une vari\u00e9t\u00e9 de tailles et de styles, ces plateaux ne sont pas seulement beaux, ils repr\u00e9sentent aussi un lien direct avec la tradition, la durabilit\u00e9 et le commerce \u00e9quitable.<\/p>\n<p data-start=\"775\" data-end=\"966\">Si vous souhaitez un design personnalis\u00e9 avec des couleurs ou des formes sp\u00e9cifiques, c&rsquo;est possible !  Il vous suffit de nous contacter via le <strong data-start=\"939\" data-end=\"969\">chat de<\/strong> notre <strong data-start=\"939\" data-end=\"969\">site web<\/strong> et nous nous ferons un plaisir de cr\u00e9er une pi\u00e8ce sur mesure pour vous.<\/p>\n","protected":false},"excerpt":{"rendered":"<p>Ces magnifiques plateaux tiss\u00e9s \u00e0 la main sont une c\u00e9l\u00e9bration de la cr\u00e9ativit\u00e9 et de l&rsquo;identit\u00e9 culturelle africaines. Chaque pi\u00e8ce est fabriqu\u00e9e par des artisans qui utilisent des fibres naturelles telles que le palmier, le raphia ou l&rsquo;herbe de la savane, en combinant des couleurs vibrantes et des motifs g\u00e9om\u00e9triques uniques. Traditionnellement utilis\u00e9s pour servir [&hellip;]<\/p>\n","protected":false},"featured_media":1535,"template":"","meta":[],"product_brand":[],"product_cat":[144,153],"product_tag":[],"class_list":{"0":"post-2249","1":"product","2":"type-product","3":"status-publish","4":"has-post-thumbnail","6":"product_cat-artisanat-traditionnel-et-local","7":"product_cat-paniers-faits-a-la-main","9":"first","10":"instock","11":"taxable","12":"shipping-taxable","13":"purchasable","14":"product-type-variable"},"_links":{"self":[{"href":"https:\/\/terangafrika.com\/index.php?rest_route=\/wp\/v2\/product\/2249","targetHints":{"allow":["GET"]}}],"collection":[{"href":"https:\/\/terangafrika.com\/index.php?rest_route=\/wp\/v2\/product"}],"about":[{"href":"https:\/\/terangafrika.com\/index.php?rest_route=\/wp\/v2\/types\/product"}],"wp:featuredmedia":[{"embeddable":true,"href":"https:\/\/terangafrika.com\/index.php?rest_route=\/wp\/v2\/media\/1535"}],"wp:attachment":[{"href":"https:\/\/terangafrika.com\/index.php?rest_route=%2Fwp%2Fv2%2Fmedia&parent=2249"}],"wp:term":[{"taxonomy":"product_brand","embeddable":true,"href":"https:\/\/terangafrika.com\/index.php?rest_route=%2Fwp%2Fv2%2Fproduct_brand&post=2249"},{"taxonomy":"product_cat","embeddable":true,"href":"https:\/\/terangafrika.com\/index.php?rest_route=%2Fwp%2Fv2%2Fproduct_cat&post=2249"},{"taxonomy":"product_tag","embeddable":true,"href":"https:\/\/terangafrika.com\/index.php?rest_route=%2Fwp%2Fv2%2Fproduct_tag&post=2249"}],"curies":[{"name":"wp","href":"https:\/\/api.w.org\/{rel}","templated":true}]}}