{"id":2246,"date":"2025-07-17T22:08:43","date_gmt":"2025-07-17T22:08:43","guid":{"rendered":"https:\/\/terangafrika.com\/product\/art-africain-ethnique-image-en-relief\/"},"modified":"2025-07-17T22:08:43","modified_gmt":"2025-07-17T22:08:43","slug":"art-africain-ethnique-image-en-relief","status":"publish","type":"product","link":"https:\/\/terangafrika.com\/?product=art-africain-ethnique-image-en-relief","title":{"rendered":"Art africain-ethnique image en relief"},"content":{"rendered":"<p data-start=\"185\" data-end=\"548\">Cette \u00e9tonnante peinture africaine combine peinture et relief pour donner vie \u00e0 trois figures allong\u00e9es qui \u00e9voquent l&rsquo;\u00e9l\u00e9gance et la force des anciens guerriers ou chefs tribaux. Sur un fond jaune vibrant avec des touches de couleur et encadr\u00e9 d&rsquo;un rouge profond, chaque figure est travaill\u00e9e avec des textures qui ressortent, cr\u00e9ant un effet tridimensionnel unique. <\/p>\n<p data-start=\"550\" data-end=\"832\">Les personnages, v\u00eatus de robes traditionnelles et portant des objets symboliques, rendent hommage \u00e0 l&rsquo;h\u00e9ritage culturel africain. Les formes stylis\u00e9es et les contrastes de noir et de blanc sur le fond chaud traduisent le mouvement, l&rsquo;identit\u00e9 et un lien profond avec la terre. <\/p>\n<p data-start=\"834\" data-end=\"1024\">\ud83d\udd90 F <strong data-start=\"837\" data-end=\"891\">abriqu\u00e9 \u00e0 la main avec une technique mixte (peinture et relief)<\/strong><br data-start=\"891\" data-end=\"894\">\ud83d\udccf <strong data-start=\"897\" data-end=\"949\">Taille personnalisable (v\u00e9rifier la disponibilit\u00e9)<\/strong><br data-start=\"949\" data-end=\"952\">\ud83c\udfa8 <strong data-start=\"955\" data-end=\"1024\">Pi\u00e8ce d\u00e9corative id\u00e9ale pour les salons, les studios ou les espaces culturels.<\/strong><\/p>\n<p data-start=\"1026\" data-end=\"1210\">Souhaitez-vous que cette \u0153uvre d&rsquo;art soit disponible dans d&rsquo;autres couleurs ou d&rsquo;autres tailles ? Contactez-nous directement via le <strong data-start=\"1106\" data-end=\"1131\">chat sur le site<\/strong> et notre \u00e9quipe vous contactera pour le personnaliser \u00e0 votre convenance. <\/p>\n<p data-start=\"1212\" data-end=\"1282\"><em data-start=\"1212\" data-end=\"1282\">Une \u0153uvre qui ne se contente pas de d\u00e9corer, mais qui raconte aussi une histoire ancestrale.<\/em><\/p>\n","protected":false},"excerpt":{"rendered":"<p>Cette \u00e9tonnante peinture africaine combine peinture et relief pour donner vie \u00e0 trois figures allong\u00e9es qui \u00e9voquent l&rsquo;\u00e9l\u00e9gance et la force des anciens guerriers ou chefs tribaux. Sur un fond jaune vibrant avec des touches de couleur et encadr\u00e9 d&rsquo;un rouge profond, chaque figure est travaill\u00e9e avec des textures qui ressortent, cr\u00e9ant un effet tridimensionnel [&hellip;]<\/p>\n","protected":false},"featured_media":1605,"template":"","meta":[],"product_brand":[],"product_cat":[144,152],"product_tag":[],"class_list":{"0":"post-2246","1":"product","2":"type-product","3":"status-publish","4":"has-post-thumbnail","6":"product_cat-artisanat-traditionnel-et-local","7":"product_cat-peintures-faites-a-la-main","9":"first","10":"instock","11":"taxable","12":"shipping-taxable","13":"purchasable","14":"product-type-variable"},"_links":{"self":[{"href":"https:\/\/terangafrika.com\/index.php?rest_route=\/wp\/v2\/product\/2246","targetHints":{"allow":["GET"]}}],"collection":[{"href":"https:\/\/terangafrika.com\/index.php?rest_route=\/wp\/v2\/product"}],"about":[{"href":"https:\/\/terangafrika.com\/index.php?rest_route=\/wp\/v2\/types\/product"}],"wp:featuredmedia":[{"embeddable":true,"href":"https:\/\/terangafrika.com\/index.php?rest_route=\/wp\/v2\/media\/1605"}],"wp:attachment":[{"href":"https:\/\/terangafrika.com\/index.php?rest_route=%2Fwp%2Fv2%2Fmedia&parent=2246"}],"wp:term":[{"taxonomy":"product_brand","embeddable":true,"href":"https:\/\/terangafrika.com\/index.php?rest_route=%2Fwp%2Fv2%2Fproduct_brand&post=2246"},{"taxonomy":"product_cat","embeddable":true,"href":"https:\/\/terangafrika.com\/index.php?rest_route=%2Fwp%2Fv2%2Fproduct_cat&post=2246"},{"taxonomy":"product_tag","embeddable":true,"href":"https:\/\/terangafrika.com\/index.php?rest_route=%2Fwp%2Fv2%2Fproduct_tag&post=2246"}],"curies":[{"name":"wp","href":"https:\/\/api.w.org\/{rel}","templated":true}]}}