{"id":2245,"date":"2025-07-14T22:39:04","date_gmt":"2025-07-14T22:39:04","guid":{"rendered":"https:\/\/terangafrika.com\/product\/paniers-africains-faits-main\/"},"modified":"2025-07-14T22:39:04","modified_gmt":"2025-07-14T22:39:04","slug":"paniers-africains-faits-main","status":"publish","type":"product","link":"https:\/\/terangafrika.com\/?product=paniers-africains-faits-main","title":{"rendered":"Paniers africains faits main"},"content":{"rendered":"<p data-start=\"165\" data-end=\"475\">D\u00e9couvrez la beaut\u00e9 et l&rsquo;authenticit\u00e9 de nos paniers africains faits main. Chaque pi\u00e8ce est une \u0153uvre d&rsquo;art tiss\u00e9e selon des techniques traditionnelles transmises de g\u00e9n\u00e9ration en g\u00e9n\u00e9ration. Fabriqu\u00e9s \u00e0 partir de fibres naturelles telles que le foin d&rsquo;odeur, le palmier ou le raphia, ces paniers sont \u00e0 la fois fonctionnels et d\u00e9coratifs.  <\/p>\n<p data-start=\"477\" data-end=\"801\">Nos mod\u00e8les varient en forme, en taille et en couleur, refl\u00e9tant la richesse culturelle des diff\u00e9rentes r\u00e9gions du continent africain. Des paniers \u00e0 couvercle pointu id\u00e9aux pour le stockage aux plateaux plats parfaits pour la d\u00e9coration ou le service, chacun raconte une histoire unique \u00e0 travers ses motifs et ses teintes vibrantes. <\/p>\n<p data-start=\"803\" data-end=\"966\">Parfaits pour la maison, comme cadeaux ou comme \u00e9l\u00e9ments d\u00e9coratifs, ces paniers apportent une touche de chaleur, d&rsquo;authenticit\u00e9 et d&rsquo;\u00e9l\u00e9gance naturelle \u00e0 tout espace.<\/p>\n<p data-start=\"803\" data-end=\"966\">\n<p data-start=\"803\" data-end=\"966\">Si vous souhaitez un design personnalis\u00e9 avec des couleurs ou des formes sp\u00e9cifiques, c&rsquo;est possible !  Il vous suffit de nous contacter via le <strong data-start=\"939\" data-end=\"969\">chat de<\/strong> notre <strong data-start=\"939\" data-end=\"969\">site web<\/strong> et nous nous ferons un plaisir de cr\u00e9er une pi\u00e8ce sur mesure pour vous.<\/p>\n","protected":false},"excerpt":{"rendered":"<p>D\u00e9couvrez la beaut\u00e9 et l&rsquo;authenticit\u00e9 de nos paniers africains faits main. Chaque pi\u00e8ce est une \u0153uvre d&rsquo;art tiss\u00e9e selon des techniques traditionnelles transmises de g\u00e9n\u00e9ration en g\u00e9n\u00e9ration. Fabriqu\u00e9s \u00e0 partir de fibres naturelles telles que le foin d&rsquo;odeur, le palmier ou le raphia, ces paniers sont \u00e0 la fois fonctionnels et d\u00e9coratifs. Nos mod\u00e8les varient [&hellip;]<\/p>\n","protected":false},"featured_media":1533,"template":"","meta":[],"product_brand":[],"product_cat":[144,153],"product_tag":[],"class_list":{"0":"post-2245","1":"product","2":"type-product","3":"status-publish","4":"has-post-thumbnail","6":"product_cat-artisanat-traditionnel-et-local","7":"product_cat-paniers-faits-a-la-main","9":"first","10":"instock","11":"taxable","12":"shipping-taxable","13":"purchasable","14":"product-type-variable"},"_links":{"self":[{"href":"https:\/\/terangafrika.com\/index.php?rest_route=\/wp\/v2\/product\/2245","targetHints":{"allow":["GET"]}}],"collection":[{"href":"https:\/\/terangafrika.com\/index.php?rest_route=\/wp\/v2\/product"}],"about":[{"href":"https:\/\/terangafrika.com\/index.php?rest_route=\/wp\/v2\/types\/product"}],"wp:featuredmedia":[{"embeddable":true,"href":"https:\/\/terangafrika.com\/index.php?rest_route=\/wp\/v2\/media\/1533"}],"wp:attachment":[{"href":"https:\/\/terangafrika.com\/index.php?rest_route=%2Fwp%2Fv2%2Fmedia&parent=2245"}],"wp:term":[{"taxonomy":"product_brand","embeddable":true,"href":"https:\/\/terangafrika.com\/index.php?rest_route=%2Fwp%2Fv2%2Fproduct_brand&post=2245"},{"taxonomy":"product_cat","embeddable":true,"href":"https:\/\/terangafrika.com\/index.php?rest_route=%2Fwp%2Fv2%2Fproduct_cat&post=2245"},{"taxonomy":"product_tag","embeddable":true,"href":"https:\/\/terangafrika.com\/index.php?rest_route=%2Fwp%2Fv2%2Fproduct_tag&post=2245"}],"curies":[{"name":"wp","href":"https:\/\/api.w.org\/{rel}","templated":true}]}}