{"id":2240,"date":"2025-07-14T22:10:03","date_gmt":"2025-07-14T22:10:03","guid":{"rendered":"https:\/\/terangafrika.com\/product\/set-dassiettes-decoratives-africaines\/"},"modified":"2025-07-14T22:10:03","modified_gmt":"2025-07-14T22:10:03","slug":"set-dassiettes-decoratives-africaines","status":"publish","type":"product","link":"https:\/\/terangafrika.com\/?product=set-dassiettes-decoratives-africaines","title":{"rendered":"Set d&rsquo;assiettes d\u00e9coratives africaines"},"content":{"rendered":"<p data-start=\"216\" data-end=\"516\">Ce <strong data-start=\"221\" data-end=\"265\">set d&rsquo;assiettes d\u00e9coratives africaines<\/strong> est soigneusement tiss\u00e9 \u00e0 la main par des artisanes d&rsquo;Afrique de l&rsquo;Ouest. Son design en spirale avec des motifs g\u00e9om\u00e9triques dans des tons violets et naturels refl\u00e8te la richesse de l&rsquo;art traditionnel, avec un style contemporain id\u00e9al pour la d\u00e9coration d&rsquo;int\u00e9rieur. <\/p>\n<p data-start=\"518\" data-end=\"615\"><strong data-start=\"518\" data-end=\"538\">Il comprend 3 pi\u00e8ces de<\/strong> tailles diff\u00e9rentes qui peuvent \u00eatre utilis\u00e9es ensemble ou s\u00e9par\u00e9ment :<\/p>\n<ul data-start=\"617\" data-end=\"745\">\n<li data-start=\"617\" data-end=\"646\">\n<p data-start=\"619\" data-end=\"646\">Centres de table \u00e9l\u00e9gants<\/p>\n<\/li>\n<li data-start=\"647\" data-end=\"705\">\n<p data-start=\"649\" data-end=\"705\">D\u00e9coration murale (chaque pi\u00e8ce comprend une base de suspension)<\/p>\n<\/li>\n<li data-start=\"706\" data-end=\"745\">\n<p data-start=\"708\" data-end=\"745\">Coupes \u00e0 fruits ou assiettes \u00e0 pain (utilisation \u00e0 sec)<\/p>\n<\/li>\n<\/ul>\n<p data-start=\"747\" data-end=\"770\">\ud83e\uddf5 <strong data-start=\"750\" data-end=\"770\">Caract\u00e9ristiques :<\/strong><\/p>\n<ul data-start=\"771\" data-end=\"1068\">\n<li data-start=\"771\" data-end=\"821\">\n<p data-start=\"773\" data-end=\"821\">Mati\u00e8re : fibres naturelles (paille, raphia)<\/p>\n<\/li>\n<li data-start=\"822\" data-end=\"882\">\n<p data-start=\"824\" data-end=\"882\">Couleur : naturelle et pourpre teint\u00e9e avec des pigments organiques<\/p>\n<\/li>\n<li data-start=\"883\" data-end=\"901\">\n<p data-start=\"885\" data-end=\"901\">100% fait \u00e0 la main<\/p>\n<\/li>\n<li data-start=\"902\" data-end=\"999\">\n<p data-start=\"904\" data-end=\"928\">Diam\u00e8tres approximatifs :<\/p>\n<ul data-start=\"931\" data-end=\"999\">\n<li data-start=\"931\" data-end=\"951\">\n<p data-start=\"933\" data-end=\"951\">Grand : 35-40 cm<\/p>\n<\/li>\n<li data-start=\"954\" data-end=\"975\">\n<p data-start=\"956\" data-end=\"975\">Moyen : 28-30 cm<\/p>\n<\/li>\n<li data-start=\"978\" data-end=\"999\">\n<p data-start=\"980\" data-end=\"999\">Petit : 20-22 cm<\/p>\n<\/li>\n<\/ul>\n<\/li>\n<li data-start=\"1000\" data-end=\"1031\">\n<p data-start=\"1002\" data-end=\"1031\">L\u00e9ger, durable et polyvalentD\u00e9corer<strong data-start=\"1073\" data-end=\"1097\">avec \u00e2me :<\/strong> ajoutez de l&rsquo;authenticit\u00e9, de la texture et de la couleur \u00e0 votre int\u00e9rieur tout en soutenant les communaut\u00e9s artisanales et le commerce \u00e9quitable.<\/p>\n<\/li>\n<\/ul>\n<p>Si vous souhaitez un design personnalis\u00e9 avec des couleurs ou des formes sp\u00e9cifiques, c&rsquo;est possible !  Il vous suffit de nous contacter via le <strong data-start=\"939\" data-end=\"969\">chat de<\/strong> notre <strong data-start=\"939\" data-end=\"969\">site web<\/strong> et nous nous ferons un plaisir de cr\u00e9er une pi\u00e8ce sur mesure pour vous.<\/p>\n","protected":false},"excerpt":{"rendered":"<p>Ce set d&rsquo;assiettes d\u00e9coratives africaines est soigneusement tiss\u00e9 \u00e0 la main par des artisanes d&rsquo;Afrique de l&rsquo;Ouest. Son design en spirale avec des motifs g\u00e9om\u00e9triques dans des tons violets et naturels refl\u00e8te la richesse de l&rsquo;art traditionnel, avec un style contemporain id\u00e9al pour la d\u00e9coration d&rsquo;int\u00e9rieur. Il comprend 3 pi\u00e8ces de tailles diff\u00e9rentes qui peuvent [&hellip;]<\/p>\n","protected":false},"featured_media":1529,"template":"","meta":[],"product_brand":[],"product_cat":[144,153],"product_tag":[],"class_list":{"0":"post-2240","1":"product","2":"type-product","3":"status-publish","4":"has-post-thumbnail","6":"product_cat-artisanat-traditionnel-et-local","7":"product_cat-paniers-faits-a-la-main","9":"first","10":"instock","11":"taxable","12":"shipping-taxable","13":"purchasable","14":"product-type-variable"},"_links":{"self":[{"href":"https:\/\/terangafrika.com\/index.php?rest_route=\/wp\/v2\/product\/2240","targetHints":{"allow":["GET"]}}],"collection":[{"href":"https:\/\/terangafrika.com\/index.php?rest_route=\/wp\/v2\/product"}],"about":[{"href":"https:\/\/terangafrika.com\/index.php?rest_route=\/wp\/v2\/types\/product"}],"wp:featuredmedia":[{"embeddable":true,"href":"https:\/\/terangafrika.com\/index.php?rest_route=\/wp\/v2\/media\/1529"}],"wp:attachment":[{"href":"https:\/\/terangafrika.com\/index.php?rest_route=%2Fwp%2Fv2%2Fmedia&parent=2240"}],"wp:term":[{"taxonomy":"product_brand","embeddable":true,"href":"https:\/\/terangafrika.com\/index.php?rest_route=%2Fwp%2Fv2%2Fproduct_brand&post=2240"},{"taxonomy":"product_cat","embeddable":true,"href":"https:\/\/terangafrika.com\/index.php?rest_route=%2Fwp%2Fv2%2Fproduct_cat&post=2240"},{"taxonomy":"product_tag","embeddable":true,"href":"https:\/\/terangafrika.com\/index.php?rest_route=%2Fwp%2Fv2%2Fproduct_tag&post=2240"}],"curies":[{"name":"wp","href":"https:\/\/api.w.org\/{rel}","templated":true}]}}