{"id":2233,"date":"2025-07-14T00:01:02","date_gmt":"2025-07-14T00:01:02","guid":{"rendered":"https:\/\/terangafrika.com\/product\/biscuits-au-millet-biscuit-de-mil\/"},"modified":"2025-07-14T00:01:02","modified_gmt":"2025-07-14T00:01:02","slug":"biscuits-au-millet-biscuit-de-mil","status":"publish","type":"product","link":"https:\/\/terangafrika.com\/?product=biscuits-au-millet-biscuit-de-mil","title":{"rendered":"Biscuits au millet &#8211; Biscuit de Mil"},"content":{"rendered":"<p data-start=\"157\" data-end=\"200\"><strong data-start=\"157\" data-end=\"200\">Sain, nutritif et 100% naturel<\/strong><\/p>\n<p data-start=\"202\" data-end=\"218\"><strong data-start=\"202\" data-end=\"218\">Description :<\/strong><\/p>\n<p data-start=\"220\" data-end=\"498\">Nos <strong data-start=\"229\" data-end=\"249\">biscuits au millet<\/strong> sont un d\u00e9licieux en-cas traditionnel africain, \u00e0 base de <strong data-start=\"315\" data-end=\"332\">millet entier<\/strong>, une c\u00e9r\u00e9ale ancienne riche en nutriments et naturellement sans gluten. Parfaits pour toute la famille, ils allient saveur, croquant et bienfaits pour la sant\u00e9. <\/p>\n<p data-start=\"500\" data-end=\"520\"><strong data-start=\"500\" data-end=\"520\">Caract\u00e9ristiques :<\/strong><\/p>\n<ul data-start=\"522\" data-end=\"768\">\n<li data-start=\"522\" data-end=\"565\">\n<p data-start=\"524\" data-end=\"565\">\ud83c\udf3e <strong data-start=\"527\" data-end=\"563\">Fabriqu\u00e9 \u00e0 partir de millet 100% naturel<\/strong><\/p>\n<\/li>\n<li data-start=\"566\" data-end=\"612\">\n<p data-start=\"568\" data-end=\"612\">\ud83c\udf6a <strong data-start=\"571\" data-end=\"610\">Texture croquante et go\u00fbt authentique<\/strong><\/p>\n<\/li>\n<li data-start=\"613\" data-end=\"665\">\n<p data-start=\"615\" data-end=\"665\">\ud83d\udc9a <strong data-start=\"618\" data-end=\"663\">Sans conservateurs ni additifs artificiels<\/strong><\/p>\n<\/li>\n<li data-start=\"666\" data-end=\"732\">\n<p data-start=\"668\" data-end=\"732\">\ud83c\udf3f <strong data-start=\"671\" data-end=\"730\">Source de fibres, de fer, de magn\u00e9sium et de prot\u00e9ines v\u00e9g\u00e9tales<\/strong><\/p>\n<\/li>\n<li data-start=\"733\" data-end=\"768\">\n<p data-start=\"735\" data-end=\"768\"><strong data-start=\"738\" data-end=\"768\">\ud83e\uddd2 Convient aux enfants et aux adultes<\/strong><\/p>\n<\/li>\n<\/ul>\n<p data-start=\"770\" data-end=\"785\"><strong data-start=\"770\" data-end=\"785\">Avantages :<\/strong><\/p>\n<ul data-start=\"787\" data-end=\"987\">\n<li data-start=\"787\" data-end=\"848\">\n<p data-start=\"789\" data-end=\"848\">Ils facilitent la <strong data-start=\"802\" data-end=\"815\">digestion<\/strong> et fournissent une <strong data-start=\"826\" data-end=\"846\">\u00e9nergie durable<\/strong>.<\/p>\n<\/li>\n<li data-start=\"849\" data-end=\"918\">\n<p data-start=\"851\" data-end=\"918\">Contribue \u00e0 maintenir la <strong data-start=\"872\" data-end=\"884\">sati\u00e9t\u00e9<\/strong> gr\u00e2ce \u00e0 sa teneur en fibres<\/p>\n<\/li>\n<li data-start=\"919\" data-end=\"987\">\n<p data-start=\"921\" data-end=\"987\">Ils constituent un excellent choix pour ceux qui recherchent des <strong data-start=\"966\" data-end=\"987\">en-cas sains.<\/strong><\/p>\n<\/li>\n<\/ul>\n<p data-start=\"989\" data-end=\"1016\"><strong data-start=\"989\" data-end=\"1016\">Suggestions de consommation :<\/strong><\/p>\n<ul data-start=\"1018\" data-end=\"1156\">\n<li data-start=\"1018\" data-end=\"1062\">\n<p data-start=\"1020\" data-end=\"1062\">Parfait pour le petit-d\u00e9jeuner ou le go\u00fbter<\/p>\n<\/li>\n<li data-start=\"1063\" data-end=\"1108\">\n<p data-start=\"1065\" data-end=\"1108\">Accompagn\u00e9 de caf\u00e9, de th\u00e9 ou de jus de fruits naturels.<\/p>\n<\/li>\n<li data-start=\"1109\" data-end=\"1156\">\n<p data-start=\"1111\" data-end=\"1156\">Id\u00e9al comme en-cas nutritif entre les repas<\/p>\n<\/li>\n<\/ul>\n","protected":false},"excerpt":{"rendered":"<p>Sain, nutritif et 100% naturel Description : Nos biscuits au millet sont un d\u00e9licieux en-cas traditionnel africain, \u00e0 base de millet entier, une c\u00e9r\u00e9ale ancienne riche en nutriments et naturellement sans gluten. Parfaits pour toute la famille, ils allient saveur, croquant et bienfaits pour la sant\u00e9. Caract\u00e9ristiques : \ud83c\udf3e Fabriqu\u00e9 \u00e0 partir de millet 100% [&hellip;]<\/p>\n","protected":false},"featured_media":1515,"template":"","meta":[],"product_brand":[],"product_cat":[119,158],"product_tag":[],"class_list":{"0":"post-2233","1":"product","2":"type-product","3":"status-publish","4":"has-post-thumbnail","6":"product_cat-aliments-naturels","7":"product_cat-biscuits-et-sucreries","9":"first","10":"instock","11":"purchasable","12":"product-type-simple"},"_links":{"self":[{"href":"https:\/\/terangafrika.com\/index.php?rest_route=\/wp\/v2\/product\/2233","targetHints":{"allow":["GET"]}}],"collection":[{"href":"https:\/\/terangafrika.com\/index.php?rest_route=\/wp\/v2\/product"}],"about":[{"href":"https:\/\/terangafrika.com\/index.php?rest_route=\/wp\/v2\/types\/product"}],"wp:featuredmedia":[{"embeddable":true,"href":"https:\/\/terangafrika.com\/index.php?rest_route=\/wp\/v2\/media\/1515"}],"wp:attachment":[{"href":"https:\/\/terangafrika.com\/index.php?rest_route=%2Fwp%2Fv2%2Fmedia&parent=2233"}],"wp:term":[{"taxonomy":"product_brand","embeddable":true,"href":"https:\/\/terangafrika.com\/index.php?rest_route=%2Fwp%2Fv2%2Fproduct_brand&post=2233"},{"taxonomy":"product_cat","embeddable":true,"href":"https:\/\/terangafrika.com\/index.php?rest_route=%2Fwp%2Fv2%2Fproduct_cat&post=2233"},{"taxonomy":"product_tag","embeddable":true,"href":"https:\/\/terangafrika.com\/index.php?rest_route=%2Fwp%2Fv2%2Fproduct_tag&post=2233"}],"curies":[{"name":"wp","href":"https:\/\/api.w.org\/{rel}","templated":true}]}}