{"id":2229,"date":"2025-07-13T23:55:16","date_gmt":"2025-07-13T23:55:16","guid":{"rendered":"https:\/\/terangafrika.com\/product\/cafe-touba-dialibatou\/"},"modified":"2025-07-13T23:55:16","modified_gmt":"2025-07-13T23:55:16","slug":"cafe-touba-dialibatou","status":"publish","type":"product","link":"https:\/\/terangafrika.com\/?product=cafe-touba-dialibatou","title":{"rendered":"CAF\u00c9 TOUBA DIALIBATOU"},"content":{"rendered":"<p data-start=\"115\" data-end=\"131\"><strong data-start=\"115\" data-end=\"131\">Description :<\/strong><\/p>\n<p data-start=\"133\" data-end=\"503\">Le <em data-start=\"136\" data-end=\"159\">caf\u00e9 Touba Dialibatou<\/em> est une boisson traditionnelle s\u00e9n\u00e9galaise au go\u00fbt unique et aromatique, pr\u00e9par\u00e9e avec du caf\u00e9 noir m\u00e9lang\u00e9 \u00e0 des \u00e9pices, principalement le <strong data-start=\"295\" data-end=\"313\">haricot s\u00e9lim<\/strong> (\u00e9galement connu sous le nom de <em data-start=\"337\" data-end=\"343\">Djar<\/em> ou <em data-start=\"346\" data-end=\"361\">poivre de Guin\u00e9e<\/em>). Ce caf\u00e9 a une histoire culturelle profonde au S\u00e9n\u00e9gal et est tr\u00e8s appr\u00e9ci\u00e9 pour son ar\u00f4me intense et son go\u00fbt l\u00e9g\u00e8rement \u00e9pic\u00e9 et fum\u00e9. <\/p>\n<p data-start=\"505\" data-end=\"537\"><strong data-start=\"505\" data-end=\"537\">Caract\u00e9ristiques principales :<\/strong><\/p>\n<ul data-start=\"539\" data-end=\"890\">\n<li data-start=\"539\" data-end=\"646\">\n<p data-start=\"541\" data-end=\"646\"><strong data-start=\"543\" data-end=\"573\">Saveur intense et \u00e9pic\u00e9e :<\/strong> associe l&rsquo;amertume du caf\u00e9 \u00e0 l&rsquo;ar\u00f4me \u00e9pic\u00e9 de la f\u00e8ve de s\u00e9lim.<\/p>\n<\/li>\n<li data-start=\"647\" data-end=\"732\">\n<p data-start=\"649\" data-end=\"732\">\ud83c\udf3f <strong data-start=\"652\" data-end=\"669\">100% naturel :<\/strong> Fabriqu\u00e9 avec du caf\u00e9 de haute qualit\u00e9 et des \u00e9pices traditionnelles.<\/p>\n<\/li>\n<li data-start=\"733\" data-end=\"795\">\n<p data-start=\"735\" data-end=\"795\">\ud83c\uddf8\ud83c\uddf3 <strong data-start=\"740\" data-end=\"761\">Origine s\u00e9n\u00e9galaise :<\/strong> Recette authentique et traditionnelle.<\/p>\n<\/li>\n<li data-start=\"796\" data-end=\"890\">\n<p data-start=\"798\" data-end=\"890\"><strong data-start=\"801\" data-end=\"826\">\ud83d\udd25 Pr\u00e9paration sp\u00e9ciale :<\/strong> grill\u00e9 et moulu avec des \u00e9pices pour un go\u00fbt incomparable.<\/p>\n<\/li>\n<\/ul>\n<p data-start=\"892\" data-end=\"907\"><strong data-start=\"892\" data-end=\"907\">Avantages :<\/strong><\/p>\n<ul data-start=\"909\" data-end=\"1089\">\n<li data-start=\"909\" data-end=\"952\">\n<p data-start=\"911\" data-end=\"952\">Stimule l&rsquo;\u00e9nergie et la concentration.<\/p>\n<\/li>\n<li data-start=\"953\" data-end=\"1023\">\n<p data-start=\"955\" data-end=\"1023\">Il apporte un ar\u00f4me et une saveur uniques qui renvoient \u00e0 la culture africaine.<\/p>\n<\/li>\n<li data-start=\"1024\" data-end=\"1089\">\n<p data-start=\"1026\" data-end=\"1089\">Id\u00e9al pour \u00eatre d\u00e9gust\u00e9 seul ou avec des friandises traditionnelles.<\/p>\n<\/li>\n<\/ul>\n<p data-start=\"1091\" data-end=\"1115\"><strong data-start=\"1091\" data-end=\"1115\">Comment se pr\u00e9parer :<\/strong><\/p>\n<p data-start=\"1117\" data-end=\"1232\">Il se pr\u00e9pare comme un caf\u00e9 normal en ajoutant de l&rsquo;eau chaude \u00e0 du caf\u00e9 moulu avec des \u00e9pices, id\u00e9alement sucr\u00e9 selon votre go\u00fbt.<\/p>\n","protected":false},"excerpt":{"rendered":"<p>Description : Le caf\u00e9 Touba Dialibatou est une boisson traditionnelle s\u00e9n\u00e9galaise au go\u00fbt unique et aromatique, pr\u00e9par\u00e9e avec du caf\u00e9 noir m\u00e9lang\u00e9 \u00e0 des \u00e9pices, principalement le haricot s\u00e9lim (\u00e9galement connu sous le nom de Djar ou poivre de Guin\u00e9e). Ce caf\u00e9 a une histoire culturelle profonde au S\u00e9n\u00e9gal et est tr\u00e8s appr\u00e9ci\u00e9 pour son [&hellip;]<\/p>\n","protected":false},"featured_media":1509,"template":"","meta":[],"product_brand":[],"product_cat":[119,157],"product_tag":[],"class_list":{"0":"post-2229","1":"product","2":"type-product","3":"status-publish","4":"has-post-thumbnail","6":"product_cat-aliments-naturels","7":"product_cat-cafe-fr","9":"first","10":"instock","11":"purchasable","12":"product-type-simple"},"_links":{"self":[{"href":"https:\/\/terangafrika.com\/index.php?rest_route=\/wp\/v2\/product\/2229","targetHints":{"allow":["GET"]}}],"collection":[{"href":"https:\/\/terangafrika.com\/index.php?rest_route=\/wp\/v2\/product"}],"about":[{"href":"https:\/\/terangafrika.com\/index.php?rest_route=\/wp\/v2\/types\/product"}],"wp:featuredmedia":[{"embeddable":true,"href":"https:\/\/terangafrika.com\/index.php?rest_route=\/wp\/v2\/media\/1509"}],"wp:attachment":[{"href":"https:\/\/terangafrika.com\/index.php?rest_route=%2Fwp%2Fv2%2Fmedia&parent=2229"}],"wp:term":[{"taxonomy":"product_brand","embeddable":true,"href":"https:\/\/terangafrika.com\/index.php?rest_route=%2Fwp%2Fv2%2Fproduct_brand&post=2229"},{"taxonomy":"product_cat","embeddable":true,"href":"https:\/\/terangafrika.com\/index.php?rest_route=%2Fwp%2Fv2%2Fproduct_cat&post=2229"},{"taxonomy":"product_tag","embeddable":true,"href":"https:\/\/terangafrika.com\/index.php?rest_route=%2Fwp%2Fv2%2Fproduct_tag&post=2229"}],"curies":[{"name":"wp","href":"https:\/\/api.w.org\/{rel}","templated":true}]}}