{"id":2224,"date":"2025-07-13T23:28:13","date_gmt":"2025-07-13T23:28:13","guid":{"rendered":"https:\/\/terangafrika.com\/product\/kigelia-africana-100-naturel-usage-cosmetique-et-therapeutique\/"},"modified":"2025-07-13T23:28:13","modified_gmt":"2025-07-13T23:28:13","slug":"kigelia-africana-100-naturel-usage-cosmetique-et-therapeutique","status":"publish","type":"product","link":"https:\/\/terangafrika.com\/?product=kigelia-africana-100-naturel-usage-cosmetique-et-therapeutique","title":{"rendered":"Kigelia Africana (100% naturel &#8211; usage cosm\u00e9tique et th\u00e9rapeutique)"},"content":{"rendered":"<p data-start=\"121\" data-end=\"729\">Le <em data-start=\"124\" data-end=\"142\">Kigelia africana<\/em> est largement utilis\u00e9 dans toute l&rsquo;Afrique dans la m\u00e9decine traditionnelle. Plus r\u00e9cemment, elle a \u00e9galement trouv\u00e9 des applications commerciales pour traiter diverses affections cutan\u00e9es. La plante est utilis\u00e9e pour traiter l&rsquo;an\u00e9mie, la dr\u00e9panocytose, l&rsquo;\u00e9pilepsie, les troubles respiratoires, h\u00e9patiques et cardiaques, ainsi que les maladies nutritionnelles. Les feuilles sont parfois utilis\u00e9es pour pr\u00e9parer un tonique g\u00e9n\u00e9ral qui am\u00e9liore la sant\u00e9 et stimule la croissance. Les poudres et les infusions d&rsquo;\u00e9corce, de feuilles, de tiges, de branches ou de fruits sont utilis\u00e9es pour nettoyer les blessures et les plaies ouvertes.    <\/p>\n<hr data-start=\"731\" data-end=\"734\">\n<h3 data-start=\"736\" data-end=\"757\"><strong data-start=\"740\" data-end=\"757\">Indications :<\/strong><\/h3>\n<p data-start=\"759\" data-end=\"1046\">Chez la femme, le <em data-start=\"778\" data-end=\"787\">kig\u00e9lia<\/em> est consid\u00e9r\u00e9 comme le rem\u00e8de num\u00e9ro un contre l&rsquo;infertilit\u00e9. Gr\u00e2ce \u00e0 sa forte teneur en <strong data-start=\"878\" data-end=\"892\">\u0153strog\u00e8nes<\/strong>, il tonifie et raffermit les seins et stimule la <strong data-start=\"939\" data-end=\"952\">lactation<\/strong> chez les femmes qui allaitent. Des \u00e9tudes ont montr\u00e9 qu&rsquo;il <strong data-start=\"1015\" data-end=\"1045\">pr\u00e9vient<\/strong> \u00e9galement <strong data-start=\"1015\" data-end=\"1045\">le cancer du sein<\/strong>.  <\/p>\n<p data-start=\"1048\" data-end=\"1344\">Chez l&rsquo;homme, l&rsquo;utilisation de <em data-start=\"1074\" data-end=\"1083\">Kigelia<\/em> permet de traiter les probl\u00e8mes li\u00e9s \u00e0 la sexualit\u00e9, tels que l&rsquo;<strong data-start=\"1149\" data-end=\"1171\">\u00e9jaculation pr\u00e9coce<\/strong>, l&rsquo;<strong data-start=\"1173\" data-end=\"1188\">azoospermie<\/strong> (absence de spermatozo\u00efdes), les <strong data-start=\"1220\" data-end=\"1246\">troubles de l&rsquo;\u00e9rection<\/strong> et le <strong data-start=\"1249\" data-end=\"1262\">microp\u00e9nis<\/strong> (Kigelia a la particularit\u00e9 d&rsquo;augmenter la taille du membre masculin).<\/p>\n<hr data-start=\"1346\" data-end=\"1349\">\n<h3 data-start=\"1351\" data-end=\"1364\"><strong data-start=\"1355\" data-end=\"1364\">Utilisations :<\/strong><\/h3>\n<p data-start=\"1366\" data-end=\"1457\">La poudre peut \u00eatre saupoudr\u00e9e directement sur les aliments ou dissoute dans du lait.<\/p>\n<p data-start=\"1459\" data-end=\"1579\">Pour la <strong data-start=\"1464\" data-end=\"1486\">tonification du buste<\/strong> ou l&rsquo;<strong data-start=\"1489\" data-end=\"1508\">agrandissement du p\u00e9nis<\/strong> chez les hommes, la meilleure utilisation de <em data-start=\"1553\" data-end=\"1562\">Kigelia<\/em> est la suivante :<\/p>\n<blockquote data-start=\"1581\" data-end=\"1818\">\n<p data-start=\"1583\" data-end=\"1719\">Pr\u00e9parez une soupe avec de la viande rouge (agneau ou b\u0153uf), saupoudrez le plat de poudre de Kigelia, mangez la viande et buvez toute la sauce.<\/p>\n<p data-start=\"1726\" data-end=\"1818\">Cette cure ne peut \u00eatre r\u00e9p\u00e9t\u00e9e trois fois sans obtenir un r\u00e9sultat <strong data-start=\"1791\" data-end=\"1817\">plus qu&rsquo;extraordinaire<\/strong>.<\/p>\n<\/blockquote>\n","protected":false},"excerpt":{"rendered":"<p>Le Kigelia africana est largement utilis\u00e9 dans toute l&rsquo;Afrique dans la m\u00e9decine traditionnelle. Plus r\u00e9cemment, elle a \u00e9galement trouv\u00e9 des applications commerciales pour traiter diverses affections cutan\u00e9es. La plante est utilis\u00e9e pour traiter l&rsquo;an\u00e9mie, la dr\u00e9panocytose, l&rsquo;\u00e9pilepsie, les troubles respiratoires, h\u00e9patiques et cardiaques, ainsi que les maladies nutritionnelles. Les feuilles sont parfois utilis\u00e9es pour pr\u00e9parer [&hellip;]<\/p>\n","protected":false},"featured_media":1503,"template":"","meta":[],"product_brand":[],"product_cat":[119,116,121],"product_tag":[],"class_list":{"0":"post-2224","1":"product","2":"type-product","3":"status-publish","4":"has-post-thumbnail","6":"product_cat-aliments-naturels","7":"product_cat-cosmetique-naturelle","8":"product_cat-poudres-naturelles","10":"first","11":"instock","12":"purchasable","13":"product-type-simple"},"_links":{"self":[{"href":"https:\/\/terangafrika.com\/index.php?rest_route=\/wp\/v2\/product\/2224","targetHints":{"allow":["GET"]}}],"collection":[{"href":"https:\/\/terangafrika.com\/index.php?rest_route=\/wp\/v2\/product"}],"about":[{"href":"https:\/\/terangafrika.com\/index.php?rest_route=\/wp\/v2\/types\/product"}],"wp:featuredmedia":[{"embeddable":true,"href":"https:\/\/terangafrika.com\/index.php?rest_route=\/wp\/v2\/media\/1503"}],"wp:attachment":[{"href":"https:\/\/terangafrika.com\/index.php?rest_route=%2Fwp%2Fv2%2Fmedia&parent=2224"}],"wp:term":[{"taxonomy":"product_brand","embeddable":true,"href":"https:\/\/terangafrika.com\/index.php?rest_route=%2Fwp%2Fv2%2Fproduct_brand&post=2224"},{"taxonomy":"product_cat","embeddable":true,"href":"https:\/\/terangafrika.com\/index.php?rest_route=%2Fwp%2Fv2%2Fproduct_cat&post=2224"},{"taxonomy":"product_tag","embeddable":true,"href":"https:\/\/terangafrika.com\/index.php?rest_route=%2Fwp%2Fv2%2Fproduct_tag&post=2224"}],"curies":[{"name":"wp","href":"https:\/\/api.w.org\/{rel}","templated":true}]}}