{"id":2219,"date":"2025-07-13T22:53:03","date_gmt":"2025-07-13T22:53:03","guid":{"rendered":"https:\/\/terangafrika.com\/product\/miel-de-la-foret-de-baobab\/"},"modified":"2025-07-13T22:53:03","modified_gmt":"2025-07-13T22:53:03","slug":"miel-de-la-foret-de-baobab","status":"publish","type":"product","link":"https:\/\/terangafrika.com\/?product=miel-de-la-foret-de-baobab","title":{"rendered":"Miel de la for\u00eat de Baobab"},"content":{"rendered":"<p data-start=\"200\" data-end=\"234\"><strong data-start=\"200\" data-end=\"234\">Sauvage. Puissant. Traditionnel.  <\/strong><\/p>\n<p data-start=\"236\" data-end=\"472\">R\u00e9colt\u00e9 dans les r\u00e9gions sauvages o\u00f9 poussent les majestueux baobabs, ce miel est un tr\u00e9sor naturel du S\u00e9n\u00e9gal. Sa saveur intense et ses propri\u00e9t\u00e9s exceptionnelles en font l&rsquo;un des miels les plus pr\u00e9cieux d&rsquo;Afrique de l&rsquo;Ouest. <\/p>\n<hr data-start=\"474\" data-end=\"477\">\n<h3 data-start=\"479\" data-end=\"524\">\ud83c\udf33 <strong data-start=\"486\" data-end=\"524\">Origine unique : la for\u00eat de baobabs<\/strong><\/h3>\n<p data-start=\"525\" data-end=\"667\">Le nectar des fleurs entourant les baobabs donne naissance \u00e0 un miel sombre, dense et riche, aux notes de caramel grill\u00e9, de terre et de noix.<\/p>\n<hr data-start=\"669\" data-end=\"672\">\n<h3 data-start=\"674\" data-end=\"707\">\ud83c\udf3f <strong data-start=\"681\" data-end=\"707\">100 % pur et fait \u00e0 la main<\/strong><\/h3>\n<ul data-start=\"708\" data-end=\"879\">\n<li data-start=\"708\" data-end=\"773\">\n<p data-start=\"710\" data-end=\"773\">R\u00e9colt\u00e9s dans des zones sauvages, loin des cultures industrielles<\/p>\n<\/li>\n<li data-start=\"774\" data-end=\"813\">\n<p data-start=\"776\" data-end=\"813\">Sans additif ni traitement thermique<\/p>\n<\/li>\n<li data-start=\"814\" data-end=\"879\">\n<p data-start=\"816\" data-end=\"879\">Production limit\u00e9e, respectueuse des abeilles et de l&rsquo;\u00e9cosyst\u00e8me<\/p>\n<\/li>\n<\/ul>\n<hr data-start=\"881\" data-end=\"884\">\n<h3 data-start=\"886\" data-end=\"922\">\ud83d\udcaa <strong data-start=\"893\" data-end=\"922\">Propri\u00e9t\u00e9s exceptionnelles<\/strong><\/h3>\n<ul data-start=\"923\" data-end=\"1098\">\n<li data-start=\"923\" data-end=\"970\">\n<p data-start=\"925\" data-end=\"970\">Riche en antioxydants et en min\u00e9raux<\/p>\n<\/li>\n<li data-start=\"971\" data-end=\"1019\">\n<p data-start=\"973\" data-end=\"1019\">Renforce les d\u00e9fenses et la vitalit\u00e9<\/p>\n<\/li>\n<li data-start=\"1020\" data-end=\"1072\">\n<p data-start=\"1022\" data-end=\"1072\">Action antibact\u00e9rienne et anti-inflammatoire naturelle<\/p>\n<\/li>\n<li data-start=\"1073\" data-end=\"1098\">\n<p data-start=\"1075\" data-end=\"1098\">Energisant et digestif<\/p>\n<\/li>\n<\/ul>\n","protected":false},"excerpt":{"rendered":"<p>Sauvage. Puissant. Traditionnel. R\u00e9colt\u00e9 dans les r\u00e9gions sauvages o\u00f9 poussent les majestueux baobabs, ce miel est un tr\u00e9sor naturel du S\u00e9n\u00e9gal. Sa saveur intense et ses propri\u00e9t\u00e9s exceptionnelles en font l&rsquo;un des miels les plus pr\u00e9cieux d&rsquo;Afrique de l&rsquo;Ouest. \ud83c\udf33 Origine unique : la for\u00eat de baobabs Le nectar des fleurs entourant les baobabs donne [&hellip;]<\/p>\n","protected":false},"featured_media":1497,"template":"","meta":[],"product_brand":[],"product_cat":[119,134],"product_tag":[],"class_list":{"0":"post-2219","1":"product","2":"type-product","3":"status-publish","4":"has-post-thumbnail","6":"product_cat-aliments-naturels","7":"product_cat-miel-et-confitures-naturelles","9":"first","10":"instock","11":"purchasable","12":"product-type-simple"},"_links":{"self":[{"href":"https:\/\/terangafrika.com\/index.php?rest_route=\/wp\/v2\/product\/2219","targetHints":{"allow":["GET"]}}],"collection":[{"href":"https:\/\/terangafrika.com\/index.php?rest_route=\/wp\/v2\/product"}],"about":[{"href":"https:\/\/terangafrika.com\/index.php?rest_route=\/wp\/v2\/types\/product"}],"wp:featuredmedia":[{"embeddable":true,"href":"https:\/\/terangafrika.com\/index.php?rest_route=\/wp\/v2\/media\/1497"}],"wp:attachment":[{"href":"https:\/\/terangafrika.com\/index.php?rest_route=%2Fwp%2Fv2%2Fmedia&parent=2219"}],"wp:term":[{"taxonomy":"product_brand","embeddable":true,"href":"https:\/\/terangafrika.com\/index.php?rest_route=%2Fwp%2Fv2%2Fproduct_brand&post=2219"},{"taxonomy":"product_cat","embeddable":true,"href":"https:\/\/terangafrika.com\/index.php?rest_route=%2Fwp%2Fv2%2Fproduct_cat&post=2219"},{"taxonomy":"product_tag","embeddable":true,"href":"https:\/\/terangafrika.com\/index.php?rest_route=%2Fwp%2Fv2%2Fproduct_tag&post=2219"}],"curies":[{"name":"wp","href":"https:\/\/api.w.org\/{rel}","templated":true}]}}