{"id":2214,"date":"2025-07-13T22:39:21","date_gmt":"2025-07-13T22:39:21","guid":{"rendered":"https:\/\/terangafrika.com\/product\/miel-naturel-dagrumes-du-senegal\/"},"modified":"2025-07-13T22:39:21","modified_gmt":"2025-07-13T22:39:21","slug":"miel-naturel-dagrumes-du-senegal","status":"publish","type":"product","link":"https:\/\/terangafrika.com\/?product=miel-naturel-dagrumes-du-senegal","title":{"rendered":"Miel naturel d&rsquo;agrumes du S\u00e9n\u00e9gal"},"content":{"rendered":"<p data-start=\"159\" data-end=\"191\"><strong data-start=\"159\" data-end=\"191\">Authentique. Naturel. Ensoleill\u00e9.  <\/strong><\/p>\n<p data-start=\"193\" data-end=\"319\">Laissez-vous conqu\u00e9rir par le go\u00fbt unique de ce miel, r\u00e9colt\u00e9 \u00e0 la main dans les plantations d&rsquo;agrumes ensoleill\u00e9es du S\u00e9n\u00e9gal.<\/p>\n<h3 data-start=\"321\" data-end=\"355\"><strong data-start=\"328\" data-end=\"355\">\ud83c\udf3c Go\u00fbt floral et fruit\u00e9<\/strong><\/h3>\n<p data-start=\"356\" data-end=\"523\">Avec des notes douces de citron, de mandarine et de fleur d&rsquo;oranger, ce miel offre un \u00e9quilibre parfait entre douceur et fra\u00eecheur. Id\u00e9al pour ceux qui recherchent une touche exotique et d\u00e9licate. <\/p>\n<h3 data-start=\"525\" data-end=\"556\">\ud83c\udf3f <strong data-start=\"532\" data-end=\"556\">100 % d&rsquo;origine naturelle<\/strong><\/h3>\n<ul data-start=\"557\" data-end=\"704\">\n<li data-start=\"557\" data-end=\"601\">\n<p data-start=\"559\" data-end=\"601\">Cueilli \u00e0 la main par des apiculteurs locaux<\/p>\n<\/li>\n<li data-start=\"602\" data-end=\"632\">\n<p data-start=\"604\" data-end=\"632\">Sans additifs ni conservateurs<\/p>\n<\/li>\n<li data-start=\"633\" data-end=\"704\">\n<p data-start=\"635\" data-end=\"704\">Non pasteuris\u00e9 et non filtr\u00e9 &#8211; conserve toutes ses propri\u00e9t\u00e9s naturelles<\/p>\n<\/li>\n<\/ul>\n<h3 data-start=\"706\" data-end=\"741\">\ud83d\udcaa <strong data-start=\"713\" data-end=\"741\">Des avantages pour votre sant\u00e9<\/strong><\/h3>\n<ul data-start=\"742\" data-end=\"859\">\n<li data-start=\"742\" data-end=\"778\">\n<p data-start=\"744\" data-end=\"778\">Renforce le syst\u00e8me immunitaire<\/p>\n<\/li>\n<li data-start=\"779\" data-end=\"823\">\n<p data-start=\"781\" data-end=\"823\">Apaise la gorge et am\u00e9liore la digestion<\/p>\n<\/li>\n<li data-start=\"824\" data-end=\"859\">\n<p data-start=\"826\" data-end=\"859\">Riche en antioxydants et en min\u00e9raux<\/p>\n<\/li>\n<\/ul>\n","protected":false},"excerpt":{"rendered":"<p>Authentique. Naturel. Ensoleill\u00e9. Laissez-vous conqu\u00e9rir par le go\u00fbt unique de ce miel, r\u00e9colt\u00e9 \u00e0 la main dans les plantations d&rsquo;agrumes ensoleill\u00e9es du S\u00e9n\u00e9gal. \ud83c\udf3c Go\u00fbt floral et fruit\u00e9 Avec des notes douces de citron, de mandarine et de fleur d&rsquo;oranger, ce miel offre un \u00e9quilibre parfait entre douceur et fra\u00eecheur. Id\u00e9al pour ceux qui recherchent [&hellip;]<\/p>\n","protected":false},"featured_media":1493,"template":"","meta":[],"product_brand":[],"product_cat":[119,134],"product_tag":[],"class_list":{"0":"post-2214","1":"product","2":"type-product","3":"status-publish","4":"has-post-thumbnail","6":"product_cat-aliments-naturels","7":"product_cat-miel-et-confitures-naturelles","9":"first","10":"instock","11":"purchasable","12":"product-type-simple"},"_links":{"self":[{"href":"https:\/\/terangafrika.com\/index.php?rest_route=\/wp\/v2\/product\/2214","targetHints":{"allow":["GET"]}}],"collection":[{"href":"https:\/\/terangafrika.com\/index.php?rest_route=\/wp\/v2\/product"}],"about":[{"href":"https:\/\/terangafrika.com\/index.php?rest_route=\/wp\/v2\/types\/product"}],"wp:featuredmedia":[{"embeddable":true,"href":"https:\/\/terangafrika.com\/index.php?rest_route=\/wp\/v2\/media\/1493"}],"wp:attachment":[{"href":"https:\/\/terangafrika.com\/index.php?rest_route=%2Fwp%2Fv2%2Fmedia&parent=2214"}],"wp:term":[{"taxonomy":"product_brand","embeddable":true,"href":"https:\/\/terangafrika.com\/index.php?rest_route=%2Fwp%2Fv2%2Fproduct_brand&post=2214"},{"taxonomy":"product_cat","embeddable":true,"href":"https:\/\/terangafrika.com\/index.php?rest_route=%2Fwp%2Fv2%2Fproduct_cat&post=2214"},{"taxonomy":"product_tag","embeddable":true,"href":"https:\/\/terangafrika.com\/index.php?rest_route=%2Fwp%2Fv2%2Fproduct_tag&post=2214"}],"curies":[{"name":"wp","href":"https:\/\/api.w.org\/{rel}","templated":true}]}}