{"id":2204,"date":"2025-07-13T18:17:44","date_gmt":"2025-07-13T18:17:44","guid":{"rendered":"https:\/\/terangafrika.com\/product\/confiture-de-tamarin-100-naturelle-et-artisanale\/"},"modified":"2025-07-13T18:17:44","modified_gmt":"2025-07-13T18:17:44","slug":"confiture-de-tamarin-100-naturelle-et-artisanale","status":"publish","type":"product","link":"https:\/\/terangafrika.com\/?product=confiture-de-tamarin-100-naturelle-et-artisanale","title":{"rendered":"Confiture de tamarin &#8211; 100% naturelle et artisanale"},"content":{"rendered":"<p data-start=\"160\" data-end=\"344\">Appr\u00e9ciez le go\u00fbt unique et exotique de notre <strong data-start=\"206\" data-end=\"232\">confiture de tam<\/strong>arin, fabriqu\u00e9e \u00e0 la main avec des tamariniers m\u00fbrs s\u00e9lectionn\u00e9s pour pr\u00e9server toute leur fra\u00eecheur et leur saveur naturelle.<\/p>\n<p data-start=\"346\" data-end=\"548\">\ud83c\udf6f <strong data-start=\"349\" data-end=\"376\">Ingr\u00e9dients naturels :<\/strong> tamarin, sucre et citron<br data-start=\"402\" data-end=\"405\">\ud83c\udf3f <strong data-start=\"408\" data-end=\"453\">Sans conservateurs ni additifs artificiels<\/strong><br data-start=\"453\" data-end=\"456\">\ud83c\udf1f <strong data-start=\"459\" data-end=\"548\">Saveur aigre-douce intense, id\u00e9ale pour le petit-d\u00e9jeuner, les desserts ou pour accompagner les viandes et les sauces.<\/strong><\/p>\n<p data-start=\"550\" data-end=\"684\">Cette confiture se distingue par sa texture onctueuse et son ar\u00f4me caract\u00e9ristique, apportant une touche authentique et tropicale \u00e0 vos plats pr\u00e9f\u00e9r\u00e9s.<\/p>\n","protected":false},"excerpt":{"rendered":"<p>Appr\u00e9ciez le go\u00fbt unique et exotique de notre confiture de tamarin, fabriqu\u00e9e \u00e0 la main avec des tamariniers m\u00fbrs s\u00e9lectionn\u00e9s pour pr\u00e9server toute leur fra\u00eecheur et leur saveur naturelle. \ud83c\udf6f Ingr\u00e9dients naturels : tamarin, sucre et citron\ud83c\udf3f Sans conservateurs ni additifs artificiels\ud83c\udf1f Saveur aigre-douce intense, id\u00e9ale pour le petit-d\u00e9jeuner, les desserts ou pour accompagner les [&hellip;]<\/p>\n","protected":false},"featured_media":1483,"template":"","meta":[],"product_brand":[],"product_cat":[119,134],"product_tag":[],"class_list":{"0":"post-2204","1":"product","2":"type-product","3":"status-publish","4":"has-post-thumbnail","6":"product_cat-aliments-naturels","7":"product_cat-miel-et-confitures-naturelles","9":"first","10":"instock","11":"purchasable","12":"product-type-simple"},"_links":{"self":[{"href":"https:\/\/terangafrika.com\/index.php?rest_route=\/wp\/v2\/product\/2204","targetHints":{"allow":["GET"]}}],"collection":[{"href":"https:\/\/terangafrika.com\/index.php?rest_route=\/wp\/v2\/product"}],"about":[{"href":"https:\/\/terangafrika.com\/index.php?rest_route=\/wp\/v2\/types\/product"}],"wp:featuredmedia":[{"embeddable":true,"href":"https:\/\/terangafrika.com\/index.php?rest_route=\/wp\/v2\/media\/1483"}],"wp:attachment":[{"href":"https:\/\/terangafrika.com\/index.php?rest_route=%2Fwp%2Fv2%2Fmedia&parent=2204"}],"wp:term":[{"taxonomy":"product_brand","embeddable":true,"href":"https:\/\/terangafrika.com\/index.php?rest_route=%2Fwp%2Fv2%2Fproduct_brand&post=2204"},{"taxonomy":"product_cat","embeddable":true,"href":"https:\/\/terangafrika.com\/index.php?rest_route=%2Fwp%2Fv2%2Fproduct_cat&post=2204"},{"taxonomy":"product_tag","embeddable":true,"href":"https:\/\/terangafrika.com\/index.php?rest_route=%2Fwp%2Fv2%2Fproduct_tag&post=2204"}],"curies":[{"name":"wp","href":"https:\/\/api.w.org\/{rel}","templated":true}]}}