{"id":2203,"date":"2025-07-13T17:21:44","date_gmt":"2025-07-13T17:21:44","guid":{"rendered":"https:\/\/terangafrika.com\/product\/farine-de-niebe-100-naturelle\/"},"modified":"2025-07-13T17:21:44","modified_gmt":"2025-07-13T17:21:44","slug":"farine-de-niebe-100-naturelle","status":"publish","type":"product","link":"https:\/\/terangafrika.com\/?product=farine-de-niebe-100-naturelle","title":{"rendered":"Farine de Ni\u00e9b\u00e9 &#8211; 100% naturelle"},"content":{"rendered":"<p data-start=\"232\" data-end=\"486\">La <strong data-start=\"235\" data-end=\"254\">farine de ni\u00e9b\u00e9<\/strong> est fabriqu\u00e9e \u00e0 partir du haricot ni\u00e9b\u00e9 (Vigna unguiculata), \u00e9galement connu sous le nom de ni\u00e9b\u00e9. Il s&rsquo;agit d&rsquo;un ingr\u00e9dient traditionnel d&rsquo;Afrique de l&rsquo;Ouest, appr\u00e9ci\u00e9 pour sa haute valeur nutritionnelle et sa polyvalence en cuisine. <\/p>\n<p data-start=\"488\" data-end=\"676\">\ud83c\udf0d <strong data-start=\"491\" data-end=\"502\">Origine :<\/strong> K\u00e9dougou, S\u00e9n\u00e9gal<br data-start=\"520\" data-end=\"523\">\ud83c\udf31 <strong data-start=\"526\" data-end=\"543\">Ingr\u00e9dients :<\/strong> 100% ni\u00e9b\u00e9<br data-start=\"554\" data-end=\"557\">\ud83d\udeab <strong data-start=\"560\" data-end=\"592\">Sans additifs ni conservateurs<\/strong><br data-start=\"592\" data-end=\"595\">\ud83e\udd63 <strong data-start=\"598\" data-end=\"638\">Riche en prot\u00e9ines, fibres et min\u00e9raux<\/strong><br data-start=\"638\" data-end=\"641\" data-is-only-node=\"\">\ud83c\udf3e <strong data-start=\"644\" data-end=\"676\">Naturellement sans gluten<\/strong><\/p>\n<p data-start=\"678\" data-end=\"928\">Cette farine est une excellente source de <strong data-start=\"725\" data-end=\"738\">prot\u00e9ines<\/strong> v\u00e9g\u00e9tales, id\u00e9ale pour les r\u00e9gimes v\u00e9g\u00e9tariens et v\u00e9g\u00e9taliens. Elle fournit \u00e9galement des <strong data-start=\"797\" data-end=\"848\">fibres, du fer, du magn\u00e9sium et des vitamines B<\/strong>, ce qui en fait un choix sain et \u00e9nerg\u00e9tique pour toute la famille. <\/p>\n<p data-start=\"930\" data-end=\"1085\">Parfait pour la pr\u00e9paration de recettes traditionnelles telles que l&rsquo;<strong data-start=\"980\" data-end=\"1010\">akara (beignets de haricots<\/strong>), les omelettes, les cr\u00eapes, les soupes \u00e9paisses ou comme base pour une panure sans gluten.<\/p>\n","protected":false},"excerpt":{"rendered":"<p>La farine de ni\u00e9b\u00e9 est fabriqu\u00e9e \u00e0 partir du haricot ni\u00e9b\u00e9 (Vigna unguiculata), \u00e9galement connu sous le nom de ni\u00e9b\u00e9. Il s&rsquo;agit d&rsquo;un ingr\u00e9dient traditionnel d&rsquo;Afrique de l&rsquo;Ouest, appr\u00e9ci\u00e9 pour sa haute valeur nutritionnelle et sa polyvalence en cuisine. \ud83c\udf0d Origine : K\u00e9dougou, S\u00e9n\u00e9gal\ud83c\udf31 Ingr\u00e9dients : 100% ni\u00e9b\u00e9\ud83d\udeab Sans additifs ni conservateurs\ud83e\udd63 Riche en prot\u00e9ines, [&hellip;]<\/p>\n","protected":false},"featured_media":1475,"template":"","meta":[],"product_brand":[],"product_cat":[155],"product_tag":[],"class_list":{"0":"post-2203","1":"product","2":"type-product","3":"status-publish","4":"has-post-thumbnail","6":"product_cat-farines-et-couscous-fonio-niebe-mil","8":"first","9":"instock","10":"purchasable","11":"product-type-simple"},"_links":{"self":[{"href":"https:\/\/terangafrika.com\/index.php?rest_route=\/wp\/v2\/product\/2203","targetHints":{"allow":["GET"]}}],"collection":[{"href":"https:\/\/terangafrika.com\/index.php?rest_route=\/wp\/v2\/product"}],"about":[{"href":"https:\/\/terangafrika.com\/index.php?rest_route=\/wp\/v2\/types\/product"}],"wp:featuredmedia":[{"embeddable":true,"href":"https:\/\/terangafrika.com\/index.php?rest_route=\/wp\/v2\/media\/1475"}],"wp:attachment":[{"href":"https:\/\/terangafrika.com\/index.php?rest_route=%2Fwp%2Fv2%2Fmedia&parent=2203"}],"wp:term":[{"taxonomy":"product_brand","embeddable":true,"href":"https:\/\/terangafrika.com\/index.php?rest_route=%2Fwp%2Fv2%2Fproduct_brand&post=2203"},{"taxonomy":"product_cat","embeddable":true,"href":"https:\/\/terangafrika.com\/index.php?rest_route=%2Fwp%2Fv2%2Fproduct_cat&post=2203"},{"taxonomy":"product_tag","embeddable":true,"href":"https:\/\/terangafrika.com\/index.php?rest_route=%2Fwp%2Fv2%2Fproduct_tag&post=2203"}],"curies":[{"name":"wp","href":"https:\/\/api.w.org\/{rel}","templated":true}]}}