{"id":2200,"date":"2025-07-13T17:39:19","date_gmt":"2025-07-13T17:39:19","guid":{"rendered":"https:\/\/terangafrika.com\/product\/marmelade-de-melon-artisanale-100-naturelle\/"},"modified":"2025-07-13T17:39:19","modified_gmt":"2025-07-13T17:39:19","slug":"marmelade-de-melon-artisanale-100-naturelle","status":"publish","type":"product","link":"https:\/\/terangafrika.com\/?product=marmelade-de-melon-artisanale-100-naturelle","title":{"rendered":"Marmelade de melon artisanale &#8211; 100% naturelle"},"content":{"rendered":"<p data-start=\"136\" data-end=\"323\">Savourez la saveur naturelle et fra\u00eeche de notre <strong data-start=\"183\" data-end=\"215\">confiture de melon faite \u00e0 la main<\/strong>, \u00e0 partir de melons soigneusement s\u00e9lectionn\u00e9s pour vous offrir une confiture authentique et savoureuse.<\/p>\n<p data-start=\"325\" data-end=\"519\">\ud83c\udf48 <strong data-start=\"328\" data-end=\"355\">Ingr\u00e9dients naturels :<\/strong> melon m\u00fbr, sucre et citron<br data-start=\"384\" data-end=\"387\">\ud83c\udf3f <strong data-start=\"390\" data-end=\"435\">Sans conservateurs ni additifs artificiels<\/strong><br data-start=\"435\" data-end=\"438\">\ud83c\udf6f <strong data-start=\"441\" data-end=\"519\">Texture douce et sucr\u00e9e, parfaite pour le petit-d\u00e9jeuner, les desserts ou les fromages<\/strong><\/p>\n<p data-start=\"521\" data-end=\"726\">Id\u00e9ale pour ceux qui recherchent une option saine et d\u00e9licieuse, notre confiture de melon faite \u00e0 la main se distingue par sa saveur \u00e9quilibr\u00e9e et son ar\u00f4me frais, qui vous transporteront vers les meilleurs moments de la saison.<\/p>\n","protected":false},"excerpt":{"rendered":"<p>Savourez la saveur naturelle et fra\u00eeche de notre confiture de melon faite \u00e0 la main, \u00e0 partir de melons soigneusement s\u00e9lectionn\u00e9s pour vous offrir une confiture authentique et savoureuse. \ud83c\udf48 Ingr\u00e9dients naturels : melon m\u00fbr, sucre et citron\ud83c\udf3f Sans conservateurs ni additifs artificiels\ud83c\udf6f Texture douce et sucr\u00e9e, parfaite pour le petit-d\u00e9jeuner, les desserts ou les [&hellip;]<\/p>\n","protected":false},"featured_media":1481,"template":"","meta":[],"product_brand":[],"product_cat":[119,134],"product_tag":[],"class_list":{"0":"post-2200","1":"product","2":"type-product","3":"status-publish","4":"has-post-thumbnail","6":"product_cat-aliments-naturels","7":"product_cat-miel-et-confitures-naturelles","9":"first","10":"instock","11":"purchasable","12":"product-type-simple"},"_links":{"self":[{"href":"https:\/\/terangafrika.com\/index.php?rest_route=\/wp\/v2\/product\/2200","targetHints":{"allow":["GET"]}}],"collection":[{"href":"https:\/\/terangafrika.com\/index.php?rest_route=\/wp\/v2\/product"}],"about":[{"href":"https:\/\/terangafrika.com\/index.php?rest_route=\/wp\/v2\/types\/product"}],"wp:featuredmedia":[{"embeddable":true,"href":"https:\/\/terangafrika.com\/index.php?rest_route=\/wp\/v2\/media\/1481"}],"wp:attachment":[{"href":"https:\/\/terangafrika.com\/index.php?rest_route=%2Fwp%2Fv2%2Fmedia&parent=2200"}],"wp:term":[{"taxonomy":"product_brand","embeddable":true,"href":"https:\/\/terangafrika.com\/index.php?rest_route=%2Fwp%2Fv2%2Fproduct_brand&post=2200"},{"taxonomy":"product_cat","embeddable":true,"href":"https:\/\/terangafrika.com\/index.php?rest_route=%2Fwp%2Fv2%2Fproduct_cat&post=2200"},{"taxonomy":"product_tag","embeddable":true,"href":"https:\/\/terangafrika.com\/index.php?rest_route=%2Fwp%2Fv2%2Fproduct_tag&post=2200"}],"curies":[{"name":"wp","href":"https:\/\/api.w.org\/{rel}","templated":true}]}}