{"id":2173,"date":"2025-07-13T14:19:25","date_gmt":"2025-07-13T14:19:25","guid":{"rendered":"https:\/\/terangafrika.com\/product\/maad-pimente-saveur-intense-dafrique-de-louest\/"},"modified":"2025-07-13T14:19:25","modified_gmt":"2025-07-13T14:19:25","slug":"maad-pimente-saveur-intense-dafrique-de-louest","status":"publish","type":"product","link":"https:\/\/terangafrika.com\/?product=maad-pimente-saveur-intense-dafrique-de-louest","title":{"rendered":"Maad Pim\u00e9nt\u00e9 &#8211; Saveur intense d&rsquo;Afrique de l&rsquo;Ouest"},"content":{"rendered":"<p data-start=\"249\" data-end=\"595\">Le <strong data-start=\"249\" data-end=\"265\">Maad Pim\u00e9nt\u00e9<\/strong> est une pr\u00e9paration traditionnelle d&rsquo;Afrique de l&rsquo;Ouest faite \u00e0 partir du fruit du <strong data-start=\"347\" data-end=\"355\">Maad<\/strong> (nom local wolof du fruit <em data-start=\"392\" data-end=\"411\">Saba senegalensis<\/em>), associ\u00e9 \u00e0 du <strong data-start=\"428\" data-end=\"440\">poivre<\/strong> ou \u00e0 d&rsquo;autres condiments \u00e9pic\u00e9s. Ce m\u00e9lange offre une explosion de saveurs entre l&rsquo;<strong data-start=\"521\" data-end=\"547\">acide, le sucr\u00e9 et le piquant<\/strong>, tr\u00e8s appr\u00e9ci\u00e9e pour sa fra\u00eecheur et son intensit\u00e9. <\/p>\n<p data-start=\"597\" data-end=\"965\">Le <strong data-start=\"600\" data-end=\"608\">maad<\/strong> est un fruit sauvage largement consomm\u00e9 dans des pays comme le S\u00e9n\u00e9gal, la Gambie et le Mali. Avec une chair jaune ou orange, il a un go\u00fbt naturellement acide qui est parfaitement \u00e9quilibr\u00e9 avec du <strong data-start=\"785\" data-end=\"828\">sel, du sucre, du piment ou du poivre noir.<\/strong> Le r\u00e9sultat : un d\u00e9lice aigre-doux et \u00e9pic\u00e9, id\u00e9al pour l&rsquo;<strong data-start=\"888\" data-end=\"935\">ap\u00e9ritif, le go\u00fbter ou la collation rafra\u00eechissante<\/strong> pendant la saison chaude.  <\/p>\n<hr data-start=\"967\" data-end=\"970\">\n<h3 data-start=\"972\" data-end=\"996\"><strong data-start=\"976\" data-end=\"996\">Caract\u00e9ristiques :<\/strong><\/h3>\n<ul data-start=\"998\" data-end=\"1263\">\n<li data-start=\"998\" data-end=\"1061\">\n<p data-start=\"1000\" data-end=\"1061\"><strong data-start=\"1000\" data-end=\"1026\">Ingr\u00e9dient principal :<\/strong> fruit du Maad<em data-start=\"1039\" data-end=\"1058\">(Saba senegalensis)<\/em><\/p>\n<\/li>\n<li data-start=\"1062\" data-end=\"1099\">\n<p data-start=\"1064\" data-end=\"1099\"><strong data-start=\"1064\" data-end=\"1074\">Go\u00fbt :<\/strong> aigre, doux et \u00e9pic\u00e9<\/p>\n<\/li>\n<li data-start=\"1100\" data-end=\"1171\">\n<p data-start=\"1102\" data-end=\"1171\"><strong data-start=\"1102\" data-end=\"1118\">Pr\u00e9paration :<\/strong> pulpe de fruits m\u00e9lang\u00e9e \u00e0 du sel, du sucre et du poivre.<\/p>\n<\/li>\n<li data-start=\"1172\" data-end=\"1223\">\n<p data-start=\"1174\" data-end=\"1223\"><strong data-start=\"1174\" data-end=\"1182\">Utilisation :<\/strong> ap\u00e9ritif, en-cas, en-cas rafra\u00eechissant<\/p>\n<\/li>\n<li data-start=\"1224\" data-end=\"1263\">\n<p data-start=\"1226\" data-end=\"1263\"><strong data-start=\"1226\" data-end=\"1241\">Populaire en :<\/strong> S\u00e9n\u00e9gal, Gambie, Mali<\/p>\n<\/li>\n<\/ul>\n","protected":false},"excerpt":{"rendered":"<p>Le Maad Pim\u00e9nt\u00e9 est une pr\u00e9paration traditionnelle d&rsquo;Afrique de l&rsquo;Ouest faite \u00e0 partir du fruit du Maad (nom local wolof du fruit Saba senegalensis), associ\u00e9 \u00e0 du poivre ou \u00e0 d&rsquo;autres condiments \u00e9pic\u00e9s. Ce m\u00e9lange offre une explosion de saveurs entre l&rsquo;acide, le sucr\u00e9 et le piquant, tr\u00e8s appr\u00e9ci\u00e9e pour sa fra\u00eecheur et son intensit\u00e9. [&hellip;]<\/p>\n","protected":false},"featured_media":1467,"template":"","meta":[],"product_brand":[],"product_cat":[119,134],"product_tag":[],"class_list":{"0":"post-2173","1":"product","2":"type-product","3":"status-publish","4":"has-post-thumbnail","6":"product_cat-aliments-naturels","7":"product_cat-miel-et-confitures-naturelles","9":"first","10":"instock","11":"purchasable","12":"product-type-simple"},"_links":{"self":[{"href":"https:\/\/terangafrika.com\/index.php?rest_route=\/wp\/v2\/product\/2173","targetHints":{"allow":["GET"]}}],"collection":[{"href":"https:\/\/terangafrika.com\/index.php?rest_route=\/wp\/v2\/product"}],"about":[{"href":"https:\/\/terangafrika.com\/index.php?rest_route=\/wp\/v2\/types\/product"}],"wp:featuredmedia":[{"embeddable":true,"href":"https:\/\/terangafrika.com\/index.php?rest_route=\/wp\/v2\/media\/1467"}],"wp:attachment":[{"href":"https:\/\/terangafrika.com\/index.php?rest_route=%2Fwp%2Fv2%2Fmedia&parent=2173"}],"wp:term":[{"taxonomy":"product_brand","embeddable":true,"href":"https:\/\/terangafrika.com\/index.php?rest_route=%2Fwp%2Fv2%2Fproduct_brand&post=2173"},{"taxonomy":"product_cat","embeddable":true,"href":"https:\/\/terangafrika.com\/index.php?rest_route=%2Fwp%2Fv2%2Fproduct_cat&post=2173"},{"taxonomy":"product_tag","embeddable":true,"href":"https:\/\/terangafrika.com\/index.php?rest_route=%2Fwp%2Fv2%2Fproduct_tag&post=2173"}],"curies":[{"name":"wp","href":"https:\/\/api.w.org\/{rel}","templated":true}]}}