{"id":2172,"date":"2025-07-13T17:27:41","date_gmt":"2025-07-13T17:27:41","guid":{"rendered":"https:\/\/terangafrika.com\/product\/baies-de-roses-du-senegal-100-naturelles-non-traitees\/"},"modified":"2025-07-13T17:27:41","modified_gmt":"2025-07-13T17:27:41","slug":"baies-de-roses-du-senegal-100-naturelles-non-traitees","status":"publish","type":"product","link":"https:\/\/terangafrika.com\/?product=baies-de-roses-du-senegal-100-naturelles-non-traitees","title":{"rendered":"Baies de roses du S\u00e9n\u00e9gal &#8211; 100% naturelles &#8211; non trait\u00e9es"},"content":{"rendered":"<p data-start=\"240\" data-end=\"482\">Originaires du S\u00e9n\u00e9gal, les <strong data-start=\"268\" data-end=\"310\">baies roses (Schinus terebinthifolius<\/strong> ) sont une \u00e9pice exotique et aromatique, appr\u00e9ci\u00e9e \u00e0 la fois pour son go\u00fbt doux et l\u00e9g\u00e8rement sucr\u00e9 et pour sa couleur \u00e9clatante, qui rehausse visuellement et gustativement tous les plats.<\/p>\n<p data-start=\"484\" data-end=\"623\">\ud83c\udf3a <strong data-start=\"487\" data-end=\"498\">Origine :<\/strong> S\u00e9n\u00e9gal<br data-start=\"506\" data-end=\"509\">\ud83c\udf3f <strong data-start=\"512\" data-end=\"537\">Produit 100% naturel<\/strong><br data-start=\"537\" data-end=\"540\">\ud83d\udeab <strong data-start=\"543\" data-end=\"586\">Sans traitement chimique ni conservateur<\/strong><br data-start=\"586\" data-end=\"589\">\ud83c\udf7d\ufe0f <strong data-start=\"593\" data-end=\"623\">Usage culinaire et d\u00e9coratif<\/strong><\/p>\n<p data-start=\"625\" data-end=\"939\">Ces baies n&rsquo;ont subi aucun traitement chimique : elles sont r\u00e9colt\u00e9es, s\u00e9ch\u00e9es au soleil et conditionn\u00e9es avec le plus grand soin pour pr\u00e9server tous leurs ar\u00f4mes naturels. Leur saveur rappelle celle du poivre, mais avec une touche fruit\u00e9e et moins piquante, id\u00e9ale pour les poissons, les viandes blanches, les salades, les fromages ou les desserts gourmands. <\/p>\n<p data-start=\"941\" data-end=\"1015\">Ils sont \u00e9galement utilis\u00e9s dans les infusions et comme touche finale dans les plats de haute cuisine.<\/p>\n","protected":false},"excerpt":{"rendered":"<p>Originaires du S\u00e9n\u00e9gal, les baies roses (Schinus terebinthifolius ) sont une \u00e9pice exotique et aromatique, appr\u00e9ci\u00e9e \u00e0 la fois pour son go\u00fbt doux et l\u00e9g\u00e8rement sucr\u00e9 et pour sa couleur \u00e9clatante, qui rehausse visuellement et gustativement tous les plats. \ud83c\udf3a Origine : S\u00e9n\u00e9gal\ud83c\udf3f Produit 100% naturel\ud83d\udeab Sans traitement chimique ni conservateur\ud83c\udf7d\ufe0f Usage culinaire et d\u00e9coratif [&hellip;]<\/p>\n","protected":false},"featured_media":1477,"template":"","meta":[],"product_brand":[],"product_cat":[119,120],"product_tag":[],"class_list":{"0":"post-2172","1":"product","2":"type-product","3":"status-publish","4":"has-post-thumbnail","6":"product_cat-aliments-naturels","7":"product_cat-sauces-et-condiments","9":"first","10":"instock","11":"purchasable","12":"product-type-simple"},"_links":{"self":[{"href":"https:\/\/terangafrika.com\/index.php?rest_route=\/wp\/v2\/product\/2172","targetHints":{"allow":["GET"]}}],"collection":[{"href":"https:\/\/terangafrika.com\/index.php?rest_route=\/wp\/v2\/product"}],"about":[{"href":"https:\/\/terangafrika.com\/index.php?rest_route=\/wp\/v2\/types\/product"}],"wp:featuredmedia":[{"embeddable":true,"href":"https:\/\/terangafrika.com\/index.php?rest_route=\/wp\/v2\/media\/1477"}],"wp:attachment":[{"href":"https:\/\/terangafrika.com\/index.php?rest_route=%2Fwp%2Fv2%2Fmedia&parent=2172"}],"wp:term":[{"taxonomy":"product_brand","embeddable":true,"href":"https:\/\/terangafrika.com\/index.php?rest_route=%2Fwp%2Fv2%2Fproduct_brand&post=2172"},{"taxonomy":"product_cat","embeddable":true,"href":"https:\/\/terangafrika.com\/index.php?rest_route=%2Fwp%2Fv2%2Fproduct_cat&post=2172"},{"taxonomy":"product_tag","embeddable":true,"href":"https:\/\/terangafrika.com\/index.php?rest_route=%2Fwp%2Fv2%2Fproduct_tag&post=2172"}],"curies":[{"name":"wp","href":"https:\/\/api.w.org\/{rel}","templated":true}]}}