{"id":2170,"date":"2025-07-13T17:35:25","date_gmt":"2025-07-13T17:35:25","guid":{"rendered":"https:\/\/terangafrika.com\/product\/marmelade-de-jujube-sidem-100-naturelle\/"},"modified":"2025-07-13T17:35:25","modified_gmt":"2025-07-13T17:35:25","slug":"marmelade-de-jujube-sidem-100-naturelle","status":"publish","type":"product","link":"https:\/\/terangafrika.com\/?product=marmelade-de-jujube-sidem-100-naturelle","title":{"rendered":"Marmelade de jujube (Sidem) &#8211; 100% naturelle"},"content":{"rendered":"<p data-start=\"206\" data-end=\"456\">Savourez le go\u00fbt authentique de la tradition avec notre <strong data-start=\"263\" data-end=\"299\">confiture de jujube<\/strong>, fabriqu\u00e9e \u00e0 la main \u00e0 partir du fruit du jujubier<em data-start=\"363\" data-end=\"380\">(Ziziphus jujuba<\/em>), connu dans de nombreuses cultures pour ses propri\u00e9t\u00e9s nutritionnelles et m\u00e9dicinales.<\/p>\n<p data-start=\"458\" data-end=\"663\">\ud83c\udf6f <strong data-start=\"461\" data-end=\"472\">Origine :<\/strong> Sidem, S\u00e9n\u00e9gal<br data-start=\"487\" data-end=\"490\">\ud83c\udf3f <strong data-start=\"493\" data-end=\"510\">Ingr\u00e9dients :<\/strong> Jujubes, sucre, citron (sans additifs artificiels)<br data-start=\"563\" data-end=\"566\">\u2705 <strong data-start=\"568\" data-end=\"612\">Produit 100% naturel sans conservateurs<\/strong><br data-start=\"612\" data-end=\"615\">\ud83c\udf47 <strong data-start=\"618\" data-end=\"663\">Go\u00fbt doux, fruit\u00e9, l\u00e9g\u00e8rement acide.<\/strong><\/p>\n<p data-start=\"665\" data-end=\"922\">Cette confiture allie la douceur naturelle des jujubes \u00e0 un soup\u00e7on d&rsquo;agrumes. Elle est id\u00e9ale pour accompagner le pain, les toasts, le yaourt, le fromage ou m\u00eame pour garnir des p\u00e2tisseries. Riche en antioxydants et en vitamine C, c&rsquo;est aussi une d\u00e9licieuse fa\u00e7on de prendre soin de votre sant\u00e9. <\/p>\n","protected":false},"excerpt":{"rendered":"<p>Savourez le go\u00fbt authentique de la tradition avec notre confiture de jujube, fabriqu\u00e9e \u00e0 la main \u00e0 partir du fruit du jujubier(Ziziphus jujuba), connu dans de nombreuses cultures pour ses propri\u00e9t\u00e9s nutritionnelles et m\u00e9dicinales. \ud83c\udf6f Origine : Sidem, S\u00e9n\u00e9gal\ud83c\udf3f Ingr\u00e9dients : Jujubes, sucre, citron (sans additifs artificiels)\u2705 Produit 100% naturel sans conservateurs\ud83c\udf47 Go\u00fbt doux, fruit\u00e9, [&hellip;]<\/p>\n","protected":false},"featured_media":1479,"template":"","meta":[],"product_brand":[],"product_cat":[119,134],"product_tag":[],"class_list":{"0":"post-2170","1":"product","2":"type-product","3":"status-publish","4":"has-post-thumbnail","6":"product_cat-aliments-naturels","7":"product_cat-miel-et-confitures-naturelles","9":"first","10":"instock","11":"purchasable","12":"product-type-simple"},"_links":{"self":[{"href":"https:\/\/terangafrika.com\/index.php?rest_route=\/wp\/v2\/product\/2170","targetHints":{"allow":["GET"]}}],"collection":[{"href":"https:\/\/terangafrika.com\/index.php?rest_route=\/wp\/v2\/product"}],"about":[{"href":"https:\/\/terangafrika.com\/index.php?rest_route=\/wp\/v2\/types\/product"}],"wp:featuredmedia":[{"embeddable":true,"href":"https:\/\/terangafrika.com\/index.php?rest_route=\/wp\/v2\/media\/1479"}],"wp:attachment":[{"href":"https:\/\/terangafrika.com\/index.php?rest_route=%2Fwp%2Fv2%2Fmedia&parent=2170"}],"wp:term":[{"taxonomy":"product_brand","embeddable":true,"href":"https:\/\/terangafrika.com\/index.php?rest_route=%2Fwp%2Fv2%2Fproduct_brand&post=2170"},{"taxonomy":"product_cat","embeddable":true,"href":"https:\/\/terangafrika.com\/index.php?rest_route=%2Fwp%2Fv2%2Fproduct_cat&post=2170"},{"taxonomy":"product_tag","embeddable":true,"href":"https:\/\/terangafrika.com\/index.php?rest_route=%2Fwp%2Fv2%2Fproduct_tag&post=2170"}],"curies":[{"name":"wp","href":"https:\/\/api.w.org\/{rel}","templated":true}]}}