{"id":2169,"date":"2025-07-13T23:00:25","date_gmt":"2025-07-13T23:00:25","guid":{"rendered":"https:\/\/terangafrika.com\/product\/miel-toutes-les-fleurs-de-la-foret-dacacia\/"},"modified":"2025-07-21T21:24:37","modified_gmt":"2025-07-21T21:24:37","slug":"miel-toutes-les-fleurs-de-la-foret-dacacia","status":"publish","type":"product","link":"https:\/\/terangafrika.com\/?product=miel-toutes-les-fleurs-de-la-foret-dacacia","title":{"rendered":"Miel Toutes les fleurs de la for\u00eat d&rsquo;Acacia"},"content":{"rendered":"<p data-start=\"200\" data-end=\"216\"><strong data-start=\"200\" data-end=\"216\">Description :<\/strong><\/p>\n<p data-start=\"218\" data-end=\"553\">Le <em data-start=\"221\" data-end=\"260\">miel de fleurs de for\u00eat All Acacia<\/em> est un produit pur et naturel, r\u00e9colt\u00e9 \u00e0 partir du nectar de multiples fleurs sauvages, en particulier de l&rsquo;acacia, dans des for\u00eats soigneusement pr\u00e9serv\u00e9es. Sa saveur douce et florale, sa couleur claire et sa texture liquide en font un miel exquis et de grande qualit\u00e9. <\/p>\n<p data-start=\"555\" data-end=\"587\"><strong data-start=\"555\" data-end=\"587\">Caract\u00e9ristiques principales :<\/strong><\/p>\n<ul data-start=\"589\" data-end=\"988\">\n<li data-start=\"589\" data-end=\"691\">\n<p data-start=\"591\" data-end=\"691\">\ud83c\udf3c <strong data-start=\"594\" data-end=\"621\">Origine florale multiple :<\/strong> Elle provient de diverses fleurs sauvages avec une pr\u00e9dominance de l&rsquo;acacia.<\/p>\n<\/li>\n<li data-start=\"692\" data-end=\"780\">\n<p data-start=\"694\" data-end=\"780\">\ud83c\udf33 <strong data-start=\"697\" data-end=\"734\">R\u00e9colt\u00e9s dans des for\u00eats naturelles :<\/strong> zones exemptes de pollution et de pesticides.<\/p>\n<\/li>\n<li data-start=\"781\" data-end=\"873\">\n<p data-start=\"783\" data-end=\"873\">\ud83c\udf6f <strong data-start=\"786\" data-end=\"813\">Saveur douce et d\u00e9licate :<\/strong> Id\u00e9al pour sucrer les tisanes, les yaourts ou seul.<\/p>\n<\/li>\n<li data-start=\"874\" data-end=\"950\">\n<p data-start=\"876\" data-end=\"950\">\u2728 <strong data-start=\"878\" data-end=\"906\">Couleur claire et lumineuse :<\/strong> Une caract\u00e9ristique du miel d&rsquo;acacia.<\/p>\n<\/li>\n<li data-start=\"951\" data-end=\"988\">\n<p data-start=\"953\" data-end=\"988\">\ud83c\udf31 <strong data-start=\"956\" data-end=\"988\">100% naturel et sans additifs.<\/strong><\/p>\n<\/li>\n<\/ul>\n<p data-start=\"990\" data-end=\"1019\"><strong data-start=\"990\" data-end=\"1019\">Propri\u00e9t\u00e9s b\u00e9n\u00e9fiques :<\/strong><\/p>\n<ul data-start=\"1021\" data-end=\"1202\">\n<li data-start=\"1021\" data-end=\"1067\">\n<p data-start=\"1023\" data-end=\"1067\">Riche en antioxydants et en enzymes naturelles.<\/p>\n<\/li>\n<li data-start=\"1068\" data-end=\"1136\">\n<p data-start=\"1070\" data-end=\"1136\">Aide \u00e0 soulager la gorge et \u00e0 renforcer le syst\u00e8me immunitaire.<\/p>\n<\/li>\n<li data-start=\"1137\" data-end=\"1202\">\n<p data-start=\"1139\" data-end=\"1202\">Facile \u00e0 dig\u00e9rer, id\u00e9al m\u00eame pour les enfants de plus d&rsquo;un an.<\/p>\n<\/li>\n<\/ul>\n","protected":false},"excerpt":{"rendered":"<p>Description : Le miel de fleurs de for\u00eat All Acacia est un produit pur et naturel, r\u00e9colt\u00e9 \u00e0 partir du nectar de multiples fleurs sauvages, en particulier de l&rsquo;acacia, dans des for\u00eats soigneusement pr\u00e9serv\u00e9es. Sa saveur douce et florale, sa couleur claire et sa texture liquide en font un miel exquis et de grande qualit\u00e9. [&hellip;]<\/p>\n","protected":false},"featured_media":1499,"template":"","meta":[],"product_brand":[],"product_cat":[119,134],"product_tag":[],"class_list":{"0":"post-2169","1":"product","2":"type-product","3":"status-publish","4":"has-post-thumbnail","6":"product_cat-aliments-naturels","7":"product_cat-miel-et-confitures-naturelles","9":"first","10":"instock","11":"purchasable","12":"product-type-simple"},"_links":{"self":[{"href":"https:\/\/terangafrika.com\/index.php?rest_route=\/wp\/v2\/product\/2169","targetHints":{"allow":["GET"]}}],"collection":[{"href":"https:\/\/terangafrika.com\/index.php?rest_route=\/wp\/v2\/product"}],"about":[{"href":"https:\/\/terangafrika.com\/index.php?rest_route=\/wp\/v2\/types\/product"}],"wp:featuredmedia":[{"embeddable":true,"href":"https:\/\/terangafrika.com\/index.php?rest_route=\/wp\/v2\/media\/1499"}],"wp:attachment":[{"href":"https:\/\/terangafrika.com\/index.php?rest_route=%2Fwp%2Fv2%2Fmedia&parent=2169"}],"wp:term":[{"taxonomy":"product_brand","embeddable":true,"href":"https:\/\/terangafrika.com\/index.php?rest_route=%2Fwp%2Fv2%2Fproduct_brand&post=2169"},{"taxonomy":"product_cat","embeddable":true,"href":"https:\/\/terangafrika.com\/index.php?rest_route=%2Fwp%2Fv2%2Fproduct_cat&post=2169"},{"taxonomy":"product_tag","embeddable":true,"href":"https:\/\/terangafrika.com\/index.php?rest_route=%2Fwp%2Fv2%2Fproduct_tag&post=2169"}],"curies":[{"name":"wp","href":"https:\/\/api.w.org\/{rel}","templated":true}]}}