{"id":2165,"date":"2025-07-21T09:42:24","date_gmt":"2025-07-21T09:42:24","guid":{"rendered":"https:\/\/terangafrika.com\/product\/infusions-speciales-a-base-de-plantes-medicinales\/"},"modified":"2025-07-21T09:42:24","modified_gmt":"2025-07-21T09:42:24","slug":"infusions-speciales-a-base-de-plantes-medicinales","status":"publish","type":"product","link":"https:\/\/terangafrika.com\/?product=infusions-speciales-a-base-de-plantes-medicinales","title":{"rendered":"Infusions sp\u00e9ciales \u00e0 base de plantes m\u00e9dicinales"},"content":{"rendered":"<p><strong>D\u00e9couvrez notre s\u00e9lection de tisanes m\u00e9dicinales, soigneusement pr\u00e9par\u00e9es pour favoriser votre bien-\u00eatre et vous offrir des moments de d\u00e9tente. Chacune de ces infusions associe des ingr\u00e9dients naturels aux propri\u00e9t\u00e9s b\u00e9n\u00e9fiques pour la sant\u00e9. Voici leurs principales caract\u00e9ristiques :  <\/strong><\/p>\n<p><em><strong>Tamarin blanc :<\/strong><\/em><br \/>\nUne infusion rafra\u00eechissante et douce, connue pour ses propri\u00e9t\u00e9s digestives et sa capacit\u00e9 \u00e0 apaiser les maux d&rsquo;estomac.<\/p>\n<p><em><strong>Laydour (basilic africain) :<\/strong><\/em><br \/>\nHerbe aromatique qui aide \u00e0 soulager le stress et \u00e0 favoriser la relaxation, parfaite pour les moments de calme et de tranquillit\u00e9.<\/p>\n<p><em><strong>Caf\u00e9 Touba :<\/strong><\/em><br \/>\nUne vari\u00e9t\u00e9 de caf\u00e9 avec une pointe d&rsquo;\u00e9pices qui, en plus d&rsquo;\u00eatre stimulante, aiderait \u00e0 am\u00e9liorer la concentration et l&rsquo;\u00e9nergie.<\/p>\n<p><em><strong>Guanaba :<\/strong><\/em><br \/>\nInfusion aux propri\u00e9t\u00e9s expectorantes, id\u00e9ale pour soulager les sympt\u00f4mes des rhumes et des probl\u00e8mes respiratoires.<\/p>\n<p><em><strong>Eucalyptus :<\/strong><\/em><br \/>\nR\u00e9put\u00e9e pour ses effets d\u00e9congestionnants, cette infusion est excellente pour d\u00e9congestionner et am\u00e9liorer la respiration.<\/p>\n<p><em><strong>Feuilles de gombo :<\/strong><\/em><br \/>\nTraditionnellement utilis\u00e9es pour r\u00e9guler le transit intestinal, elles ont \u00e9galement des propri\u00e9t\u00e9s nutritionnelles et antioxydantes.<\/p>\n<p><em><strong>Yucca :<\/strong><\/em><br \/>\nInfusion \u00e0 base de yucca, qui fournit de l&rsquo;\u00e9nergie et aide \u00e0 renforcer le syst\u00e8me immunitaire.<\/p>\n<p><em><strong>Goyaba :<\/strong><\/em><br \/>\nConnu pour ses propri\u00e9t\u00e9s antioxydantes et sa capacit\u00e9 \u00e0 am\u00e9liorer la digestion et la sant\u00e9 en g\u00e9n\u00e9ral.<\/p>\n<p><em><strong>Nep Nep :<\/strong><\/em><br \/>\nUne infusion \u00e9nergisante qui aide \u00e0 revitaliser le corps et \u00e0 am\u00e9liorer l&rsquo;humeur.<\/p>\n","protected":false},"excerpt":{"rendered":"<p>D\u00e9couvrez notre s\u00e9lection de tisanes m\u00e9dicinales, soigneusement pr\u00e9par\u00e9es pour favoriser votre bien-\u00eatre et vous offrir des moments de d\u00e9tente. Chacune de ces infusions associe des ingr\u00e9dients naturels aux propri\u00e9t\u00e9s b\u00e9n\u00e9fiques pour la sant\u00e9. Voici leurs principales caract\u00e9ristiques : Tamarin blanc : Une infusion rafra\u00eechissante et douce, connue pour ses propri\u00e9t\u00e9s digestives et sa capacit\u00e9 \u00e0 [&hellip;]<\/p>\n","protected":false},"featured_media":1625,"template":"","meta":[],"product_brand":[],"product_cat":[119,143],"product_tag":[],"class_list":{"0":"post-2165","1":"product","2":"type-product","3":"status-publish","4":"has-post-thumbnail","6":"product_cat-aliments-naturels","7":"product_cat-tisanes-a-base-de-plantes-et-tisanes-medicinales","9":"first","10":"instock","11":"taxable","12":"shipping-taxable","13":"purchasable","14":"product-type-variable"},"_links":{"self":[{"href":"https:\/\/terangafrika.com\/index.php?rest_route=\/wp\/v2\/product\/2165","targetHints":{"allow":["GET"]}}],"collection":[{"href":"https:\/\/terangafrika.com\/index.php?rest_route=\/wp\/v2\/product"}],"about":[{"href":"https:\/\/terangafrika.com\/index.php?rest_route=\/wp\/v2\/types\/product"}],"wp:featuredmedia":[{"embeddable":true,"href":"https:\/\/terangafrika.com\/index.php?rest_route=\/wp\/v2\/media\/1625"}],"wp:attachment":[{"href":"https:\/\/terangafrika.com\/index.php?rest_route=%2Fwp%2Fv2%2Fmedia&parent=2165"}],"wp:term":[{"taxonomy":"product_brand","embeddable":true,"href":"https:\/\/terangafrika.com\/index.php?rest_route=%2Fwp%2Fv2%2Fproduct_brand&post=2165"},{"taxonomy":"product_cat","embeddable":true,"href":"https:\/\/terangafrika.com\/index.php?rest_route=%2Fwp%2Fv2%2Fproduct_cat&post=2165"},{"taxonomy":"product_tag","embeddable":true,"href":"https:\/\/terangafrika.com\/index.php?rest_route=%2Fwp%2Fv2%2Fproduct_tag&post=2165"}],"curies":[{"name":"wp","href":"https:\/\/api.w.org\/{rel}","templated":true}]}}