{"id":2058,"date":"2025-07-10T21:09:02","date_gmt":"2025-07-10T21:09:02","guid":{"rendered":"https:\/\/terangafrika.com\/product\/savon-artisanal-artemisia-annua\/"},"modified":"2025-07-10T21:09:02","modified_gmt":"2025-07-10T21:09:02","slug":"savon-artisanal-artemisia-annua","status":"publish","type":"product","link":"https:\/\/terangafrika.com\/?product=savon-artisanal-artemisia-annua","title":{"rendered":"Savon artisanal Artemisia annua"},"content":{"rendered":"<p data-start=\"220\" data-end=\"278\"><strong data-start=\"220\" data-end=\"278\">Nettoyage purifiant et protection naturelle de votre peau<\/strong><\/p>\n<p data-start=\"280\" data-end=\"508\">Fabriqu\u00e9 \u00e0 la main avec des ingr\u00e9dients 100 % naturels, notre <strong data-start=\"338\" data-end=\"366\">savon Artemisia annua<\/strong> associe les propri\u00e9t\u00e9s purifiantes de cette plante m\u00e9dicinale \u00e0 la richesse hydratante du <strong data-start=\"462\" data-end=\"483\">beurre de karit\u00e9<\/strong> et de l&rsquo;<strong data-start=\"489\" data-end=\"507\">huile de coco<\/strong>.<\/p>\n<p data-start=\"510\" data-end=\"764\">Surnomm\u00e9e <em data-start=\"524\" data-end=\"547\">\u00ab\u00a0la plante miracle\u00a0\u00bb, l&rsquo;<\/em>artemisia est appr\u00e9ci\u00e9e pour ses effets <strong data-start=\"590\" data-end=\"644\">antibact\u00e9riens, anti-inflammatoires et antioxydants<\/strong>, ce qui en fait un savon id\u00e9al pour les peaux mixtes, grasses ou sujettes aux imperfections, sans les ass\u00e9cher ni les irriter.<\/p>\n<p data-start=\"766\" data-end=\"793\"><strong data-start=\"766\" data-end=\"793\">Principaux avantages :<\/strong><\/p>\n<ul data-start=\"794\" data-end=\"1028\">\n<li data-start=\"794\" data-end=\"863\">\n<p data-start=\"796\" data-end=\"863\">Nettoie en profondeur tout en respectant l&rsquo;\u00e9quilibre naturel de la peau.<\/p>\n<\/li>\n<li data-start=\"864\" data-end=\"917\">\n<p data-start=\"866\" data-end=\"917\">Aide \u00e0 apaiser les irritations, les rougeurs et les impuret\u00e9s.<\/p>\n<\/li>\n<li data-start=\"918\" data-end=\"984\">\n<p data-start=\"920\" data-end=\"984\">Il apporte hydratation et douceur gr\u00e2ce \u00e0 ses huiles v\u00e9g\u00e9tales.<\/p>\n<\/li>\n<li data-start=\"985\" data-end=\"1028\">\n<p data-start=\"987\" data-end=\"1028\">Id\u00e9al pour une utilisation quotidienne sur le visage et le corps.<\/p>\n<\/li>\n<\/ul>\n<p data-start=\"1030\" data-end=\"1104\">\ud83c\udf3f <strong data-start=\"1033\" data-end=\"1104\">Naturel | V\u00e9g\u00e9talien | Sans produits chimiques agressifs | Convient aux peaux sensibles<\/strong><\/p>\n<p data-start=\"1106\" data-end=\"1234\"><strong data-start=\"1106\" data-end=\"1234\">D\u00e9couvrez le pouvoir purifiant du savon artisanal Artemisia annua et transformez votre routine quotidienne en soin conscient.<\/strong><\/p>\n","protected":false},"excerpt":{"rendered":"<p>Nettoyage purifiant et protection naturelle de votre peau Fabriqu\u00e9 \u00e0 la main avec des ingr\u00e9dients 100 % naturels, notre savon Artemisia annua associe les propri\u00e9t\u00e9s purifiantes de cette plante m\u00e9dicinale \u00e0 la richesse hydratante du beurre de karit\u00e9 et de l&rsquo;huile de coco. Surnomm\u00e9e \u00ab\u00a0la plante miracle\u00a0\u00bb, l&rsquo;artemisia est appr\u00e9ci\u00e9e pour ses effets antibact\u00e9riens, anti-inflammatoires [&hellip;]<\/p>\n","protected":false},"featured_media":1365,"template":"","meta":[],"product_brand":[],"product_cat":[144,145],"product_tag":[],"class_list":{"0":"post-2058","1":"product","2":"type-product","3":"status-publish","4":"has-post-thumbnail","6":"product_cat-artisanat-traditionnel-et-local","7":"product_cat-savons-faits-a-la-main","9":"first","10":"instock","11":"taxable","12":"shipping-taxable","13":"purchasable","14":"product-type-simple"},"_links":{"self":[{"href":"https:\/\/terangafrika.com\/index.php?rest_route=\/wp\/v2\/product\/2058","targetHints":{"allow":["GET"]}}],"collection":[{"href":"https:\/\/terangafrika.com\/index.php?rest_route=\/wp\/v2\/product"}],"about":[{"href":"https:\/\/terangafrika.com\/index.php?rest_route=\/wp\/v2\/types\/product"}],"wp:featuredmedia":[{"embeddable":true,"href":"https:\/\/terangafrika.com\/index.php?rest_route=\/wp\/v2\/media\/1365"}],"wp:attachment":[{"href":"https:\/\/terangafrika.com\/index.php?rest_route=%2Fwp%2Fv2%2Fmedia&parent=2058"}],"wp:term":[{"taxonomy":"product_brand","embeddable":true,"href":"https:\/\/terangafrika.com\/index.php?rest_route=%2Fwp%2Fv2%2Fproduct_brand&post=2058"},{"taxonomy":"product_cat","embeddable":true,"href":"https:\/\/terangafrika.com\/index.php?rest_route=%2Fwp%2Fv2%2Fproduct_cat&post=2058"},{"taxonomy":"product_tag","embeddable":true,"href":"https:\/\/terangafrika.com\/index.php?rest_route=%2Fwp%2Fv2%2Fproduct_tag&post=2058"}],"curies":[{"name":"wp","href":"https:\/\/api.w.org\/{rel}","templated":true}]}}