{"id":2054,"date":"2025-07-10T21:19:41","date_gmt":"2025-07-10T21:19:41","guid":{"rendered":"https:\/\/terangafrika.com\/product\/pains-de-savon-a-la-carotte-et-au-curcuma\/"},"modified":"2025-07-10T21:19:41","modified_gmt":"2025-07-10T21:19:41","slug":"pains-de-savon-a-la-carotte-et-au-curcuma","status":"publish","type":"product","link":"https:\/\/terangafrika.com\/?product=pains-de-savon-a-la-carotte-et-au-curcuma","title":{"rendered":"Pains de savon \u00e0 la carotte et au curcuma"},"content":{"rendered":"<p data-start=\"581\" data-end=\"629\"><strong data-start=\"581\" data-end=\"629\">Nourrir naturellement votre peau et lui donner de l&rsquo;\u00e9clat<\/strong><\/p>\n<p data-start=\"631\" data-end=\"941\">Notre savon artisanal associe les propri\u00e9t\u00e9s r\u00e9g\u00e9n\u00e9rantes et antioxydantes de la <strong data-start=\"715\" data-end=\"728\">carotte<\/strong> au pouvoir anti-inflammatoire et purifiant du <strong data-start=\"779\" data-end=\"790\">curcuma<\/strong>. Cette formule naturelle nettoie en douceur tout en aidant \u00e0 revitaliser et \u00e0 \u00e9quilibrer la peau, lui donnant un \u00e9clat sain et une texture plus uniforme. <\/p>\n<p data-start=\"943\" data-end=\"1156\">Enrichi en <strong data-start=\"959\" data-end=\"980\">beurre de karit\u00e9<\/strong> et en <strong data-start=\"983\" data-end=\"1001\">huile de coco<\/strong>, ce savon hydrate en profondeur et prot\u00e8ge la peau contre le vieillissement pr\u00e9matur\u00e9 et les irritations. Id\u00e9al pour les peaux normales, mixtes et sensibles. <\/p>\n<p data-start=\"1158\" data-end=\"1185\"><strong data-start=\"1158\" data-end=\"1185\">Principaux avantages :<\/strong><\/p>\n<ul data-start=\"1186\" data-end=\"1394\">\n<li data-start=\"1186\" data-end=\"1236\">\n<p data-start=\"1188\" data-end=\"1236\">Nettoyage en douceur qui nourrit et revitalise la peau.<\/p>\n<\/li>\n<li data-start=\"1237\" data-end=\"1287\">\n<p data-start=\"1239\" data-end=\"1287\">Propri\u00e9t\u00e9s antioxydantes et anti-inflammatoires.<\/p>\n<\/li>\n<li data-start=\"1288\" data-end=\"1339\">\n<p data-start=\"1290\" data-end=\"1339\">Apporte de l&rsquo;\u00e9clat et am\u00e9liore la texture de la peau.<\/p>\n<\/li>\n<li data-start=\"1340\" data-end=\"1394\">\n<p data-start=\"1342\" data-end=\"1394\">Hydrate en profondeur pour une sensation de douceur et de souplesse.<\/p>\n<\/li>\n<\/ul>\n<p data-start=\"1396\" data-end=\"1467\">\ud83c\udf3f <strong data-start=\"1399\" data-end=\"1467\">100% naturel | Vegan | Fait \u00e0 la main | Sans parab\u00e8ne ni sulfate<\/strong><\/p>\n","protected":false},"excerpt":{"rendered":"<p>Nourrir naturellement votre peau et lui donner de l&rsquo;\u00e9clat Notre savon artisanal associe les propri\u00e9t\u00e9s r\u00e9g\u00e9n\u00e9rantes et antioxydantes de la carotte au pouvoir anti-inflammatoire et purifiant du curcuma. Cette formule naturelle nettoie en douceur tout en aidant \u00e0 revitaliser et \u00e0 \u00e9quilibrer la peau, lui donnant un \u00e9clat sain et une texture plus uniforme. Enrichi [&hellip;]<\/p>\n","protected":false},"featured_media":1371,"template":"","meta":[],"product_brand":[],"product_cat":[144,145],"product_tag":[],"class_list":{"0":"post-2054","1":"product","2":"type-product","3":"status-publish","4":"has-post-thumbnail","6":"product_cat-artisanat-traditionnel-et-local","7":"product_cat-savons-faits-a-la-main","9":"first","10":"instock","11":"taxable","12":"shipping-taxable","13":"purchasable","14":"product-type-simple"},"_links":{"self":[{"href":"https:\/\/terangafrika.com\/index.php?rest_route=\/wp\/v2\/product\/2054","targetHints":{"allow":["GET"]}}],"collection":[{"href":"https:\/\/terangafrika.com\/index.php?rest_route=\/wp\/v2\/product"}],"about":[{"href":"https:\/\/terangafrika.com\/index.php?rest_route=\/wp\/v2\/types\/product"}],"wp:featuredmedia":[{"embeddable":true,"href":"https:\/\/terangafrika.com\/index.php?rest_route=\/wp\/v2\/media\/1371"}],"wp:attachment":[{"href":"https:\/\/terangafrika.com\/index.php?rest_route=%2Fwp%2Fv2%2Fmedia&parent=2054"}],"wp:term":[{"taxonomy":"product_brand","embeddable":true,"href":"https:\/\/terangafrika.com\/index.php?rest_route=%2Fwp%2Fv2%2Fproduct_brand&post=2054"},{"taxonomy":"product_cat","embeddable":true,"href":"https:\/\/terangafrika.com\/index.php?rest_route=%2Fwp%2Fv2%2Fproduct_cat&post=2054"},{"taxonomy":"product_tag","embeddable":true,"href":"https:\/\/terangafrika.com\/index.php?rest_route=%2Fwp%2Fv2%2Fproduct_tag&post=2054"}],"curies":[{"name":"wp","href":"https:\/\/api.w.org\/{rel}","templated":true}]}}