{"id":2053,"date":"2025-07-10T21:28:38","date_gmt":"2025-07-10T21:28:38","guid":{"rendered":"https:\/\/terangafrika.com\/product\/savon-en-barre-a-lhibiscus\/"},"modified":"2025-07-10T21:28:38","modified_gmt":"2025-07-10T21:28:38","slug":"savon-en-barre-a-lhibiscus","status":"publish","type":"product","link":"https:\/\/terangafrika.com\/?product=savon-en-barre-a-lhibiscus","title":{"rendered":"Savon en barre \u00e0 l&rsquo;hibiscus"},"content":{"rendered":"<p data-start=\"129\" data-end=\"178\"><strong data-start=\"129\" data-end=\"178\">Revitalisation et soins naturels pour votre peau<\/strong><\/p>\n<p data-start=\"180\" data-end=\"507\">D\u00e9couvrez notre s\u00e9lection de savons naturels, fabriqu\u00e9s \u00e0 la main pour mettre en valeur tous les types de peau et tous les teints, m\u00eame les plus d\u00e9licats.<br data-start=\"309\" data-end=\"312\">Riche en beurre de karit\u00e9, en huile de noix de coco et autres ingr\u00e9dients nourrissants enti\u00e8rement naturels, nos savons en pain doux garderont votre peau propre, hydrat\u00e9e et profond\u00e9ment hydrat\u00e9e.<\/p>\n<p data-start=\"509\" data-end=\"774\">Le <strong data-start=\"512\" data-end=\"532\">savon \u00e0 l&rsquo;hibiscus<\/strong> est r\u00e9put\u00e9 pour ses propri\u00e9t\u00e9s antioxydantes et exfoliantes douces, qui aident \u00e0 renouveler la peau, \u00e0 am\u00e9liorer sa texture et \u00e0 lui donner un \u00e9clat sain. Id\u00e9al pour ceux qui recherchent un nettoyage en douceur qui laisse la peau fra\u00eeche, douce et revitalis\u00e9e. <\/p>\n<p data-start=\"776\" data-end=\"803\"><strong data-start=\"776\" data-end=\"803\">Principaux avantages :<\/strong><\/p>\n<ul data-start=\"804\" data-end=\"983\">\n<li data-start=\"804\" data-end=\"853\">\n<p data-start=\"806\" data-end=\"853\">Nettoyage en douceur avec effet exfoliant naturel.<\/p>\n<\/li>\n<li data-start=\"854\" data-end=\"905\">\n<p data-start=\"856\" data-end=\"905\">Propri\u00e9t\u00e9s antioxydantes qui prot\u00e8gent la peau.<\/p>\n<\/li>\n<li data-start=\"906\" data-end=\"942\">\n<p data-start=\"908\" data-end=\"942\">Hydrate et adoucit en profondeur.<\/p>\n<\/li>\n<li data-start=\"943\" data-end=\"983\">\n<p data-start=\"945\" data-end=\"983\">Convient aux peaux sensibles et normales.<\/p>\n<\/li>\n<\/ul>\n<p data-start=\"985\" data-end=\"1053\">\ud83c\udf3f <strong data-start=\"988\" data-end=\"1053\">100% naturel | Vegan | Fait \u00e0 la main | Sans produits chimiques agressifs<\/strong><\/p>\n<p data-start=\"1055\" data-end=\"1166\">D\u00e9couvrez le pouvoir r\u00e9novateur et doux du <strong data-start=\"1101\" data-end=\"1130\">savon en barre \u00e0 l&rsquo;hibiscus<\/strong> pour une peau radieuse et saine.<\/p>\n","protected":false},"excerpt":{"rendered":"<p>Revitalisation et soins naturels pour votre peau D\u00e9couvrez notre s\u00e9lection de savons naturels, fabriqu\u00e9s \u00e0 la main pour mettre en valeur tous les types de peau et tous les teints, m\u00eame les plus d\u00e9licats.Riche en beurre de karit\u00e9, en huile de noix de coco et autres ingr\u00e9dients nourrissants enti\u00e8rement naturels, nos savons en pain doux [&hellip;]<\/p>\n","protected":false},"featured_media":1381,"template":"","meta":[],"product_brand":[],"product_cat":[144,145],"product_tag":[],"class_list":{"0":"post-2053","1":"product","2":"type-product","3":"status-publish","4":"has-post-thumbnail","6":"product_cat-artisanat-traditionnel-et-local","7":"product_cat-savons-faits-a-la-main","9":"first","10":"instock","11":"taxable","12":"shipping-taxable","13":"purchasable","14":"product-type-simple"},"_links":{"self":[{"href":"https:\/\/terangafrika.com\/index.php?rest_route=\/wp\/v2\/product\/2053","targetHints":{"allow":["GET"]}}],"collection":[{"href":"https:\/\/terangafrika.com\/index.php?rest_route=\/wp\/v2\/product"}],"about":[{"href":"https:\/\/terangafrika.com\/index.php?rest_route=\/wp\/v2\/types\/product"}],"wp:featuredmedia":[{"embeddable":true,"href":"https:\/\/terangafrika.com\/index.php?rest_route=\/wp\/v2\/media\/1381"}],"wp:attachment":[{"href":"https:\/\/terangafrika.com\/index.php?rest_route=%2Fwp%2Fv2%2Fmedia&parent=2053"}],"wp:term":[{"taxonomy":"product_brand","embeddable":true,"href":"https:\/\/terangafrika.com\/index.php?rest_route=%2Fwp%2Fv2%2Fproduct_brand&post=2053"},{"taxonomy":"product_cat","embeddable":true,"href":"https:\/\/terangafrika.com\/index.php?rest_route=%2Fwp%2Fv2%2Fproduct_cat&post=2053"},{"taxonomy":"product_tag","embeddable":true,"href":"https:\/\/terangafrika.com\/index.php?rest_route=%2Fwp%2Fv2%2Fproduct_tag&post=2053"}],"curies":[{"name":"wp","href":"https:\/\/api.w.org\/{rel}","templated":true}]}}