{"id":2047,"date":"2025-07-10T21:33:09","date_gmt":"2025-07-10T21:33:09","guid":{"rendered":"https:\/\/terangafrika.com\/product\/barre-de-savon-au-margousier\/"},"modified":"2025-07-10T21:33:09","modified_gmt":"2025-07-10T21:33:09","slug":"barre-de-savon-au-margousier","status":"publish","type":"product","link":"https:\/\/terangafrika.com\/?product=barre-de-savon-au-margousier","title":{"rendered":"Barre de savon au margousier"},"content":{"rendered":"<p data-start=\"116\" data-end=\"176\"><strong data-start=\"116\" data-end=\"176\">Purification et soins naturels pour une peau \u00e9quilibr\u00e9e<\/strong><\/p>\n<p data-start=\"178\" data-end=\"507\">D\u00e9couvrez notre s\u00e9lection de savons naturels, fabriqu\u00e9s \u00e0 la main pour prendre soin de tous les types de peau et de tous les teints, m\u00eame les plus d\u00e9licats.<br data-start=\"306\" data-end=\"309\">Riche en beurre de karit\u00e9, en huile de noix de coco et en autres ingr\u00e9dients nourrissants enti\u00e8rement naturels, nos savons en pain doux garderont votre peau propre, hydrat\u00e9e et profond\u00e9ment hydrat\u00e9e.<\/p>\n<p data-start=\"509\" data-end=\"795\">Le <strong data-start=\"512\" data-end=\"529\">savon au margousier<\/strong> est r\u00e9put\u00e9 pour ses propri\u00e9t\u00e9s purifiantes, antibact\u00e9riennes et anti-inflammatoires, qui aident \u00e0 nettoyer la peau en profondeur, \u00e0 pr\u00e9venir les imperfections et \u00e0 maintenir un teint sain et \u00e9quilibr\u00e9. Id\u00e9al pour les peaux mixtes, grasses et sujettes aux imperfections. <\/p>\n<p data-start=\"797\" data-end=\"824\"><strong data-start=\"797\" data-end=\"824\">Principaux avantages :<\/strong><\/p>\n<ul data-start=\"825\" data-end=\"1002\">\n<li data-start=\"825\" data-end=\"861\">\n<p data-start=\"827\" data-end=\"861\">Nettoie et purifie en profondeur.<\/p>\n<\/li>\n<li data-start=\"862\" data-end=\"914\">\n<p data-start=\"864\" data-end=\"914\">Propri\u00e9t\u00e9s antibact\u00e9riennes et anti-inflammatoires.<\/p>\n<\/li>\n<li data-start=\"915\" data-end=\"945\">\n<p data-start=\"917\" data-end=\"945\">Hydrate et prot\u00e8ge la peau.<\/p>\n<\/li>\n<li data-start=\"946\" data-end=\"1002\">\n<p data-start=\"948\" data-end=\"1002\">Id\u00e9al pour les peaux mixtes, grasses et \u00e0 imperfections.<\/p>\n<\/li>\n<\/ul>\n<p data-start=\"1004\" data-end=\"1072\">\ud83c\udf3f <strong data-start=\"1007\" data-end=\"1072\">100% naturel | Vegan | Fait \u00e0 la main | Sans produits chimiques agressifs<\/strong><\/p>\n<p data-start=\"1074\" data-end=\"1190\">D\u00e9couvrez le pouvoir purifiant et protecteur du <strong data-start=\"1120\" data-end=\"1146\">savon en barre au neem<\/strong> pour une peau propre, fra\u00eeche et \u00e9quilibr\u00e9e.<\/p>\n","protected":false},"excerpt":{"rendered":"<p>Purification et soins naturels pour une peau \u00e9quilibr\u00e9e D\u00e9couvrez notre s\u00e9lection de savons naturels, fabriqu\u00e9s \u00e0 la main pour prendre soin de tous les types de peau et de tous les teints, m\u00eame les plus d\u00e9licats.Riche en beurre de karit\u00e9, en huile de noix de coco et en autres ingr\u00e9dients nourrissants enti\u00e8rement naturels, nos savons [&hellip;]<\/p>\n","protected":false},"featured_media":1387,"template":"","meta":[],"product_brand":[],"product_cat":[144,145],"product_tag":[],"class_list":{"0":"post-2047","1":"product","2":"type-product","3":"status-publish","4":"has-post-thumbnail","6":"product_cat-artisanat-traditionnel-et-local","7":"product_cat-savons-faits-a-la-main","9":"first","10":"instock","11":"taxable","12":"shipping-taxable","13":"purchasable","14":"product-type-simple"},"_links":{"self":[{"href":"https:\/\/terangafrika.com\/index.php?rest_route=\/wp\/v2\/product\/2047","targetHints":{"allow":["GET"]}}],"collection":[{"href":"https:\/\/terangafrika.com\/index.php?rest_route=\/wp\/v2\/product"}],"about":[{"href":"https:\/\/terangafrika.com\/index.php?rest_route=\/wp\/v2\/types\/product"}],"wp:featuredmedia":[{"embeddable":true,"href":"https:\/\/terangafrika.com\/index.php?rest_route=\/wp\/v2\/media\/1387"}],"wp:attachment":[{"href":"https:\/\/terangafrika.com\/index.php?rest_route=%2Fwp%2Fv2%2Fmedia&parent=2047"}],"wp:term":[{"taxonomy":"product_brand","embeddable":true,"href":"https:\/\/terangafrika.com\/index.php?rest_route=%2Fwp%2Fv2%2Fproduct_brand&post=2047"},{"taxonomy":"product_cat","embeddable":true,"href":"https:\/\/terangafrika.com\/index.php?rest_route=%2Fwp%2Fv2%2Fproduct_cat&post=2047"},{"taxonomy":"product_tag","embeddable":true,"href":"https:\/\/terangafrika.com\/index.php?rest_route=%2Fwp%2Fv2%2Fproduct_tag&post=2047"}],"curies":[{"name":"wp","href":"https:\/\/api.w.org\/{rel}","templated":true}]}}