{"id":2038,"date":"2025-07-10T22:02:00","date_gmt":"2025-07-10T22:02:00","guid":{"rendered":"https:\/\/terangafrika.com\/product\/confiture-artisanale-de-corossol-100-naturelle\/"},"modified":"2025-07-10T22:02:00","modified_gmt":"2025-07-10T22:02:00","slug":"confiture-artisanale-de-corossol-100-naturelle","status":"publish","type":"product","link":"https:\/\/terangafrika.com\/?product=confiture-artisanale-de-corossol-100-naturelle","title":{"rendered":"Confiture artisanale de corossol 100% naturelle"},"content":{"rendered":"<p data-start=\"169\" data-end=\"454\">Appr\u00e9ciez la saveur douce et exotique du corossol (corossol) dans cette confiture artisanale, \u00e9labor\u00e9e \u00e0 partir de fruits locaux non trait\u00e9s. Cuite lentement selon des techniques traditionnelles, cette recette pr\u00e9serve tout l&rsquo;ar\u00f4me, la texture cr\u00e9meuse et les propri\u00e9t\u00e9s naturelles de ce fruit tropical. <\/p>\n<p data-start=\"456\" data-end=\"672\">Pr\u00e9sent\u00e9e dans un pot d\u00e9cor\u00e9 d&rsquo;un authentique tissu Wax, cette confiture est une parfaite fusion de douceur, de tradition et d&rsquo;\u00e9l\u00e9gance. Id\u00e9ale pour le petit-d\u00e9jeuner, le go\u00fbter ou comme cadeau gourmand \u00e0 l&rsquo;identit\u00e9 africaine. <\/p>\n<p data-start=\"674\" data-end=\"846\">\ud83d\udfe0 <strong data-start=\"677\" data-end=\"693\">Ingr\u00e9dients<\/strong>: Corossol, sucre de canne, citron<br data-start=\"726\" data-end=\"729\">\ud83d\udfe0 <strong data-start=\"799\" data-end=\"846\">100% naturel &#8211; Sans additif, sans conservateur.<\/strong><\/p>\n","protected":false},"excerpt":{"rendered":"<p>Appr\u00e9ciez la saveur douce et exotique du corossol (corossol) dans cette confiture artisanale, \u00e9labor\u00e9e \u00e0 partir de fruits locaux non trait\u00e9s. Cuite lentement selon des techniques traditionnelles, cette recette pr\u00e9serve tout l&rsquo;ar\u00f4me, la texture cr\u00e9meuse et les propri\u00e9t\u00e9s naturelles de ce fruit tropical. Pr\u00e9sent\u00e9e dans un pot d\u00e9cor\u00e9 d&rsquo;un authentique tissu Wax, cette confiture est [&hellip;]<\/p>\n","protected":false},"featured_media":1399,"template":"","meta":[],"product_brand":[],"product_cat":[119,134],"product_tag":[],"class_list":{"0":"post-2038","1":"product","2":"type-product","3":"status-publish","4":"has-post-thumbnail","6":"product_cat-aliments-naturels","7":"product_cat-miel-et-confitures-naturelles","9":"first","10":"instock","11":"taxable","12":"shipping-taxable","13":"purchasable","14":"product-type-simple"},"_links":{"self":[{"href":"https:\/\/terangafrika.com\/index.php?rest_route=\/wp\/v2\/product\/2038","targetHints":{"allow":["GET"]}}],"collection":[{"href":"https:\/\/terangafrika.com\/index.php?rest_route=\/wp\/v2\/product"}],"about":[{"href":"https:\/\/terangafrika.com\/index.php?rest_route=\/wp\/v2\/types\/product"}],"wp:featuredmedia":[{"embeddable":true,"href":"https:\/\/terangafrika.com\/index.php?rest_route=\/wp\/v2\/media\/1399"}],"wp:attachment":[{"href":"https:\/\/terangafrika.com\/index.php?rest_route=%2Fwp%2Fv2%2Fmedia&parent=2038"}],"wp:term":[{"taxonomy":"product_brand","embeddable":true,"href":"https:\/\/terangafrika.com\/index.php?rest_route=%2Fwp%2Fv2%2Fproduct_brand&post=2038"},{"taxonomy":"product_cat","embeddable":true,"href":"https:\/\/terangafrika.com\/index.php?rest_route=%2Fwp%2Fv2%2Fproduct_cat&post=2038"},{"taxonomy":"product_tag","embeddable":true,"href":"https:\/\/terangafrika.com\/index.php?rest_route=%2Fwp%2Fv2%2Fproduct_tag&post=2038"}],"curies":[{"name":"wp","href":"https:\/\/api.w.org\/{rel}","templated":true}]}}