{"id":2037,"date":"2025-07-10T21:57:21","date_gmt":"2025-07-10T21:57:21","guid":{"rendered":"https:\/\/terangafrika.com\/product\/confiture-artisanale-de-bissap-blanc-100-naturelle\/"},"modified":"2025-07-10T21:57:21","modified_gmt":"2025-07-10T21:57:21","slug":"confiture-artisanale-de-bissap-blanc-100-naturelle","status":"publish","type":"product","link":"https:\/\/terangafrika.com\/?product=confiture-artisanale-de-bissap-blanc-100-naturelle","title":{"rendered":"Confiture artisanale de bissap blanc 100% naturelle"},"content":{"rendered":"<p data-start=\"165\" data-end=\"437\">D\u00e9couvrez la saveur d\u00e9licate du bissap blanc (hibiscus blanc) dans cette confiture artisanale, \u00e9labor\u00e9e \u00e0 partir de fleurs locales non trait\u00e9es. Mijot\u00e9e selon des m\u00e9thodes traditionnelles, cette recette unique pr\u00e9serve toutes les propri\u00e9t\u00e9s naturelles et la fra\u00eecheur florale du bissap. <\/p>\n<p data-start=\"439\" data-end=\"642\">Pr\u00e9sent\u00e9e dans un pot d\u00e9cor\u00e9 d&rsquo;un authentique tissu Wax, cette confiture est une combinaison parfaite de saveur, de tradition et d&rsquo;\u00e9l\u00e9gance. Id\u00e9ale pour tartiner, accompagner les desserts ou offrir un petit morceau d&rsquo;Afrique. <\/p>\n<p data-start=\"644\" data-end=\"820\">\ud83d\udfe0 <strong data-start=\"647\" data-end=\"663\">Ingr\u00e9dients<\/strong>: Bissap blanc, sucre de canne, citron<br data-start=\"700\" data-end=\"703\">\ud83d\udfe0 <strong data-start=\"773\" data-end=\"820\">100% naturel &#8211; Sans additif ni conservateur<\/strong>.<\/p>\n","protected":false},"excerpt":{"rendered":"<p>D\u00e9couvrez la saveur d\u00e9licate du bissap blanc (hibiscus blanc) dans cette confiture artisanale, \u00e9labor\u00e9e \u00e0 partir de fleurs locales non trait\u00e9es. Mijot\u00e9e selon des m\u00e9thodes traditionnelles, cette recette unique pr\u00e9serve toutes les propri\u00e9t\u00e9s naturelles et la fra\u00eecheur florale du bissap. Pr\u00e9sent\u00e9e dans un pot d\u00e9cor\u00e9 d&rsquo;un authentique tissu Wax, cette confiture est une combinaison parfaite [&hellip;]<\/p>\n","protected":false},"featured_media":1395,"template":"","meta":[],"product_brand":[],"product_cat":[119,134],"product_tag":[],"class_list":{"0":"post-2037","1":"product","2":"type-product","3":"status-publish","4":"has-post-thumbnail","6":"product_cat-aliments-naturels","7":"product_cat-miel-et-confitures-naturelles","9":"first","10":"instock","11":"taxable","12":"shipping-taxable","13":"purchasable","14":"product-type-simple"},"_links":{"self":[{"href":"https:\/\/terangafrika.com\/index.php?rest_route=\/wp\/v2\/product\/2037","targetHints":{"allow":["GET"]}}],"collection":[{"href":"https:\/\/terangafrika.com\/index.php?rest_route=\/wp\/v2\/product"}],"about":[{"href":"https:\/\/terangafrika.com\/index.php?rest_route=\/wp\/v2\/types\/product"}],"wp:featuredmedia":[{"embeddable":true,"href":"https:\/\/terangafrika.com\/index.php?rest_route=\/wp\/v2\/media\/1395"}],"wp:attachment":[{"href":"https:\/\/terangafrika.com\/index.php?rest_route=%2Fwp%2Fv2%2Fmedia&parent=2037"}],"wp:term":[{"taxonomy":"product_brand","embeddable":true,"href":"https:\/\/terangafrika.com\/index.php?rest_route=%2Fwp%2Fv2%2Fproduct_brand&post=2037"},{"taxonomy":"product_cat","embeddable":true,"href":"https:\/\/terangafrika.com\/index.php?rest_route=%2Fwp%2Fv2%2Fproduct_cat&post=2037"},{"taxonomy":"product_tag","embeddable":true,"href":"https:\/\/terangafrika.com\/index.php?rest_route=%2Fwp%2Fv2%2Fproduct_tag&post=2037"}],"curies":[{"name":"wp","href":"https:\/\/api.w.org\/{rel}","templated":true}]}}