{"id":2034,"date":"2025-07-10T22:04:11","date_gmt":"2025-07-10T22:04:11","guid":{"rendered":"https:\/\/terangafrika.com\/product\/confiture-artisanale-de-ditakh-herbe-medicinale-africaine-100-naturelle\/"},"modified":"2025-07-10T22:04:11","modified_gmt":"2025-07-10T22:04:11","slug":"confiture-artisanale-de-ditakh-herbe-medicinale-africaine-100-naturelle","status":"publish","type":"product","link":"https:\/\/terangafrika.com\/?product=confiture-artisanale-de-ditakh-herbe-medicinale-africaine-100-naturelle","title":{"rendered":"Confiture artisanale de Ditakh (herbe m\u00e9dicinale africaine) 100% naturelle"},"content":{"rendered":"<p data-start=\"165\" data-end=\"467\">D\u00e9couvrez la saveur intense et l\u00e9g\u00e8rement acidul\u00e9e du ditakh (fruit sauvage africain) dans cette confiture artisanale unique. Fabriqu\u00e9e \u00e0 partir de fruits locaux non trait\u00e9s et mijot\u00e9s selon des m\u00e9thodes traditionnelles, cette confiture pr\u00e9serve toutes les propri\u00e9t\u00e9s nutritionnelles et le caract\u00e8re authentique du fruit. <\/p>\n<p data-start=\"469\" data-end=\"696\">Pr\u00e9sent\u00e9 dans un flacon d\u00e9cor\u00e9 d&rsquo;un authentique tissu Wax, c&rsquo;est une exp\u00e9rience sensorielle qui allie tradition, nature et \u00e9l\u00e9gance. Parfait avec du pain grill\u00e9, du yaourt ou comme cadeau d&rsquo;une saveur africaine diff\u00e9rente et originale. <\/p>\n<p data-start=\"698\" data-end=\"868\">\ud83d\udfe0 <strong data-start=\"701\" data-end=\"717\">Ingr\u00e9dients<\/strong>: Ditakh, sucre de canne, citron<br data-start=\"748\" data-end=\"751\">\ud83d\udfe0 <strong data-start=\"821\" data-end=\"868\">100% naturel &#8211; Sans additif ni conservateur<\/strong>.<\/p>\n","protected":false},"excerpt":{"rendered":"<p>D\u00e9couvrez la saveur intense et l\u00e9g\u00e8rement acidul\u00e9e du ditakh (fruit sauvage africain) dans cette confiture artisanale unique. Fabriqu\u00e9e \u00e0 partir de fruits locaux non trait\u00e9s et mijot\u00e9s selon des m\u00e9thodes traditionnelles, cette confiture pr\u00e9serve toutes les propri\u00e9t\u00e9s nutritionnelles et le caract\u00e8re authentique du fruit. Pr\u00e9sent\u00e9 dans un flacon d\u00e9cor\u00e9 d&rsquo;un authentique tissu Wax, c&rsquo;est une [&hellip;]<\/p>\n","protected":false},"featured_media":1401,"template":"","meta":[],"product_brand":[],"product_cat":[119,134],"product_tag":[],"class_list":{"0":"post-2034","1":"product","2":"type-product","3":"status-publish","4":"has-post-thumbnail","6":"product_cat-aliments-naturels","7":"product_cat-miel-et-confitures-naturelles","9":"first","10":"instock","11":"taxable","12":"shipping-taxable","13":"purchasable","14":"product-type-simple"},"_links":{"self":[{"href":"https:\/\/terangafrika.com\/index.php?rest_route=\/wp\/v2\/product\/2034","targetHints":{"allow":["GET"]}}],"collection":[{"href":"https:\/\/terangafrika.com\/index.php?rest_route=\/wp\/v2\/product"}],"about":[{"href":"https:\/\/terangafrika.com\/index.php?rest_route=\/wp\/v2\/types\/product"}],"wp:featuredmedia":[{"embeddable":true,"href":"https:\/\/terangafrika.com\/index.php?rest_route=\/wp\/v2\/media\/1401"}],"wp:attachment":[{"href":"https:\/\/terangafrika.com\/index.php?rest_route=%2Fwp%2Fv2%2Fmedia&parent=2034"}],"wp:term":[{"taxonomy":"product_brand","embeddable":true,"href":"https:\/\/terangafrika.com\/index.php?rest_route=%2Fwp%2Fv2%2Fproduct_brand&post=2034"},{"taxonomy":"product_cat","embeddable":true,"href":"https:\/\/terangafrika.com\/index.php?rest_route=%2Fwp%2Fv2%2Fproduct_cat&post=2034"},{"taxonomy":"product_tag","embeddable":true,"href":"https:\/\/terangafrika.com\/index.php?rest_route=%2Fwp%2Fv2%2Fproduct_tag&post=2034"}],"curies":[{"name":"wp","href":"https:\/\/api.w.org\/{rel}","templated":true}]}}