{"id":2033,"date":"2025-07-10T22:13:51","date_gmt":"2025-07-10T22:13:51","guid":{"rendered":"https:\/\/terangafrika.com\/product\/confiture-artisanale-de-sapotillier-100-naturelle\/"},"modified":"2025-07-10T22:13:51","modified_gmt":"2025-07-10T22:13:51","slug":"confiture-artisanale-de-sapotillier-100-naturelle","status":"publish","type":"product","link":"https:\/\/terangafrika.com\/?product=confiture-artisanale-de-sapotillier-100-naturelle","title":{"rendered":"Confiture artisanale de sapotillier 100% naturelle"},"content":{"rendered":"<p data-start=\"188\" data-end=\"471\">D\u00e9couvrez la saveur douce, caram\u00e9lis\u00e9e et l\u00e9g\u00e8rement \u00e9pic\u00e9e de la sapotille dans cette confiture artisanale, \u00e9labor\u00e9e \u00e0 partir de fruits locaux non trait\u00e9s. Cuite lentement selon des m\u00e9thodes traditionnelles, cette recette pr\u00e9serve toute la douceur naturelle et les ar\u00f4mes uniques de ce fruit tropical. <\/p>\n<p data-start=\"473\" data-end=\"691\">Pr\u00e9sent\u00e9e dans un pot d\u00e9cor\u00e9 d&rsquo;un authentique tissu Wax, cette confiture est l&rsquo;expression de la saveur, de la tradition et de l&rsquo;\u00e9l\u00e9gance. Elle est id\u00e9ale pour accompagner pains, g\u00e2teaux, yaourts ou comme cadeau gourmand plein d&rsquo;authenticit\u00e9. <\/p>\n<p data-start=\"693\" data-end=\"866\">\ud83d\udfe0 <strong data-start=\"696\" data-end=\"712\">Ingr\u00e9dients<\/strong>: Sapotilla, sucre de canne, citron<br data-start=\"746\" data-end=\"749\">\ud83d\udfe0 <strong data-start=\"819\" data-end=\"866\">100% naturel &#8211; Sans additif, sans conservateur.<\/strong><\/p>\n","protected":false},"excerpt":{"rendered":"<p>D\u00e9couvrez la saveur douce, caram\u00e9lis\u00e9e et l\u00e9g\u00e8rement \u00e9pic\u00e9e de la sapotille dans cette confiture artisanale, \u00e9labor\u00e9e \u00e0 partir de fruits locaux non trait\u00e9s. Cuite lentement selon des m\u00e9thodes traditionnelles, cette recette pr\u00e9serve toute la douceur naturelle et les ar\u00f4mes uniques de ce fruit tropical. Pr\u00e9sent\u00e9e dans un pot d\u00e9cor\u00e9 d&rsquo;un authentique tissu Wax, cette confiture [&hellip;]<\/p>\n","protected":false},"featured_media":1407,"template":"","meta":[],"product_brand":[],"product_cat":[119,134],"product_tag":[],"class_list":{"0":"post-2033","1":"product","2":"type-product","3":"status-publish","4":"has-post-thumbnail","6":"product_cat-aliments-naturels","7":"product_cat-miel-et-confitures-naturelles","9":"first","10":"instock","11":"taxable","12":"shipping-taxable","13":"purchasable","14":"product-type-simple"},"_links":{"self":[{"href":"https:\/\/terangafrika.com\/index.php?rest_route=\/wp\/v2\/product\/2033","targetHints":{"allow":["GET"]}}],"collection":[{"href":"https:\/\/terangafrika.com\/index.php?rest_route=\/wp\/v2\/product"}],"about":[{"href":"https:\/\/terangafrika.com\/index.php?rest_route=\/wp\/v2\/types\/product"}],"wp:featuredmedia":[{"embeddable":true,"href":"https:\/\/terangafrika.com\/index.php?rest_route=\/wp\/v2\/media\/1407"}],"wp:attachment":[{"href":"https:\/\/terangafrika.com\/index.php?rest_route=%2Fwp%2Fv2%2Fmedia&parent=2033"}],"wp:term":[{"taxonomy":"product_brand","embeddable":true,"href":"https:\/\/terangafrika.com\/index.php?rest_route=%2Fwp%2Fv2%2Fproduct_brand&post=2033"},{"taxonomy":"product_cat","embeddable":true,"href":"https:\/\/terangafrika.com\/index.php?rest_route=%2Fwp%2Fv2%2Fproduct_cat&post=2033"},{"taxonomy":"product_tag","embeddable":true,"href":"https:\/\/terangafrika.com\/index.php?rest_route=%2Fwp%2Fv2%2Fproduct_tag&post=2033"}],"curies":[{"name":"wp","href":"https:\/\/api.w.org\/{rel}","templated":true}]}}