{"id":2030,"date":"2025-07-10T22:09:34","date_gmt":"2025-07-10T22:09:34","guid":{"rendered":"https:\/\/terangafrika.com\/product\/confiture-de-goyave-artisanale-100-naturelle\/"},"modified":"2025-07-10T22:09:34","modified_gmt":"2025-07-10T22:09:34","slug":"confiture-de-goyave-artisanale-100-naturelle","status":"publish","type":"product","link":"https:\/\/terangafrika.com\/?product=confiture-de-goyave-artisanale-100-naturelle","title":{"rendered":"Confiture de goyave artisanale 100% naturelle"},"content":{"rendered":"<p data-start=\"179\" data-end=\"438\">Laissez-vous envelopper par le go\u00fbt sucr\u00e9 et aromatique du goyave dans cette confiture artisanale, \u00e9labor\u00e9e \u00e0 partir de fruits locaux non trait\u00e9s. Cuite lentement selon des m\u00e9thodes traditionnelles, elle conserve toute la fra\u00eecheur, la douceur et la richesse naturelle de ce fruit tropical. <\/p>\n<p data-start=\"440\" data-end=\"653\">Pr\u00e9sent\u00e9e dans un pot d\u00e9cor\u00e9 d&rsquo;un authentique tissu Wax, cette confiture est un d\u00e9lice qui allie saveur, tradition et \u00e9l\u00e9gance. Id\u00e9ale pour tartiner le pain, pour accompagner les desserts ou pour offrir une touche exotique et gourmande. <\/p>\n<p data-start=\"655\" data-end=\"825\">\ud83d\udfe0 <strong data-start=\"658\" data-end=\"674\">Ingr\u00e9dients<\/strong>: Goyave, sucre de canne, citron<br data-start=\"705\" data-end=\"708\">\ud83d\udfe0 <strong data-start=\"778\" data-end=\"825\">100% naturel &#8211; Sans additif ni conservateur<\/strong>.<\/p>\n","protected":false},"excerpt":{"rendered":"<p>Laissez-vous envelopper par le go\u00fbt sucr\u00e9 et aromatique du goyave dans cette confiture artisanale, \u00e9labor\u00e9e \u00e0 partir de fruits locaux non trait\u00e9s. Cuite lentement selon des m\u00e9thodes traditionnelles, elle conserve toute la fra\u00eecheur, la douceur et la richesse naturelle de ce fruit tropical. Pr\u00e9sent\u00e9e dans un pot d\u00e9cor\u00e9 d&rsquo;un authentique tissu Wax, cette confiture est [&hellip;]<\/p>\n","protected":false},"featured_media":1403,"template":"","meta":[],"product_brand":[],"product_cat":[119,134],"product_tag":[],"class_list":{"0":"post-2030","1":"product","2":"type-product","3":"status-publish","4":"has-post-thumbnail","6":"product_cat-aliments-naturels","7":"product_cat-miel-et-confitures-naturelles","9":"first","10":"instock","11":"taxable","12":"shipping-taxable","13":"purchasable","14":"product-type-simple"},"_links":{"self":[{"href":"https:\/\/terangafrika.com\/index.php?rest_route=\/wp\/v2\/product\/2030","targetHints":{"allow":["GET"]}}],"collection":[{"href":"https:\/\/terangafrika.com\/index.php?rest_route=\/wp\/v2\/product"}],"about":[{"href":"https:\/\/terangafrika.com\/index.php?rest_route=\/wp\/v2\/types\/product"}],"wp:featuredmedia":[{"embeddable":true,"href":"https:\/\/terangafrika.com\/index.php?rest_route=\/wp\/v2\/media\/1403"}],"wp:attachment":[{"href":"https:\/\/terangafrika.com\/index.php?rest_route=%2Fwp%2Fv2%2Fmedia&parent=2030"}],"wp:term":[{"taxonomy":"product_brand","embeddable":true,"href":"https:\/\/terangafrika.com\/index.php?rest_route=%2Fwp%2Fv2%2Fproduct_brand&post=2030"},{"taxonomy":"product_cat","embeddable":true,"href":"https:\/\/terangafrika.com\/index.php?rest_route=%2Fwp%2Fv2%2Fproduct_cat&post=2030"},{"taxonomy":"product_tag","embeddable":true,"href":"https:\/\/terangafrika.com\/index.php?rest_route=%2Fwp%2Fv2%2Fproduct_tag&post=2030"}],"curies":[{"name":"wp","href":"https:\/\/api.w.org\/{rel}","templated":true}]}}