{"id":2029,"date":"2025-07-10T22:16:13","date_gmt":"2025-07-10T22:16:13","guid":{"rendered":"https:\/\/terangafrika.com\/product\/confiture-artisanale-de-tomates-vertes-100-naturelle\/"},"modified":"2025-07-10T22:16:13","modified_gmt":"2025-07-10T22:16:13","slug":"confiture-artisanale-de-tomates-vertes-100-naturelle","status":"publish","type":"product","link":"https:\/\/terangafrika.com\/?product=confiture-artisanale-de-tomates-vertes-100-naturelle","title":{"rendered":"Confiture artisanale de tomates vertes 100% naturelle"},"content":{"rendered":"<p data-start=\"176\" data-end=\"443\">D\u00e9couvrez la saveur unique et l\u00e9g\u00e8rement acidul\u00e9e des tomates vertes dans cette confiture artisanale, \u00e9labor\u00e9e \u00e0 partir de fruits locaux non trait\u00e9s. Cuite lentement selon des m\u00e9thodes traditionnelles, cette recette pr\u00e9serve la fra\u00eecheur et le caract\u00e8re distinctif de ce fruit rare. <\/p>\n<p data-start=\"445\" data-end=\"628\">Pr\u00e9sent\u00e9e dans un pot d\u00e9cor\u00e9 d&rsquo;un authentique tissu Wax, cette confiture allie tradition, saveur et \u00e9l\u00e9gance. Id\u00e9ale en tartinade, pour accompagner les fromages ou comme cadeau original et gourmand. <\/p>\n<p data-start=\"630\" data-end=\"808\">\ud83d\udfe0 <strong data-start=\"633\" data-end=\"649\">Ingr\u00e9dients<\/strong>: Tomates vertes, sucre de canne, citron<br data-start=\"688\" data-end=\"691\">\ud83d\udfe0 <strong data-start=\"761\" data-end=\"808\">100% naturel &#8211; Sans additifs, sans conservateurs.<\/strong><\/p>\n","protected":false},"excerpt":{"rendered":"<p>D\u00e9couvrez la saveur unique et l\u00e9g\u00e8rement acidul\u00e9e des tomates vertes dans cette confiture artisanale, \u00e9labor\u00e9e \u00e0 partir de fruits locaux non trait\u00e9s. Cuite lentement selon des m\u00e9thodes traditionnelles, cette recette pr\u00e9serve la fra\u00eecheur et le caract\u00e8re distinctif de ce fruit rare. Pr\u00e9sent\u00e9e dans un pot d\u00e9cor\u00e9 d&rsquo;un authentique tissu Wax, cette confiture allie tradition, saveur [&hellip;]<\/p>\n","protected":false},"featured_media":1409,"template":"","meta":[],"product_brand":[],"product_cat":[119,134],"product_tag":[],"class_list":{"0":"post-2029","1":"product","2":"type-product","3":"status-publish","4":"has-post-thumbnail","6":"product_cat-aliments-naturels","7":"product_cat-miel-et-confitures-naturelles","9":"first","10":"instock","11":"taxable","12":"shipping-taxable","13":"purchasable","14":"product-type-simple"},"_links":{"self":[{"href":"https:\/\/terangafrika.com\/index.php?rest_route=\/wp\/v2\/product\/2029","targetHints":{"allow":["GET"]}}],"collection":[{"href":"https:\/\/terangafrika.com\/index.php?rest_route=\/wp\/v2\/product"}],"about":[{"href":"https:\/\/terangafrika.com\/index.php?rest_route=\/wp\/v2\/types\/product"}],"wp:featuredmedia":[{"embeddable":true,"href":"https:\/\/terangafrika.com\/index.php?rest_route=\/wp\/v2\/media\/1409"}],"wp:attachment":[{"href":"https:\/\/terangafrika.com\/index.php?rest_route=%2Fwp%2Fv2%2Fmedia&parent=2029"}],"wp:term":[{"taxonomy":"product_brand","embeddable":true,"href":"https:\/\/terangafrika.com\/index.php?rest_route=%2Fwp%2Fv2%2Fproduct_brand&post=2029"},{"taxonomy":"product_cat","embeddable":true,"href":"https:\/\/terangafrika.com\/index.php?rest_route=%2Fwp%2Fv2%2Fproduct_cat&post=2029"},{"taxonomy":"product_tag","embeddable":true,"href":"https:\/\/terangafrika.com\/index.php?rest_route=%2Fwp%2Fv2%2Fproduct_tag&post=2029"}],"curies":[{"name":"wp","href":"https:\/\/api.w.org\/{rel}","templated":true}]}}