{"id":2026,"date":"2025-07-10T22:18:19","date_gmt":"2025-07-10T22:18:19","guid":{"rendered":"https:\/\/terangafrika.com\/product\/confiture-artisanale-de-papaye-100-naturelle\/"},"modified":"2025-07-10T22:18:19","modified_gmt":"2025-07-10T22:18:19","slug":"confiture-artisanale-de-papaye-100-naturelle","status":"publish","type":"product","link":"https:\/\/terangafrika.com\/?product=confiture-artisanale-de-papaye-100-naturelle","title":{"rendered":"Confiture artisanale de papaye 100% naturelle"},"content":{"rendered":"<p data-start=\"147\" data-end=\"404\">Savourez la saveur douce et tropicale de la papaye dans cette confiture artisanale, fabriqu\u00e9e \u00e0 partir de fruits locaux non trait\u00e9s. Cuite lentement selon des m\u00e9thodes traditionnelles, cette recette pr\u00e9serve toute la douceur, la fra\u00eecheur et l&rsquo;ar\u00f4me naturel de ce fruit exotique. <\/p>\n<p data-start=\"406\" data-end=\"627\">Pr\u00e9sent\u00e9e dans un pot d\u00e9cor\u00e9 d&rsquo;un authentique tissu Wax, cette confiture est un parfait m\u00e9lange de saveur, de tradition et d&rsquo;\u00e9l\u00e9gance. Id\u00e9ale pour accompagner vos petits d\u00e9jeuners, vos desserts ou comme cadeau d\u00e9licieux et authentique. <\/p>\n<p data-start=\"629\" data-end=\"799\">\ud83d\udfe0 <strong data-start=\"632\" data-end=\"648\">Ingr\u00e9dients<\/strong>: Papaye, sucre de canne, citron<br data-start=\"679\" data-end=\"682\">\ud83d\udfe0 <strong data-start=\"752\" data-end=\"799\">100% naturel &#8211; Sans additifs, sans conservateurs.<\/strong><\/p>\n","protected":false},"excerpt":{"rendered":"<p>Savourez la saveur douce et tropicale de la papaye dans cette confiture artisanale, fabriqu\u00e9e \u00e0 partir de fruits locaux non trait\u00e9s. Cuite lentement selon des m\u00e9thodes traditionnelles, cette recette pr\u00e9serve toute la douceur, la fra\u00eecheur et l&rsquo;ar\u00f4me naturel de ce fruit exotique. Pr\u00e9sent\u00e9e dans un pot d\u00e9cor\u00e9 d&rsquo;un authentique tissu Wax, cette confiture est un [&hellip;]<\/p>\n","protected":false},"featured_media":1411,"template":"","meta":[],"product_brand":[],"product_cat":[119,134],"product_tag":[],"class_list":{"0":"post-2026","1":"product","2":"type-product","3":"status-publish","4":"has-post-thumbnail","6":"product_cat-aliments-naturels","7":"product_cat-miel-et-confitures-naturelles","9":"first","10":"instock","11":"taxable","12":"shipping-taxable","13":"purchasable","14":"product-type-simple"},"_links":{"self":[{"href":"https:\/\/terangafrika.com\/index.php?rest_route=\/wp\/v2\/product\/2026","targetHints":{"allow":["GET"]}}],"collection":[{"href":"https:\/\/terangafrika.com\/index.php?rest_route=\/wp\/v2\/product"}],"about":[{"href":"https:\/\/terangafrika.com\/index.php?rest_route=\/wp\/v2\/types\/product"}],"wp:featuredmedia":[{"embeddable":true,"href":"https:\/\/terangafrika.com\/index.php?rest_route=\/wp\/v2\/media\/1411"}],"wp:attachment":[{"href":"https:\/\/terangafrika.com\/index.php?rest_route=%2Fwp%2Fv2%2Fmedia&parent=2026"}],"wp:term":[{"taxonomy":"product_brand","embeddable":true,"href":"https:\/\/terangafrika.com\/index.php?rest_route=%2Fwp%2Fv2%2Fproduct_brand&post=2026"},{"taxonomy":"product_cat","embeddable":true,"href":"https:\/\/terangafrika.com\/index.php?rest_route=%2Fwp%2Fv2%2Fproduct_cat&post=2026"},{"taxonomy":"product_tag","embeddable":true,"href":"https:\/\/terangafrika.com\/index.php?rest_route=%2Fwp%2Fv2%2Fproduct_tag&post=2026"}],"curies":[{"name":"wp","href":"https:\/\/api.w.org\/{rel}","templated":true}]}}