{"id":2022,"date":"2025-07-10T22:21:14","date_gmt":"2025-07-10T22:21:14","guid":{"rendered":"https:\/\/terangafrika.com\/product\/confiture-artisanale-mangue-pasion-100-naturelle\/"},"modified":"2025-07-10T22:21:14","modified_gmt":"2025-07-10T22:21:14","slug":"confiture-artisanale-mangue-pasion-100-naturelle","status":"publish","type":"product","link":"https:\/\/terangafrika.com\/?product=confiture-artisanale-mangue-pasion-100-naturelle","title":{"rendered":"Confiture artisanale Mangue-Pasion 100% naturelle"},"content":{"rendered":"<p data-start=\"170\" data-end=\"451\">Savourez la combinaison exquise de la mangue et du fruit de la passion dans cette confiture artisanale, fabriqu\u00e9e \u00e0 partir de fruits locaux non trait\u00e9s. Cuite lentement selon des m\u00e9thodes traditionnelles, elle conserve toute la fra\u00eecheur, la douceur et la saveur tropicale de ces deux fruits embl\u00e9matiques. <\/p>\n<p data-start=\"453\" data-end=\"669\">Pr\u00e9sent\u00e9e dans un pot d\u00e9cor\u00e9 d&rsquo;un authentique tissu Wax, cette confiture est un parfait m\u00e9lange de saveur, de tradition et d&rsquo;\u00e9l\u00e9gance. Id\u00e9ale pour le petit-d\u00e9jeuner, les desserts ou comme cadeau gourmand avec une touche d&rsquo;exotisme. <\/p>\n<p data-start=\"671\" data-end=\"860\">\ud83d\udfe0 <strong data-start=\"674\" data-end=\"690\">Ingr\u00e9dients<\/strong>: Mangue, fruit de la passion, sucre de canne, citron<br data-start=\"740\" data-end=\"743\">\ud83d\udfe0 <strong data-start=\"813\" data-end=\"860\">100% naturel &#8211; Sans additif, sans conservateur.<\/strong><\/p>\n","protected":false},"excerpt":{"rendered":"<p>Savourez la combinaison exquise de la mangue et du fruit de la passion dans cette confiture artisanale, fabriqu\u00e9e \u00e0 partir de fruits locaux non trait\u00e9s. Cuite lentement selon des m\u00e9thodes traditionnelles, elle conserve toute la fra\u00eecheur, la douceur et la saveur tropicale de ces deux fruits embl\u00e9matiques. Pr\u00e9sent\u00e9e dans un pot d\u00e9cor\u00e9 d&rsquo;un authentique tissu [&hellip;]<\/p>\n","protected":false},"featured_media":1413,"template":"","meta":[],"product_brand":[],"product_cat":[119,134],"product_tag":[],"class_list":{"0":"post-2022","1":"product","2":"type-product","3":"status-publish","4":"has-post-thumbnail","6":"product_cat-aliments-naturels","7":"product_cat-miel-et-confitures-naturelles","9":"first","10":"instock","11":"purchasable","12":"product-type-simple"},"_links":{"self":[{"href":"https:\/\/terangafrika.com\/index.php?rest_route=\/wp\/v2\/product\/2022","targetHints":{"allow":["GET"]}}],"collection":[{"href":"https:\/\/terangafrika.com\/index.php?rest_route=\/wp\/v2\/product"}],"about":[{"href":"https:\/\/terangafrika.com\/index.php?rest_route=\/wp\/v2\/types\/product"}],"wp:featuredmedia":[{"embeddable":true,"href":"https:\/\/terangafrika.com\/index.php?rest_route=\/wp\/v2\/media\/1413"}],"wp:attachment":[{"href":"https:\/\/terangafrika.com\/index.php?rest_route=%2Fwp%2Fv2%2Fmedia&parent=2022"}],"wp:term":[{"taxonomy":"product_brand","embeddable":true,"href":"https:\/\/terangafrika.com\/index.php?rest_route=%2Fwp%2Fv2%2Fproduct_brand&post=2022"},{"taxonomy":"product_cat","embeddable":true,"href":"https:\/\/terangafrika.com\/index.php?rest_route=%2Fwp%2Fv2%2Fproduct_cat&post=2022"},{"taxonomy":"product_tag","embeddable":true,"href":"https:\/\/terangafrika.com\/index.php?rest_route=%2Fwp%2Fv2%2Fproduct_tag&post=2022"}],"curies":[{"name":"wp","href":"https:\/\/api.w.org\/{rel}","templated":true}]}}