{"id":2018,"date":"2025-07-10T22:35:30","date_gmt":"2025-07-10T22:35:30","guid":{"rendered":"https:\/\/terangafrika.com\/product\/pommes-cayor-neocarya-macrophylla\/"},"modified":"2025-07-10T22:35:30","modified_gmt":"2025-07-10T22:35:30","slug":"pommes-cayor-neocarya-macrophylla","status":"publish","type":"product","link":"https:\/\/terangafrika.com\/?product=pommes-cayor-neocarya-macrophylla","title":{"rendered":"Pommes Cayor (Neocarya macrophylla)"},"content":{"rendered":"<p data-start=\"192\" data-end=\"424\">D\u00e9couvrez les amandes du Pommier de Cayor, scientifiquement connu sous le nom de <em data-start=\"274\" data-end=\"296\">Neocarya macrophylla<\/em>. Ces amandes sont un fruit naturel de la r\u00e9gion, r\u00e9colt\u00e9es \u00e0 la main pour pr\u00e9server leur puret\u00e9 et leur saveur authentique. <\/p>\n<p data-start=\"426\" data-end=\"612\">Riches en nutriments et d&rsquo;une saveur d\u00e9licate, ces amandes sont id\u00e9ales pour la consommation directe, comme ingr\u00e9dient dans des recettes traditionnelles ou pour pr\u00e9parer des produits naturels et sains.<\/p>\n<p data-start=\"614\" data-end=\"748\">Pr\u00e9sent\u00e9s dans un emballage qui met en valeur l&rsquo;identit\u00e9 et la tradition locales, ils sont un produit authentique, sans traitement chimique ni additif.<\/p>\n<p data-start=\"750\" data-end=\"856\">\ud83d\udfe0 O <strong data-start=\"753\" data-end=\"763\">rigine<\/strong>: r\u00e9gion du Cayor<br data-start=\"780\" data-end=\"783\">\ud83d\udfe0 <strong data-start=\"786\" data-end=\"818\">Produit naturel et artisanal<\/strong><br data-start=\"818\" data-end=\"821\">\ud83d\udfe0 <strong data-start=\"824\" data-end=\"856\">Sans conservateur ni additif<\/strong><\/p>\n","protected":false},"excerpt":{"rendered":"<p>D\u00e9couvrez les amandes du Pommier de Cayor, scientifiquement connu sous le nom de Neocarya macrophylla. Ces amandes sont un fruit naturel de la r\u00e9gion, r\u00e9colt\u00e9es \u00e0 la main pour pr\u00e9server leur puret\u00e9 et leur saveur authentique. Riches en nutriments et d&rsquo;une saveur d\u00e9licate, ces amandes sont id\u00e9ales pour la consommation directe, comme ingr\u00e9dient dans des [&hellip;]<\/p>\n","protected":false},"featured_media":1415,"template":"","meta":[],"product_brand":[],"product_cat":[119,136],"product_tag":[],"class_list":{"0":"post-2018","1":"product","2":"type-product","3":"status-publish","4":"has-post-thumbnail","6":"product_cat-aliments-naturels","7":"product_cat-fruits-secs-et-fruits-a-coque","9":"first","10":"instock","11":"purchasable","12":"product-type-simple"},"_links":{"self":[{"href":"https:\/\/terangafrika.com\/index.php?rest_route=\/wp\/v2\/product\/2018","targetHints":{"allow":["GET"]}}],"collection":[{"href":"https:\/\/terangafrika.com\/index.php?rest_route=\/wp\/v2\/product"}],"about":[{"href":"https:\/\/terangafrika.com\/index.php?rest_route=\/wp\/v2\/types\/product"}],"wp:featuredmedia":[{"embeddable":true,"href":"https:\/\/terangafrika.com\/index.php?rest_route=\/wp\/v2\/media\/1415"}],"wp:attachment":[{"href":"https:\/\/terangafrika.com\/index.php?rest_route=%2Fwp%2Fv2%2Fmedia&parent=2018"}],"wp:term":[{"taxonomy":"product_brand","embeddable":true,"href":"https:\/\/terangafrika.com\/index.php?rest_route=%2Fwp%2Fv2%2Fproduct_brand&post=2018"},{"taxonomy":"product_cat","embeddable":true,"href":"https:\/\/terangafrika.com\/index.php?rest_route=%2Fwp%2Fv2%2Fproduct_cat&post=2018"},{"taxonomy":"product_tag","embeddable":true,"href":"https:\/\/terangafrika.com\/index.php?rest_route=%2Fwp%2Fv2%2Fproduct_tag&post=2018"}],"curies":[{"name":"wp","href":"https:\/\/api.w.org\/{rel}","templated":true}]}}