{"id":2017,"date":"2025-07-10T22:51:16","date_gmt":"2025-07-10T22:51:16","guid":{"rendered":"https:\/\/terangafrika.com\/product\/beurre-de-noix-de-cajou-naturel-et-biologique\/"},"modified":"2025-07-10T22:51:16","modified_gmt":"2025-07-10T22:51:16","slug":"beurre-de-noix-de-cajou-naturel-et-biologique","status":"publish","type":"product","link":"https:\/\/terangafrika.com\/?product=beurre-de-noix-de-cajou-naturel-et-biologique","title":{"rendered":"Beurre de noix de cajou naturel et biologique"},"content":{"rendered":"<p data-start=\"189\" data-end=\"458\">Savourez un authentique beurre de noix de cajou, fabriqu\u00e9 \u00e0 partir d&rsquo;arachides 100 % biologiques et naturelles, sans additifs ni conservateurs. Sa texture cr\u00e9meuse et sa saveur pure font de ce produit une option saine et d\u00e9licieuse pour votre petit-d\u00e9jeuner, vos en-cas ou vos recettes pr\u00e9f\u00e9r\u00e9es. <\/p>\n<p data-start=\"460\" data-end=\"668\">Fabriqu\u00e9 \u00e0 la main, il conserve toutes les propri\u00e9t\u00e9s nutritionnelles des arachides, notamment les prot\u00e9ines, les graisses saines et les fibres. Id\u00e9al pour ceux qui recherchent un produit naturel, \u00e9cologique et plein d&rsquo;\u00e9nergie. <\/p>\n<p data-start=\"670\" data-end=\"828\">\ud83d\udfe0 <strong data-start=\"673\" data-end=\"689\">Ingr\u00e9dients<\/strong>: 100% d&rsquo;arachides biologiques<br data-start=\"716\" data-end=\"719\">\ud83d\udfe0 <strong data-start=\"722\" data-end=\"785\">Produit naturel et biologique &#8211; Sans additif ni conservateur<\/strong><br data-start=\"785\" data-end=\"788\">\ud83d\udfe0 <strong data-start=\"791\" data-end=\"828\">Texture cr\u00e9meuse et go\u00fbt authentique<\/strong><\/p>\n","protected":false},"excerpt":{"rendered":"<p>Savourez un authentique beurre de noix de cajou, fabriqu\u00e9 \u00e0 partir d&rsquo;arachides 100 % biologiques et naturelles, sans additifs ni conservateurs. Sa texture cr\u00e9meuse et sa saveur pure font de ce produit une option saine et d\u00e9licieuse pour votre petit-d\u00e9jeuner, vos en-cas ou vos recettes pr\u00e9f\u00e9r\u00e9es. Fabriqu\u00e9 \u00e0 la main, il conserve toutes les propri\u00e9t\u00e9s [&hellip;]<\/p>\n","protected":false},"featured_media":1421,"template":"","meta":[],"product_brand":[],"product_cat":[119,136],"product_tag":[],"class_list":{"0":"post-2017","1":"product","2":"type-product","3":"status-publish","4":"has-post-thumbnail","6":"product_cat-aliments-naturels","7":"product_cat-fruits-secs-et-fruits-a-coque","9":"first","10":"instock","11":"purchasable","12":"product-type-simple"},"_links":{"self":[{"href":"https:\/\/terangafrika.com\/index.php?rest_route=\/wp\/v2\/product\/2017","targetHints":{"allow":["GET"]}}],"collection":[{"href":"https:\/\/terangafrika.com\/index.php?rest_route=\/wp\/v2\/product"}],"about":[{"href":"https:\/\/terangafrika.com\/index.php?rest_route=\/wp\/v2\/types\/product"}],"wp:featuredmedia":[{"embeddable":true,"href":"https:\/\/terangafrika.com\/index.php?rest_route=\/wp\/v2\/media\/1421"}],"wp:attachment":[{"href":"https:\/\/terangafrika.com\/index.php?rest_route=%2Fwp%2Fv2%2Fmedia&parent=2017"}],"wp:term":[{"taxonomy":"product_brand","embeddable":true,"href":"https:\/\/terangafrika.com\/index.php?rest_route=%2Fwp%2Fv2%2Fproduct_brand&post=2017"},{"taxonomy":"product_cat","embeddable":true,"href":"https:\/\/terangafrika.com\/index.php?rest_route=%2Fwp%2Fv2%2Fproduct_cat&post=2017"},{"taxonomy":"product_tag","embeddable":true,"href":"https:\/\/terangafrika.com\/index.php?rest_route=%2Fwp%2Fv2%2Fproduct_tag&post=2017"}],"curies":[{"name":"wp","href":"https:\/\/api.w.org\/{rel}","templated":true}]}}