{"id":2014,"date":"2025-07-10T23:04:09","date_gmt":"2025-07-10T23:04:09","guid":{"rendered":"https:\/\/terangafrika.com\/product\/jus-de-fruit-de-baobab-bouye-naturel\/"},"modified":"2025-07-10T23:04:09","modified_gmt":"2025-07-10T23:04:09","slug":"jus-de-fruit-de-baobab-bouye-naturel","status":"publish","type":"product","link":"https:\/\/terangafrika.com\/?product=jus-de-fruit-de-baobab-bouye-naturel","title":{"rendered":"Jus de fruit de baobab (Bouye) Naturel"},"content":{"rendered":"<p data-start=\"179\" data-end=\"456\">D\u00e9couvrez le go\u00fbt rafra\u00eechissant et l\u00e9g\u00e8rement acidul\u00e9 du fruit du baobab dans ce jus naturel, fabriqu\u00e9 \u00e0 la main avec de la pulpe fra\u00eeche et sans additifs. Le baobab, appel\u00e9 \u00ab\u00a0arbre de vie\u00a0\u00bb, offre une boisson riche en vitamine C, en calcium, en fibres et en antioxydants naturels. <\/p>\n<p data-start=\"458\" data-end=\"583\">Ce jus ne se contente pas d&rsquo;hydrater, il apporte \u00e9galement de l&rsquo;\u00e9nergie et du bien-\u00eatre de mani\u00e8re saine, ce qui le rend id\u00e9al pour toute la famille.<\/p>\n<p data-start=\"585\" data-end=\"787\">\ud83d\udfe0 <strong data-start=\"588\" data-end=\"604\">Ingr\u00e9dients<\/strong>: Pulpe de baobab, eau, sucre de canne (en quantit\u00e9 \u00e9quilibr\u00e9e)<br data-start=\"669\" data-end=\"672\">\ud83d\udfe0 <strong data-start=\"675\" data-end=\"724\">100% naturel &#8211; Sans colorant ni conservateur<\/strong><br data-start=\"724\" data-end=\"727\">\ud83d\udfe0 <strong data-start=\"730\" data-end=\"787\">Parfait \u00e0 boire froid et \u00e0 d\u00e9guster \u00e0 tout moment.<\/strong><\/p>\n","protected":false},"excerpt":{"rendered":"<p>D\u00e9couvrez le go\u00fbt rafra\u00eechissant et l\u00e9g\u00e8rement acidul\u00e9 du fruit du baobab dans ce jus naturel, fabriqu\u00e9 \u00e0 la main avec de la pulpe fra\u00eeche et sans additifs. Le baobab, appel\u00e9 \u00ab\u00a0arbre de vie\u00a0\u00bb, offre une boisson riche en vitamine C, en calcium, en fibres et en antioxydants naturels. Ce jus ne se contente pas d&rsquo;hydrater, [&hellip;]<\/p>\n","protected":false},"featured_media":1427,"template":"","meta":[],"product_brand":[],"product_cat":[119,151],"product_tag":[],"class_list":{"0":"post-2014","1":"product","2":"type-product","3":"status-publish","4":"has-post-thumbnail","6":"product_cat-aliments-naturels","7":"product_cat-jus-naturels","9":"first","10":"instock","11":"taxable","12":"shipping-taxable","13":"purchasable","14":"product-type-simple"},"_links":{"self":[{"href":"https:\/\/terangafrika.com\/index.php?rest_route=\/wp\/v2\/product\/2014","targetHints":{"allow":["GET"]}}],"collection":[{"href":"https:\/\/terangafrika.com\/index.php?rest_route=\/wp\/v2\/product"}],"about":[{"href":"https:\/\/terangafrika.com\/index.php?rest_route=\/wp\/v2\/types\/product"}],"wp:featuredmedia":[{"embeddable":true,"href":"https:\/\/terangafrika.com\/index.php?rest_route=\/wp\/v2\/media\/1427"}],"wp:attachment":[{"href":"https:\/\/terangafrika.com\/index.php?rest_route=%2Fwp%2Fv2%2Fmedia&parent=2014"}],"wp:term":[{"taxonomy":"product_brand","embeddable":true,"href":"https:\/\/terangafrika.com\/index.php?rest_route=%2Fwp%2Fv2%2Fproduct_brand&post=2014"},{"taxonomy":"product_cat","embeddable":true,"href":"https:\/\/terangafrika.com\/index.php?rest_route=%2Fwp%2Fv2%2Fproduct_cat&post=2014"},{"taxonomy":"product_tag","embeddable":true,"href":"https:\/\/terangafrika.com\/index.php?rest_route=%2Fwp%2Fv2%2Fproduct_tag&post=2014"}],"curies":[{"name":"wp","href":"https:\/\/api.w.org\/{rel}","templated":true}]}}