{"id":2013,"date":"2025-07-10T22:54:47","date_gmt":"2025-07-10T22:54:47","guid":{"rendered":"https:\/\/terangafrika.com\/product\/noix-de-cajou-naturelles\/"},"modified":"2025-07-10T22:54:47","modified_gmt":"2025-07-10T22:54:47","slug":"noix-de-cajou-naturelles","status":"publish","type":"product","link":"https:\/\/terangafrika.com\/?product=noix-de-cajou-naturelles","title":{"rendered":"Noix de cajou naturelles"},"content":{"rendered":"<div class=\"flex basis-auto flex-col -mb-(--composer-overlap-px) [--composer-overlap-px:55px] grow overflow-hidden\">\n<div class=\"relative h-full\">\n<div class=\"flex h-full flex-col overflow-y-auto [scrollbar-gutter:stable_both-edges] @[84rem]\/thread:pt-(--header-height)\">\n<div class=\"@thread-xl\/thread:pt-header-height flex flex-col text-sm pb-25\">\n<article class=\"text-token-text-primary w-full\" dir=\"auto\" data-testid=\"conversation-turn-40\" data-scroll-anchor=\"true\">\n<div class=\"text-base my-auto mx-auto py-5 [--thread-content-margin:--spacing(4)] @[37rem]:[--thread-content-margin:--spacing(6)] @[72rem]:[--thread-content-margin:--spacing(16)] px-(--thread-content-margin)\">\n<div class=\"[--thread-content-max-width:32rem] @[34rem]:[--thread-content-max-width:40rem] @[64rem]:[--thread-content-max-width:48rem] mx-auto flex max-w-(--thread-content-max-width) flex-1 text-base gap-4 md:gap-5 lg:gap-6 group\/turn-messages focus-visible:outline-hidden\" tabindex=\"-1\">\n<div class=\"group\/conversation-turn relative flex w-full min-w-0 flex-col agent-turn\">\n<div class=\"relative flex-col gap-1 md:gap-3\">\n<div class=\"flex max-w-full flex-col grow\">\n<div class=\"min-h-8 text-message relative flex w-full flex-col items-end gap-2 text-start break-words whitespace-normal [.text-message+&amp;]:mt-5\" dir=\"auto\" data-message-author-role=\"assistant\" data-message-id=\"042040c6-2f96-42fa-95bb-2eca80371208\" data-message-model-slug=\"gpt-4-1-mini\">\n<div class=\"flex w-full flex-col gap-1 empty:hidden first:pt-[3px]\">\n<div class=\"markdown prose dark:prose-invert w-full break-words light\">\n<p data-start=\"112\" data-end=\"347\">Savourez les noix de cajou, un fruit \u00e0 coque d\u00e9licieux et nutritif, connu pour son go\u00fbt doux et sa texture croquante. Ces noix de cajou sont soigneusement s\u00e9lectionn\u00e9es et trait\u00e9es de mani\u00e8re artisanale afin de pr\u00e9server leur fra\u00eecheur et leur qualit\u00e9. <\/p>\n<p data-start=\"349\" data-end=\"513\">Riches en graisses saines, en prot\u00e9ines, en vitamines et en min\u00e9raux, elles sont id\u00e9ales comme en-cas, pour accompagner vos repas ou comme ingr\u00e9dient dans des recettes saines et gourmandes.<\/p>\n<p data-start=\"515\" data-end=\"659\">\ud83d\udfe0 <strong data-start=\"518\" data-end=\"534\">Ingr\u00e9dients<\/strong>: Noix de cajou naturelles<br data-start=\"555\" data-end=\"558\">\ud83d\udfe0 <strong data-start=\"561\" data-end=\"612\">Produit naturel &#8211; Sans additif ni conservateur<\/strong><br data-start=\"612\" data-end=\"615\">\ud83d\udfe0 <strong data-start=\"618\" data-end=\"659\">Emballage frais et de haute qualit\u00e9<\/strong><\/p>\n<\/div>\n<\/div>\n<\/div>\n<\/div>\n<\/div>\n<\/div>\n<\/div>\n<\/div>\n<\/article>\n<div class=\"pointer-events-none h-px w-px\" aria-hidden=\"true\" data-edge=\"true\"><\/div>\n<div><\/div>\n<div><\/div>\n<\/div>\n<\/div>\n<\/div>\n<\/div>\n<div id=\"thread-bottom-container\" class=\"content-fade relative isolate z-10 w-full basis-auto has-data-has-thread-error:pt-2 has-data-has-thread-error:[box-shadow:var(--sharp-edge-bottom-shadow)] md:border-transparent md:pt-0 dark:border-white\/20 md:dark:border-transparent flex flex-col\">\n<div id=\"thread-bottom\">\n<div class=\"text-base mx-auto [--thread-content-margin:--spacing(4)] @[37rem]:[--thread-content-margin:--spacing(6)] @[72rem]:[--thread-content-margin:--spacing(16)] px-(--thread-content-margin)\">\n<div class=\"[--thread-content-max-width:32rem] @[34rem]:[--thread-content-max-width:40rem] @[64rem]:[--thread-content-max-width:48rem] mx-auto flex max-w-(--thread-content-max-width) flex-1 text-base gap-4 md:gap-5 lg:gap-6\">\n<div class=\"max-xs:[--force-hide-label:none] relative z-1 flex h-full max-w-full flex-1 flex-col\">\n<form class=\"w-full [view-transition-name:var(--vt-composer)]\" data-type=\"unified-composer\">\n<div class=\"hidden\"><\/div>\n<div class=\"flex w-full cursor-text flex-col items-center justify-center overflow-clip bg-clip-padding contain-inline-size bg-token-bg-primary dark:bg-[#303030] shadow-short rounded-[28px]\">\n<div class=\"relative flex w-full items-end px-2.5 py-2.5\">\n<div class=\"relative flex w-full flex-auto flex-col\">\n<div class=\"relative mx-2.5 grid grid-cols-[auto_minmax(0,1fr)]\">\n<div class=\"items-top flex justify-center\">\n<div><\/div>\n<\/div>\n<\/div>\n<\/div>\n<\/div>\n<\/div>\n<\/form>\n<\/div>\n<\/div>\n<\/div>\n<\/div>\n<\/div>\n","protected":false},"excerpt":{"rendered":"<p>Savourez les noix de cajou, un fruit \u00e0 coque d\u00e9licieux et nutritif, connu pour son go\u00fbt doux et sa texture croquante. Ces noix de cajou sont soigneusement s\u00e9lectionn\u00e9es et trait\u00e9es de mani\u00e8re artisanale afin de pr\u00e9server leur fra\u00eecheur et leur qualit\u00e9. Riches en graisses saines, en prot\u00e9ines, en vitamines et en min\u00e9raux, elles sont id\u00e9ales [&hellip;]<\/p>\n","protected":false},"featured_media":1423,"template":"","meta":[],"product_brand":[],"product_cat":[119,136],"product_tag":[],"class_list":{"0":"post-2013","1":"product","2":"type-product","3":"status-publish","4":"has-post-thumbnail","6":"product_cat-aliments-naturels","7":"product_cat-fruits-secs-et-fruits-a-coque","9":"first","10":"instock","11":"purchasable","12":"product-type-simple"},"_links":{"self":[{"href":"https:\/\/terangafrika.com\/index.php?rest_route=\/wp\/v2\/product\/2013","targetHints":{"allow":["GET"]}}],"collection":[{"href":"https:\/\/terangafrika.com\/index.php?rest_route=\/wp\/v2\/product"}],"about":[{"href":"https:\/\/terangafrika.com\/index.php?rest_route=\/wp\/v2\/types\/product"}],"wp:featuredmedia":[{"embeddable":true,"href":"https:\/\/terangafrika.com\/index.php?rest_route=\/wp\/v2\/media\/1423"}],"wp:attachment":[{"href":"https:\/\/terangafrika.com\/index.php?rest_route=%2Fwp%2Fv2%2Fmedia&parent=2013"}],"wp:term":[{"taxonomy":"product_brand","embeddable":true,"href":"https:\/\/terangafrika.com\/index.php?rest_route=%2Fwp%2Fv2%2Fproduct_brand&post=2013"},{"taxonomy":"product_cat","embeddable":true,"href":"https:\/\/terangafrika.com\/index.php?rest_route=%2Fwp%2Fv2%2Fproduct_cat&post=2013"},{"taxonomy":"product_tag","embeddable":true,"href":"https:\/\/terangafrika.com\/index.php?rest_route=%2Fwp%2Fv2%2Fproduct_tag&post=2013"}],"curies":[{"name":"wp","href":"https:\/\/api.w.org\/{rel}","templated":true}]}}