{"id":2010,"date":"2025-07-10T23:05:25","date_gmt":"2025-07-10T23:05:25","guid":{"rendered":"https:\/\/terangafrika.com\/product\/jus-naturel-de-bissap-fleur-dhibiscus\/"},"modified":"2025-07-10T23:05:25","modified_gmt":"2025-07-10T23:05:25","slug":"jus-naturel-de-bissap-fleur-dhibiscus","status":"publish","type":"product","link":"https:\/\/terangafrika.com\/?product=jus-naturel-de-bissap-fleur-dhibiscus","title":{"rendered":"Jus naturel de bissap (fleur d&rsquo;hibiscus)"},"content":{"rendered":"<p data-start=\"185\" data-end=\"433\">Savourez le go\u00fbt intense, floral et l\u00e9g\u00e8rement acidul\u00e9 du bissap, une boisson traditionnelle africaine \u00e0 base de fleurs d&rsquo;hibiscus infus\u00e9es. Ce jus, pr\u00e9par\u00e9 de mani\u00e8re traditionnelle, est 100 % naturel et conserve toutes les propri\u00e9t\u00e9s de la plante. <\/p>\n<p data-start=\"435\" data-end=\"593\">Riche en antioxydants, en vitamine C et en min\u00e9raux, le bissap est rafra\u00eechissant, digestif et parfait pour une hydratation saine \u00e0 tout moment de la journ\u00e9e.<\/p>\n<p data-start=\"595\" data-end=\"825\">\ud83d\udfe0 <strong data-start=\"598\" data-end=\"614\">Ingr\u00e9dients<\/strong>: Fleur d&rsquo;hibiscus (bissap), eau, sucre de canne (en juste quantit\u00e9)<br data-start=\"680\" data-end=\"683\">\ud83d\udfe0 <strong data-start=\"686\" data-end=\"735\">100% naturel &#8211; Sans colorant ni conservateur<\/strong><br data-start=\"735\" data-end=\"738\">\ud83d\udfe0 <strong data-start=\"741\" data-end=\"825\">Id\u00e9al \u00e0 boire frais, seul ou avec vos plats pr\u00e9f\u00e9r\u00e9s<\/strong>.<\/p>\n","protected":false},"excerpt":{"rendered":"<p>Savourez le go\u00fbt intense, floral et l\u00e9g\u00e8rement acidul\u00e9 du bissap, une boisson traditionnelle africaine \u00e0 base de fleurs d&rsquo;hibiscus infus\u00e9es. Ce jus, pr\u00e9par\u00e9 de mani\u00e8re traditionnelle, est 100 % naturel et conserve toutes les propri\u00e9t\u00e9s de la plante. Riche en antioxydants, en vitamine C et en min\u00e9raux, le bissap est rafra\u00eechissant, digestif et parfait pour [&hellip;]<\/p>\n","protected":false},"featured_media":1429,"template":"","meta":[],"product_brand":[],"product_cat":[119,151],"product_tag":[],"class_list":{"0":"post-2010","1":"product","2":"type-product","3":"status-publish","4":"has-post-thumbnail","6":"product_cat-aliments-naturels","7":"product_cat-jus-naturels","9":"first","10":"instock","11":"taxable","12":"shipping-taxable","13":"purchasable","14":"product-type-simple"},"_links":{"self":[{"href":"https:\/\/terangafrika.com\/index.php?rest_route=\/wp\/v2\/product\/2010","targetHints":{"allow":["GET"]}}],"collection":[{"href":"https:\/\/terangafrika.com\/index.php?rest_route=\/wp\/v2\/product"}],"about":[{"href":"https:\/\/terangafrika.com\/index.php?rest_route=\/wp\/v2\/types\/product"}],"wp:featuredmedia":[{"embeddable":true,"href":"https:\/\/terangafrika.com\/index.php?rest_route=\/wp\/v2\/media\/1429"}],"wp:attachment":[{"href":"https:\/\/terangafrika.com\/index.php?rest_route=%2Fwp%2Fv2%2Fmedia&parent=2010"}],"wp:term":[{"taxonomy":"product_brand","embeddable":true,"href":"https:\/\/terangafrika.com\/index.php?rest_route=%2Fwp%2Fv2%2Fproduct_brand&post=2010"},{"taxonomy":"product_cat","embeddable":true,"href":"https:\/\/terangafrika.com\/index.php?rest_route=%2Fwp%2Fv2%2Fproduct_cat&post=2010"},{"taxonomy":"product_tag","embeddable":true,"href":"https:\/\/terangafrika.com\/index.php?rest_route=%2Fwp%2Fv2%2Fproduct_tag&post=2010"}],"curies":[{"name":"wp","href":"https:\/\/api.w.org\/{rel}","templated":true}]}}