{"id":2009,"date":"2025-07-10T23:02:12","date_gmt":"2025-07-10T23:02:12","guid":{"rendered":"https:\/\/terangafrika.com\/product\/jus-de-tamarin-naturel\/"},"modified":"2025-07-10T23:02:12","modified_gmt":"2025-07-10T23:02:12","slug":"jus-de-tamarin-naturel","status":"publish","type":"product","link":"https:\/\/terangafrika.com\/?product=jus-de-tamarin-naturel","title":{"rendered":"Jus de tamarin naturel"},"content":{"rendered":"<p data-start=\"162\" data-end=\"418\">Rafra\u00eechissez votre palais avec le go\u00fbt authentique du tamarin dans ce jus naturel, fabriqu\u00e9 \u00e0 la main \u00e0 partir de pulpe de fruits frais, sans conservateurs ni additifs. Son go\u00fbt aigre-doux en fait une boisson unique, exotique et revitalisante. <\/p>\n<p data-start=\"420\" data-end=\"576\">Riche en antioxydants, en min\u00e9raux et en fibres, le tamarin est connu pour ses propri\u00e9t\u00e9s digestives et sa capacit\u00e9 \u00e0 hydrater et \u00e9nergiser naturellement.<\/p>\n<p data-start=\"578\" data-end=\"786\">\ud83d\udfe0 <strong data-start=\"581\" data-end=\"597\">Ingr\u00e9dients<\/strong>: Pulpe de tamarin, eau, sucre de canne (juste ce qu&rsquo;il faut)<br data-start=\"659\" data-end=\"662\">\ud83d\udfe0 <strong data-start=\"665\" data-end=\"714\">100% naturel &#8211; Sans colorant ni conservateur<\/strong><br data-start=\"714\" data-end=\"717\">\ud83d\udfe0 <strong data-start=\"720\" data-end=\"786\">Id\u00e9al \u00e0 boire frais et \u00e0 d\u00e9guster \u00e0 tout moment de la journ\u00e9e.<\/strong><\/p>\n","protected":false},"excerpt":{"rendered":"<p>Rafra\u00eechissez votre palais avec le go\u00fbt authentique du tamarin dans ce jus naturel, fabriqu\u00e9 \u00e0 la main \u00e0 partir de pulpe de fruits frais, sans conservateurs ni additifs. Son go\u00fbt aigre-doux en fait une boisson unique, exotique et revitalisante. Riche en antioxydants, en min\u00e9raux et en fibres, le tamarin est connu pour ses propri\u00e9t\u00e9s digestives [&hellip;]<\/p>\n","protected":false},"featured_media":1425,"template":"","meta":[],"product_brand":[],"product_cat":[151],"product_tag":[],"class_list":{"0":"post-2009","1":"product","2":"type-product","3":"status-publish","4":"has-post-thumbnail","6":"product_cat-jus-naturels","8":"first","9":"instock","10":"taxable","11":"shipping-taxable","12":"purchasable","13":"product-type-simple"},"_links":{"self":[{"href":"https:\/\/terangafrika.com\/index.php?rest_route=\/wp\/v2\/product\/2009","targetHints":{"allow":["GET"]}}],"collection":[{"href":"https:\/\/terangafrika.com\/index.php?rest_route=\/wp\/v2\/product"}],"about":[{"href":"https:\/\/terangafrika.com\/index.php?rest_route=\/wp\/v2\/types\/product"}],"wp:featuredmedia":[{"embeddable":true,"href":"https:\/\/terangafrika.com\/index.php?rest_route=\/wp\/v2\/media\/1425"}],"wp:attachment":[{"href":"https:\/\/terangafrika.com\/index.php?rest_route=%2Fwp%2Fv2%2Fmedia&parent=2009"}],"wp:term":[{"taxonomy":"product_brand","embeddable":true,"href":"https:\/\/terangafrika.com\/index.php?rest_route=%2Fwp%2Fv2%2Fproduct_brand&post=2009"},{"taxonomy":"product_cat","embeddable":true,"href":"https:\/\/terangafrika.com\/index.php?rest_route=%2Fwp%2Fv2%2Fproduct_cat&post=2009"},{"taxonomy":"product_tag","embeddable":true,"href":"https:\/\/terangafrika.com\/index.php?rest_route=%2Fwp%2Fv2%2Fproduct_tag&post=2009"}],"curies":[{"name":"wp","href":"https:\/\/api.w.org\/{rel}","templated":true}]}}