{"id":2004,"date":"2025-07-10T23:08:49","date_gmt":"2025-07-10T23:08:49","guid":{"rendered":"https:\/\/terangafrika.com\/product\/jus-naturel-de-ditakh\/"},"modified":"2025-07-10T23:08:49","modified_gmt":"2025-07-10T23:08:49","slug":"jus-naturel-de-ditakh","status":"publish","type":"product","link":"https:\/\/terangafrika.com\/?product=jus-naturel-de-ditakh","title":{"rendered":"Jus naturel de Ditakh"},"content":{"rendered":"<p data-start=\"140\" data-end=\"411\">D\u00e9couvrez le go\u00fbt sauvage et rafra\u00eechissant du <strong data-start=\"184\" data-end=\"194\">ditakh<\/strong>, un fruit de la for\u00eat africaine connu pour sa richesse en vitamine C et son caract\u00e8re l\u00e9g\u00e8rement acide. Ce jus artisanal, fabriqu\u00e9 \u00e0 partir de la pulpe fra\u00eeche de ditakh, offre une boisson nutritive, naturelle et \u00e9nergisante. <\/p>\n<p data-start=\"413\" data-end=\"557\">Le jus Ditakh est id\u00e9al pour ceux qui recherchent une option exotique et saine, parfaite pour se rafra\u00eechir et se sentir bien de mani\u00e8re naturelle.<\/p>\n<p data-start=\"559\" data-end=\"765\">\ud83d\udfe0 <strong data-start=\"562\" data-end=\"578\">Ingr\u00e9dients<\/strong>: Pulpe de ditakh, eau, sucre de canne (quantit\u00e9 \u00e9quilibr\u00e9e)<br data-start=\"643\" data-end=\"646\">\ud83d\udfe0 <strong data-start=\"649\" data-end=\"698\">100% naturel &#8211; Sans colorant ni conservateur<\/strong><br data-start=\"698\" data-end=\"701\">\ud83d\udfe0 <strong data-start=\"704\" data-end=\"765\">Il est recommand\u00e9 de le servir frais pour en appr\u00e9cier toute la saveur.<\/strong><\/p>\n","protected":false},"excerpt":{"rendered":"<p>D\u00e9couvrez le go\u00fbt sauvage et rafra\u00eechissant du ditakh, un fruit de la for\u00eat africaine connu pour sa richesse en vitamine C et son caract\u00e8re l\u00e9g\u00e8rement acide. Ce jus artisanal, fabriqu\u00e9 \u00e0 partir de la pulpe fra\u00eeche de ditakh, offre une boisson nutritive, naturelle et \u00e9nergisante. Le jus Ditakh est id\u00e9al pour ceux qui recherchent une [&hellip;]<\/p>\n","protected":false},"featured_media":1433,"template":"","meta":[],"product_brand":[],"product_cat":[119,151],"product_tag":[],"class_list":{"0":"post-2004","1":"product","2":"type-product","3":"status-publish","4":"has-post-thumbnail","6":"product_cat-aliments-naturels","7":"product_cat-jus-naturels","9":"first","10":"instock","11":"taxable","12":"shipping-taxable","13":"purchasable","14":"product-type-simple"},"_links":{"self":[{"href":"https:\/\/terangafrika.com\/index.php?rest_route=\/wp\/v2\/product\/2004","targetHints":{"allow":["GET"]}}],"collection":[{"href":"https:\/\/terangafrika.com\/index.php?rest_route=\/wp\/v2\/product"}],"about":[{"href":"https:\/\/terangafrika.com\/index.php?rest_route=\/wp\/v2\/types\/product"}],"wp:featuredmedia":[{"embeddable":true,"href":"https:\/\/terangafrika.com\/index.php?rest_route=\/wp\/v2\/media\/1433"}],"wp:attachment":[{"href":"https:\/\/terangafrika.com\/index.php?rest_route=%2Fwp%2Fv2%2Fmedia&parent=2004"}],"wp:term":[{"taxonomy":"product_brand","embeddable":true,"href":"https:\/\/terangafrika.com\/index.php?rest_route=%2Fwp%2Fv2%2Fproduct_brand&post=2004"},{"taxonomy":"product_cat","embeddable":true,"href":"https:\/\/terangafrika.com\/index.php?rest_route=%2Fwp%2Fv2%2Fproduct_cat&post=2004"},{"taxonomy":"product_tag","embeddable":true,"href":"https:\/\/terangafrika.com\/index.php?rest_route=%2Fwp%2Fv2%2Fproduct_tag&post=2004"}],"curies":[{"name":"wp","href":"https:\/\/api.w.org\/{rel}","templated":true}]}}