{"id":2003,"date":"2025-07-10T23:20:56","date_gmt":"2025-07-10T23:20:56","guid":{"rendered":"https:\/\/terangafrika.com\/product\/jus-de-maad-naturel\/"},"modified":"2025-07-10T23:20:56","modified_gmt":"2025-07-10T23:20:56","slug":"jus-de-maad-naturel","status":"publish","type":"product","link":"https:\/\/terangafrika.com\/?product=jus-de-maad-naturel","title":{"rendered":"Jus de Maad naturel"},"content":{"rendered":"<p data-start=\"184\" data-end=\"460\">Appr\u00e9ciez le go\u00fbt exotique et l\u00e9g\u00e8rement acide du <strong data-start=\"235\" data-end=\"243\">maad<\/strong>, un fruit sauvage africain riche en vitamine C, en antioxydants et en min\u00e9raux. Ce jus artisanal, fabriqu\u00e9 \u00e0 partir de pulpe de maad fra\u00eeche, est une boisson naturelle et revitalisante, parfaite pour une hydratation saine. <\/p>\n<p data-start=\"462\" data-end=\"638\">Gr\u00e2ce \u00e0 son go\u00fbt unique et rafra\u00eechissant, le jus de maad est id\u00e9al pour lutter contre la chaleur, pour accompagner vos repas ou simplement pour \u00eatre d\u00e9gust\u00e9 frais \u00e0 tout moment de la journ\u00e9e.<\/p>\n<p data-start=\"640\" data-end=\"821\">\ud83d\udfe0 <strong data-start=\"643\" data-end=\"659\">Ingr\u00e9dients<\/strong>: Pulpe de ma\u00efs, eau, sucre de canne (en juste quantit\u00e9)<br data-start=\"714\" data-end=\"717\">\ud83d\udfe0 <strong data-start=\"720\" data-end=\"769\">100% naturel &#8211; Sans colorant ni conservateur<\/strong><br data-start=\"769\" data-end=\"772\">\ud83d\udfe0 <strong data-start=\"775\" data-end=\"821\">Rafra\u00eechissant et nutritif &#8211; Servir frais.<\/strong><\/p>\n","protected":false},"excerpt":{"rendered":"<p>Appr\u00e9ciez le go\u00fbt exotique et l\u00e9g\u00e8rement acide du maad, un fruit sauvage africain riche en vitamine C, en antioxydants et en min\u00e9raux. Ce jus artisanal, fabriqu\u00e9 \u00e0 partir de pulpe de maad fra\u00eeche, est une boisson naturelle et revitalisante, parfaite pour une hydratation saine. Gr\u00e2ce \u00e0 son go\u00fbt unique et rafra\u00eechissant, le jus de maad [&hellip;]<\/p>\n","protected":false},"featured_media":1437,"template":"","meta":[],"product_brand":[],"product_cat":[119,151],"product_tag":[],"class_list":{"0":"post-2003","1":"product","2":"type-product","3":"status-publish","4":"has-post-thumbnail","6":"product_cat-aliments-naturels","7":"product_cat-jus-naturels","9":"first","10":"instock","11":"purchasable","12":"product-type-variable"},"_links":{"self":[{"href":"https:\/\/terangafrika.com\/index.php?rest_route=\/wp\/v2\/product\/2003","targetHints":{"allow":["GET"]}}],"collection":[{"href":"https:\/\/terangafrika.com\/index.php?rest_route=\/wp\/v2\/product"}],"about":[{"href":"https:\/\/terangafrika.com\/index.php?rest_route=\/wp\/v2\/types\/product"}],"wp:featuredmedia":[{"embeddable":true,"href":"https:\/\/terangafrika.com\/index.php?rest_route=\/wp\/v2\/media\/1437"}],"wp:attachment":[{"href":"https:\/\/terangafrika.com\/index.php?rest_route=%2Fwp%2Fv2%2Fmedia&parent=2003"}],"wp:term":[{"taxonomy":"product_brand","embeddable":true,"href":"https:\/\/terangafrika.com\/index.php?rest_route=%2Fwp%2Fv2%2Fproduct_brand&post=2003"},{"taxonomy":"product_cat","embeddable":true,"href":"https:\/\/terangafrika.com\/index.php?rest_route=%2Fwp%2Fv2%2Fproduct_cat&post=2003"},{"taxonomy":"product_tag","embeddable":true,"href":"https:\/\/terangafrika.com\/index.php?rest_route=%2Fwp%2Fv2%2Fproduct_tag&post=2003"}],"curies":[{"name":"wp","href":"https:\/\/api.w.org\/{rel}","templated":true}]}}