{"id":2000,"date":"2025-07-10T23:15:41","date_gmt":"2025-07-10T23:15:41","guid":{"rendered":"https:\/\/terangafrika.com\/product\/jus-de-gingembre-naturel\/"},"modified":"2025-07-10T23:15:41","modified_gmt":"2025-07-10T23:15:41","slug":"jus-de-gingembre-naturel","status":"publish","type":"product","link":"https:\/\/terangafrika.com\/?product=jus-de-gingembre-naturel","title":{"rendered":"Jus de gingembre naturel"},"content":{"rendered":"<p data-start=\"161\" data-end=\"452\">Laissez-vous surprendre par la saveur intense, \u00e9pic\u00e9e et revitalisante du gingembre dans ce jus naturel, fabriqu\u00e9 artisanalement \u00e0 partir de racines fra\u00eeches. Connu pour ses propri\u00e9t\u00e9s digestives, anti-inflammatoires et \u00e9nergisantes, le gingembre est id\u00e9al pour renforcer l&rsquo;organisme et stimuler les sens. <\/p>\n<p data-start=\"454\" data-end=\"593\">Ce jus est parfait pour \u00eatre bu seul, avec des gla\u00e7ons ou m\u00e9lang\u00e9 \u00e0 d&rsquo;autres boissons naturelles. Une option saine et puissante pour votre vie quotidienne. <\/p>\n<p data-start=\"595\" data-end=\"795\">\ud83d\udfe0 <strong data-start=\"598\" data-end=\"614\">Ingr\u00e9dients<\/strong>: Gingembre frais, eau, sucre de canne (en juste quantit\u00e9), citron (facultatif)<br data-start=\"689\" data-end=\"692\">\ud83d\udfe0 <strong data-start=\"695\" data-end=\"744\">100% naturel &#8211; Sans colorant ni conservateur<\/strong><br data-start=\"744\" data-end=\"747\">\ud83d\udfe0 <strong data-start=\"750\" data-end=\"795\">Tonique naturel &#8211; Id\u00e9al pour une consommation froide.<\/strong><\/p>\n","protected":false},"excerpt":{"rendered":"<p>Laissez-vous surprendre par la saveur intense, \u00e9pic\u00e9e et revitalisante du gingembre dans ce jus naturel, fabriqu\u00e9 artisanalement \u00e0 partir de racines fra\u00eeches. Connu pour ses propri\u00e9t\u00e9s digestives, anti-inflammatoires et \u00e9nergisantes, le gingembre est id\u00e9al pour renforcer l&rsquo;organisme et stimuler les sens. Ce jus est parfait pour \u00eatre bu seul, avec des gla\u00e7ons ou m\u00e9lang\u00e9 \u00e0 [&hellip;]<\/p>\n","protected":false},"featured_media":1435,"template":"","meta":[],"product_brand":[],"product_cat":[119,151],"product_tag":[],"class_list":{"0":"post-2000","1":"product","2":"type-product","3":"status-publish","4":"has-post-thumbnail","6":"product_cat-aliments-naturels","7":"product_cat-jus-naturels","9":"first","10":"instock","11":"taxable","12":"shipping-taxable","13":"purchasable","14":"product-type-simple"},"_links":{"self":[{"href":"https:\/\/terangafrika.com\/index.php?rest_route=\/wp\/v2\/product\/2000","targetHints":{"allow":["GET"]}}],"collection":[{"href":"https:\/\/terangafrika.com\/index.php?rest_route=\/wp\/v2\/product"}],"about":[{"href":"https:\/\/terangafrika.com\/index.php?rest_route=\/wp\/v2\/types\/product"}],"wp:featuredmedia":[{"embeddable":true,"href":"https:\/\/terangafrika.com\/index.php?rest_route=\/wp\/v2\/media\/1435"}],"wp:attachment":[{"href":"https:\/\/terangafrika.com\/index.php?rest_route=%2Fwp%2Fv2%2Fmedia&parent=2000"}],"wp:term":[{"taxonomy":"product_brand","embeddable":true,"href":"https:\/\/terangafrika.com\/index.php?rest_route=%2Fwp%2Fv2%2Fproduct_brand&post=2000"},{"taxonomy":"product_cat","embeddable":true,"href":"https:\/\/terangafrika.com\/index.php?rest_route=%2Fwp%2Fv2%2Fproduct_cat&post=2000"},{"taxonomy":"product_tag","embeddable":true,"href":"https:\/\/terangafrika.com\/index.php?rest_route=%2Fwp%2Fv2%2Fproduct_tag&post=2000"}],"curies":[{"name":"wp","href":"https:\/\/api.w.org\/{rel}","templated":true}]}}