{"id":1993,"date":"2025-07-10T23:30:23","date_gmt":"2025-07-10T23:30:23","guid":{"rendered":"https:\/\/terangafrika.com\/product\/sirop-de-bissap-naturel-fleur-dhibiscus\/"},"modified":"2025-07-10T23:30:23","modified_gmt":"2025-07-10T23:30:23","slug":"sirop-de-bissap-naturel-fleur-dhibiscus","status":"publish","type":"product","link":"https:\/\/terangafrika.com\/?product=sirop-de-bissap-naturel-fleur-dhibiscus","title":{"rendered":"Sirop de bissap naturel (fleur d&rsquo;hibiscus)"},"content":{"rendered":"<p data-start=\"129\" data-end=\"389\">Savourez le go\u00fbt vibrant et rafra\u00eechissant du bissap, fabriqu\u00e9 \u00e0 la main \u00e0 partir de fleurs d&rsquo;hibiscus fra\u00eeches. Ce sirop naturel allie un \u00e9quilibre d\u00e9licat entre douceur et acidit\u00e9, tout en conservant toutes les propri\u00e9t\u00e9s antioxydantes et vitaminiques de la plante. <\/p>\n<p data-start=\"391\" data-end=\"575\">Parfait pour sucrer les boissons, pr\u00e9parer des cocktails, accompagner les desserts ou le d\u00e9guster avec de l&rsquo;eau fra\u00eeche, le sirop de bissap est une invitation \u00e0 savourer la tradition et la fra\u00eecheur dans chaque goutte.<\/p>\n<p data-start=\"577\" data-end=\"757\">\ud83d\udfe0 <strong data-start=\"580\" data-end=\"596\">Ingr\u00e9dients<\/strong>: Fleur d&rsquo;hibiscus, sucre de canne, eau, citron<br data-start=\"642\" data-end=\"645\">\ud83d\udfe0 <strong data-start=\"648\" data-end=\"697\">100% naturel &#8211; Sans colorant ni conservateur<\/strong><br data-start=\"697\" data-end=\"700\">\ud83d\udfe0 <strong data-start=\"703\" data-end=\"757\">Produit artisanal &#8211; Go\u00fbt authentique et rafra\u00eechissant<\/strong><\/p>\n","protected":false},"excerpt":{"rendered":"<p>Savourez le go\u00fbt vibrant et rafra\u00eechissant du bissap, fabriqu\u00e9 \u00e0 la main \u00e0 partir de fleurs d&rsquo;hibiscus fra\u00eeches. Ce sirop naturel allie un \u00e9quilibre d\u00e9licat entre douceur et acidit\u00e9, tout en conservant toutes les propri\u00e9t\u00e9s antioxydantes et vitaminiques de la plante. Parfait pour sucrer les boissons, pr\u00e9parer des cocktails, accompagner les desserts ou le d\u00e9guster [&hellip;]<\/p>\n","protected":false},"featured_media":1443,"template":"","meta":[],"product_brand":[],"product_cat":[119,149],"product_tag":[],"class_list":{"0":"post-1993","1":"product","2":"type-product","3":"status-publish","4":"has-post-thumbnail","6":"product_cat-aliments-naturels","7":"product_cat-sirops-naturels","9":"first","10":"instock","11":"purchasable","12":"product-type-simple"},"_links":{"self":[{"href":"https:\/\/terangafrika.com\/index.php?rest_route=\/wp\/v2\/product\/1993","targetHints":{"allow":["GET"]}}],"collection":[{"href":"https:\/\/terangafrika.com\/index.php?rest_route=\/wp\/v2\/product"}],"about":[{"href":"https:\/\/terangafrika.com\/index.php?rest_route=\/wp\/v2\/types\/product"}],"wp:featuredmedia":[{"embeddable":true,"href":"https:\/\/terangafrika.com\/index.php?rest_route=\/wp\/v2\/media\/1443"}],"wp:attachment":[{"href":"https:\/\/terangafrika.com\/index.php?rest_route=%2Fwp%2Fv2%2Fmedia&parent=1993"}],"wp:term":[{"taxonomy":"product_brand","embeddable":true,"href":"https:\/\/terangafrika.com\/index.php?rest_route=%2Fwp%2Fv2%2Fproduct_brand&post=1993"},{"taxonomy":"product_cat","embeddable":true,"href":"https:\/\/terangafrika.com\/index.php?rest_route=%2Fwp%2Fv2%2Fproduct_cat&post=1993"},{"taxonomy":"product_tag","embeddable":true,"href":"https:\/\/terangafrika.com\/index.php?rest_route=%2Fwp%2Fv2%2Fproduct_tag&post=1993"}],"curies":[{"name":"wp","href":"https:\/\/api.w.org\/{rel}","templated":true}]}}