{"id":1990,"date":"2025-07-11T20:03:15","date_gmt":"2025-07-11T20:03:15","guid":{"rendered":"https:\/\/terangafrika.com\/product\/eventail-en-tissu-cire-fait-main-style-et-culture-africains\/"},"modified":"2025-07-11T20:03:15","modified_gmt":"2025-07-11T20:03:15","slug":"eventail-en-tissu-cire-fait-main-style-et-culture-africains","status":"publish","type":"product","link":"https:\/\/terangafrika.com\/?product=eventail-en-tissu-cire-fait-main-style-et-culture-africains","title":{"rendered":"\u00c9ventail en tissu cir\u00e9 fait main &#8211; Style et culture africains"},"content":{"rendered":"<p data-start=\"160\" data-end=\"522\">Apportez une touche de couleur, d&rsquo;\u00e9l\u00e9gance et de culture avec notre <strong data-start=\"218\" data-end=\"251\">\u00e9ventail en toile cir\u00e9e<\/strong>, une pi\u00e8ce unique fabriqu\u00e9e \u00e0 la main \u00e0 partir de tissu africain 100 % coton. Son design vibrant et color\u00e9 refl\u00e8te non seulement la richesse de l&rsquo;art africain, mais en fait \u00e9galement l&rsquo;accessoire id\u00e9al pour les journ\u00e9es chaudes, les d\u00e9corations ethniques ou comme cadeau original. <\/p>\n<p data-start=\"524\" data-end=\"549\">\ud83c\udf00 <strong data-start=\"527\" data-end=\"547\">Caract\u00e9ristiques :<\/strong><\/p>\n<ul data-start=\"550\" data-end=\"752\">\n<li data-start=\"550\" data-end=\"581\">\n<p data-start=\"552\" data-end=\"581\">V\u00e9ritable toile cir\u00e9e africaine<\/p>\n<\/li>\n<li data-start=\"582\" data-end=\"630\">\n<p data-start=\"584\" data-end=\"630\">Poign\u00e9e pliable en cuir avec fermeture \u00e0 sangle<\/p>\n<\/li>\n<li data-start=\"631\" data-end=\"661\">\n<p data-start=\"633\" data-end=\"661\">Fabriqu\u00e9 \u00e0 la main par des artisans<\/p>\n<\/li>\n<li data-start=\"662\" data-end=\"704\">\n<p data-start=\"664\" data-end=\"704\">Pliable et facile \u00e0 transporter dans votre sac<\/p>\n<\/li>\n<li data-start=\"705\" data-end=\"752\">\n<p data-start=\"707\" data-end=\"752\">Id\u00e9al pour un usage quotidien ou comme pi\u00e8ce d\u00e9corative<\/p>\n<\/li>\n<\/ul>\n","protected":false},"excerpt":{"rendered":"<p>Apportez une touche de couleur, d&rsquo;\u00e9l\u00e9gance et de culture avec notre \u00e9ventail en toile cir\u00e9e, une pi\u00e8ce unique fabriqu\u00e9e \u00e0 la main \u00e0 partir de tissu africain 100 % coton. Son design vibrant et color\u00e9 refl\u00e8te non seulement la richesse de l&rsquo;art africain, mais en fait \u00e9galement l&rsquo;accessoire id\u00e9al pour les journ\u00e9es chaudes, les d\u00e9corations [&hellip;]<\/p>\n","protected":false},"featured_media":1455,"template":"","meta":[],"product_brand":[],"product_cat":[144],"product_tag":[],"class_list":{"0":"post-1990","1":"product","2":"type-product","3":"status-publish","4":"has-post-thumbnail","6":"product_cat-artisanat-traditionnel-et-local","8":"first","9":"instock","10":"purchasable","11":"product-type-simple"},"_links":{"self":[{"href":"https:\/\/terangafrika.com\/index.php?rest_route=\/wp\/v2\/product\/1990","targetHints":{"allow":["GET"]}}],"collection":[{"href":"https:\/\/terangafrika.com\/index.php?rest_route=\/wp\/v2\/product"}],"about":[{"href":"https:\/\/terangafrika.com\/index.php?rest_route=\/wp\/v2\/types\/product"}],"wp:featuredmedia":[{"embeddable":true,"href":"https:\/\/terangafrika.com\/index.php?rest_route=\/wp\/v2\/media\/1455"}],"wp:attachment":[{"href":"https:\/\/terangafrika.com\/index.php?rest_route=%2Fwp%2Fv2%2Fmedia&parent=1990"}],"wp:term":[{"taxonomy":"product_brand","embeddable":true,"href":"https:\/\/terangafrika.com\/index.php?rest_route=%2Fwp%2Fv2%2Fproduct_brand&post=1990"},{"taxonomy":"product_cat","embeddable":true,"href":"https:\/\/terangafrika.com\/index.php?rest_route=%2Fwp%2Fv2%2Fproduct_cat&post=1990"},{"taxonomy":"product_tag","embeddable":true,"href":"https:\/\/terangafrika.com\/index.php?rest_route=%2Fwp%2Fv2%2Fproduct_tag&post=1990"}],"curies":[{"name":"wp","href":"https:\/\/api.w.org\/{rel}","templated":true}]}}