{"id":1989,"date":"2025-07-10T23:31:57","date_gmt":"2025-07-10T23:31:57","guid":{"rendered":"https:\/\/terangafrika.com\/product\/sirop-de-tamarin-naturel\/"},"modified":"2025-07-10T23:31:57","modified_gmt":"2025-07-10T23:31:57","slug":"sirop-de-tamarin-naturel","status":"publish","type":"product","link":"https:\/\/terangafrika.com\/?product=sirop-de-tamarin-naturel","title":{"rendered":"Sirop de tamarin naturel"},"content":{"rendered":"<p data-start=\"124\" data-end=\"447\">Appr\u00e9ciez la saveur unique et \u00e9quilibr\u00e9e du tamarin dans ce sirop naturel et artisanal. Fabriqu\u00e9 \u00e0 partir de pulpe de tamarin frais et cuit lentement pour pr\u00e9server son ar\u00f4me distinctif et ses propri\u00e9t\u00e9s nutritionnelles, ce sirop offre un go\u00fbt sucr\u00e9 et l\u00e9g\u00e8rement acidul\u00e9 qui rafra\u00eechit et enrichit n&rsquo;importe quelle boisson ou dessert. <\/p>\n<p data-start=\"449\" data-end=\"549\">Id\u00e9al pour pr\u00e9parer des boissons rafra\u00eechissantes, des cocktails, des sauces ou pour ajouter une touche exotique \u00e0 vos recettes pr\u00e9f\u00e9r\u00e9es.<\/p>\n<p data-start=\"551\" data-end=\"734\">\ud83d\udfe0 <strong data-start=\"554\" data-end=\"570\">Ingr\u00e9dients<\/strong>: Pulpe de tamarin, sucre de canne, eau, citron<br data-start=\"619\" data-end=\"622\">\ud83d\udfe0 <strong data-start=\"625\" data-end=\"674\">100% naturel &#8211; Sans colorant ni conservateur<\/strong><br data-start=\"674\" data-end=\"677\">\ud83d\udfe0 <strong data-start=\"680\" data-end=\"734\">Produit artisanal &#8211; Go\u00fbt authentique et \u00e9quilibr\u00e9<\/strong><\/p>\n","protected":false},"excerpt":{"rendered":"<p>Appr\u00e9ciez la saveur unique et \u00e9quilibr\u00e9e du tamarin dans ce sirop naturel et artisanal. Fabriqu\u00e9 \u00e0 partir de pulpe de tamarin frais et cuit lentement pour pr\u00e9server son ar\u00f4me distinctif et ses propri\u00e9t\u00e9s nutritionnelles, ce sirop offre un go\u00fbt sucr\u00e9 et l\u00e9g\u00e8rement acidul\u00e9 qui rafra\u00eechit et enrichit n&rsquo;importe quelle boisson ou dessert. Id\u00e9al pour pr\u00e9parer [&hellip;]<\/p>\n","protected":false},"featured_media":1445,"template":"","meta":[],"product_brand":[],"product_cat":[119,149],"product_tag":[],"class_list":{"0":"post-1989","1":"product","2":"type-product","3":"status-publish","4":"has-post-thumbnail","6":"product_cat-aliments-naturels","7":"product_cat-sirops-naturels","9":"first","10":"instock","11":"purchasable","12":"product-type-simple"},"_links":{"self":[{"href":"https:\/\/terangafrika.com\/index.php?rest_route=\/wp\/v2\/product\/1989","targetHints":{"allow":["GET"]}}],"collection":[{"href":"https:\/\/terangafrika.com\/index.php?rest_route=\/wp\/v2\/product"}],"about":[{"href":"https:\/\/terangafrika.com\/index.php?rest_route=\/wp\/v2\/types\/product"}],"wp:featuredmedia":[{"embeddable":true,"href":"https:\/\/terangafrika.com\/index.php?rest_route=\/wp\/v2\/media\/1445"}],"wp:attachment":[{"href":"https:\/\/terangafrika.com\/index.php?rest_route=%2Fwp%2Fv2%2Fmedia&parent=1989"}],"wp:term":[{"taxonomy":"product_brand","embeddable":true,"href":"https:\/\/terangafrika.com\/index.php?rest_route=%2Fwp%2Fv2%2Fproduct_brand&post=1989"},{"taxonomy":"product_cat","embeddable":true,"href":"https:\/\/terangafrika.com\/index.php?rest_route=%2Fwp%2Fv2%2Fproduct_cat&post=1989"},{"taxonomy":"product_tag","embeddable":true,"href":"https:\/\/terangafrika.com\/index.php?rest_route=%2Fwp%2Fv2%2Fproduct_tag&post=1989"}],"curies":[{"name":"wp","href":"https:\/\/api.w.org\/{rel}","templated":true}]}}