{"id":1986,"date":"2025-07-11T20:05:27","date_gmt":"2025-07-11T20:05:27","guid":{"rendered":"https:\/\/terangafrika.com\/product\/panier-organisateur-de-bijoux-elegance-et-fonctionnalite-artisanales\/"},"modified":"2025-07-11T20:05:27","modified_gmt":"2025-07-11T20:05:27","slug":"panier-organisateur-de-bijoux-elegance-et-fonctionnalite-artisanales","status":"publish","type":"product","link":"https:\/\/terangafrika.com\/?product=panier-organisateur-de-bijoux-elegance-et-fonctionnalite-artisanales","title":{"rendered":"Panier organisateur de bijoux &#8211; \u00c9l\u00e9gance et fonctionnalit\u00e9 artisanales"},"content":{"rendered":"<p data-start=\"243\" data-end=\"564\">Organisez vos bijoux avec style gr\u00e2ce \u00e0 notre <strong data-start=\"309\" data-end=\"341\">panier organisateur de<\/strong> bijoux <strong data-start=\"309\" data-end=\"341\">fait \u00e0 la main<\/strong>, fabriqu\u00e9 \u00e0 partir de mat\u00e9riaux naturels et de d\u00e9tails uniques. Id\u00e9ale pour ranger bagues, colliers, bracelets ou petits objets personnels, cette pi\u00e8ce allie fonctionnalit\u00e9 et touche ethnique chic qui rehaussera n&rsquo;importe quel espace. <\/p>\n<p data-start=\"566\" data-end=\"591\">\ud83d\udc8e <strong data-start=\"569\" data-end=\"589\">Caract\u00e9ristiques :<\/strong><\/p>\n<ul data-start=\"592\" data-end=\"874\">\n<li data-start=\"592\" data-end=\"651\">\n<p data-start=\"594\" data-end=\"651\">Fabriqu\u00e9 \u00e0 la main avec des fibres naturelles et\/ou de la toile cir\u00e9e africaine<\/p>\n<\/li>\n<li data-start=\"652\" data-end=\"684\">\n<p data-start=\"654\" data-end=\"684\">L\u00e9ger, durable et respectueux de l&rsquo;environnement<\/p>\n<\/li>\n<li data-start=\"685\" data-end=\"750\">\n<p data-start=\"687\" data-end=\"750\">Design compact &#8211; parfait pour les commodes, les tables ou les \u00e9tag\u00e8res<\/p>\n<\/li>\n<li data-start=\"751\" data-end=\"821\">\n<p data-start=\"753\" data-end=\"821\">Peut \u00e9galement \u00eatre utilis\u00e9 comme panier d\u00e9coratif ou pour de petits objets.<\/p>\n<\/li>\n<li data-start=\"822\" data-end=\"874\">\n<p data-start=\"824\" data-end=\"874\">Chaque pi\u00e8ce est unique : couleurs et motifs vari\u00e9s<\/p>\n<\/li>\n<\/ul>\n<p data-start=\"876\" data-end=\"961\">Id\u00e9al comme cadeau ou comme accessoire pour la maison, avec une esth\u00e9tique moderne et culturelle.<\/p>\n","protected":false},"excerpt":{"rendered":"<p>Organisez vos bijoux avec style gr\u00e2ce \u00e0 notre panier organisateur de bijoux fait \u00e0 la main, fabriqu\u00e9 \u00e0 partir de mat\u00e9riaux naturels et de d\u00e9tails uniques. Id\u00e9ale pour ranger bagues, colliers, bracelets ou petits objets personnels, cette pi\u00e8ce allie fonctionnalit\u00e9 et touche ethnique chic qui rehaussera n&rsquo;importe quel espace. \ud83d\udc8e Caract\u00e9ristiques : Fabriqu\u00e9 \u00e0 la [&hellip;]<\/p>\n","protected":false},"featured_media":1457,"template":"","meta":[],"product_brand":[],"product_cat":[144],"product_tag":[],"class_list":{"0":"post-1986","1":"product","2":"type-product","3":"status-publish","4":"has-post-thumbnail","6":"product_cat-artisanat-traditionnel-et-local","8":"first","9":"instock","10":"purchasable","11":"product-type-simple"},"_links":{"self":[{"href":"https:\/\/terangafrika.com\/index.php?rest_route=\/wp\/v2\/product\/1986","targetHints":{"allow":["GET"]}}],"collection":[{"href":"https:\/\/terangafrika.com\/index.php?rest_route=\/wp\/v2\/product"}],"about":[{"href":"https:\/\/terangafrika.com\/index.php?rest_route=\/wp\/v2\/types\/product"}],"wp:featuredmedia":[{"embeddable":true,"href":"https:\/\/terangafrika.com\/index.php?rest_route=\/wp\/v2\/media\/1457"}],"wp:attachment":[{"href":"https:\/\/terangafrika.com\/index.php?rest_route=%2Fwp%2Fv2%2Fmedia&parent=1986"}],"wp:term":[{"taxonomy":"product_brand","embeddable":true,"href":"https:\/\/terangafrika.com\/index.php?rest_route=%2Fwp%2Fv2%2Fproduct_brand&post=1986"},{"taxonomy":"product_cat","embeddable":true,"href":"https:\/\/terangafrika.com\/index.php?rest_route=%2Fwp%2Fv2%2Fproduct_cat&post=1986"},{"taxonomy":"product_tag","embeddable":true,"href":"https:\/\/terangafrika.com\/index.php?rest_route=%2Fwp%2Fv2%2Fproduct_tag&post=1986"}],"curies":[{"name":"wp","href":"https:\/\/api.w.org\/{rel}","templated":true}]}}