{"id":1984,"date":"2025-07-10T20:52:00","date_gmt":"2025-07-10T20:52:00","guid":{"rendered":"https:\/\/terangafrika.com\/product\/nguer-le-theier-du-senegal-guiera-senegalensis\/"},"modified":"2025-07-10T20:52:00","modified_gmt":"2025-07-10T20:52:00","slug":"nguer-le-theier-du-senegal-guiera-senegalensis","status":"publish","type":"product","link":"https:\/\/terangafrika.com\/?product=nguer-le-theier-du-senegal-guiera-senegalensis","title":{"rendered":"Nguer &#8211; Le th\u00e9ier du S\u00e9n\u00e9gal (Guiera Senegalensis)"},"content":{"rendered":"<p data-start=\"198\" data-end=\"547\"><strong data-start=\"201\" data-end=\"210\">Le nguer<\/strong>, \u00e9galement connu sous le nom de <strong data-start=\"237\" data-end=\"266\">\u00ab\u00a0th\u00e9ier du S\u00e9n\u00e9gal\u00a0\u00bb<\/strong>, est une plante traditionnellement appr\u00e9ci\u00e9e pour ses propri\u00e9t\u00e9s <strong data-start=\"328\" data-end=\"371\">fortifiantes, nettoyantes et digestives<\/strong>. Utilis\u00e9e depuis des g\u00e9n\u00e9rations dans la m\u00e9decine populaire d&rsquo;Afrique de l&rsquo;Ouest, cette infusion naturelle contribue au bien-\u00eatre g\u00e9n\u00e9ral et favorise un sentiment d&rsquo;\u00e9quilibre int\u00e9rieur. <\/p>\n<p data-start=\"549\" data-end=\"695\">Riche en compos\u00e9s bioactifs, Nguer aide \u00e0 renforcer l&rsquo;organisme, \u00e0 stimuler la digestion et \u00e0 restaurer la vitalit\u00e9 de mani\u00e8re douce et naturelle.<\/p>\n<p data-start=\"697\" data-end=\"724\"><strong data-start=\"697\" data-end=\"724\">Principaux avantages :<\/strong><\/p>\n<ul data-start=\"725\" data-end=\"937\">\n<li data-start=\"725\" data-end=\"776\">\n<p data-start=\"727\" data-end=\"776\">Favorise la digestion et le confort gastro-intestinal.<\/p>\n<\/li>\n<li data-start=\"777\" data-end=\"821\">\n<p data-start=\"779\" data-end=\"821\">Stimule la purification naturelle de l&rsquo;organisme.<\/p>\n<\/li>\n<li data-start=\"822\" data-end=\"880\">\n<p data-start=\"824\" data-end=\"880\">Il renforce l&rsquo;organisme et favorise l&rsquo;\u00e9quilibre interne.<\/p>\n<\/li>\n<li data-start=\"881\" data-end=\"937\">\n<p data-start=\"883\" data-end=\"937\">Id\u00e9al comme tisane quotidienne pour le bien-\u00eatre g\u00e9n\u00e9ral.<\/p>\n<\/li>\n<\/ul>\n<p data-start=\"939\" data-end=\"1009\">\ud83c\udf3f <strong data-start=\"942\" data-end=\"1009\">100% naturel | Sans caf\u00e9ine | Tradition africaine \u00e0 base de plantes | Vegan<\/strong><\/p>\n<p data-start=\"1011\" data-end=\"1141\">D\u00e9couvrez les bienfaits r\u00e9parateurs du <strong data-start=\"1053\" data-end=\"1062\">nguer<\/strong> et connectez-vous \u00e0 la sagesse ancestrale de la nature africaine dans chaque tasse.<\/p>\n","protected":false},"excerpt":{"rendered":"<p>Le nguer, \u00e9galement connu sous le nom de \u00ab\u00a0th\u00e9ier du S\u00e9n\u00e9gal\u00a0\u00bb, est une plante traditionnellement appr\u00e9ci\u00e9e pour ses propri\u00e9t\u00e9s fortifiantes, nettoyantes et digestives. Utilis\u00e9e depuis des g\u00e9n\u00e9rations dans la m\u00e9decine populaire d&rsquo;Afrique de l&rsquo;Ouest, cette infusion naturelle contribue au bien-\u00eatre g\u00e9n\u00e9ral et favorise un sentiment d&rsquo;\u00e9quilibre int\u00e9rieur. Riche en compos\u00e9s bioactifs, Nguer aide \u00e0 renforcer [&hellip;]<\/p>\n","protected":false},"featured_media":1355,"template":"","meta":[],"product_brand":[],"product_cat":[119,143],"product_tag":[],"class_list":{"0":"post-1984","1":"product","2":"type-product","3":"status-publish","4":"has-post-thumbnail","6":"product_cat-aliments-naturels","7":"product_cat-tisanes-a-base-de-plantes-et-tisanes-medicinales","9":"first","10":"instock","11":"taxable","12":"shipping-taxable","13":"purchasable","14":"product-type-simple"},"_links":{"self":[{"href":"https:\/\/terangafrika.com\/index.php?rest_route=\/wp\/v2\/product\/1984","targetHints":{"allow":["GET"]}}],"collection":[{"href":"https:\/\/terangafrika.com\/index.php?rest_route=\/wp\/v2\/product"}],"about":[{"href":"https:\/\/terangafrika.com\/index.php?rest_route=\/wp\/v2\/types\/product"}],"wp:featuredmedia":[{"embeddable":true,"href":"https:\/\/terangafrika.com\/index.php?rest_route=\/wp\/v2\/media\/1355"}],"wp:attachment":[{"href":"https:\/\/terangafrika.com\/index.php?rest_route=%2Fwp%2Fv2%2Fmedia&parent=1984"}],"wp:term":[{"taxonomy":"product_brand","embeddable":true,"href":"https:\/\/terangafrika.com\/index.php?rest_route=%2Fwp%2Fv2%2Fproduct_brand&post=1984"},{"taxonomy":"product_cat","embeddable":true,"href":"https:\/\/terangafrika.com\/index.php?rest_route=%2Fwp%2Fv2%2Fproduct_cat&post=1984"},{"taxonomy":"product_tag","embeddable":true,"href":"https:\/\/terangafrika.com\/index.php?rest_route=%2Fwp%2Fv2%2Fproduct_tag&post=1984"}],"curies":[{"name":"wp","href":"https:\/\/api.w.org\/{rel}","templated":true}]}}