{"id":1982,"date":"2025-07-10T20:58:07","date_gmt":"2025-07-10T20:58:07","guid":{"rendered":"https:\/\/terangafrika.com\/product\/artemisia-annua-la-plante-miracle-artemisia-annua\/"},"modified":"2025-07-10T20:58:07","modified_gmt":"2025-07-10T20:58:07","slug":"artemisia-annua-la-plante-miracle-artemisia-annua","status":"publish","type":"product","link":"https:\/\/terangafrika.com\/?product=artemisia-annua-la-plante-miracle-artemisia-annua","title":{"rendered":"Artemisia annua &#8211; La plante miracle (Artemisia annua)"},"content":{"rendered":"<p data-start=\"246\" data-end=\"623\">L <strong data-start=\"249\" data-end=\"268\">&lsquo;Artemisia annua<\/strong>, \u00e9galement connue sous le nom <strong data-start=\"292\" data-end=\"317\">de \u00ab\u00a0plante miracle\u00a0\u00bb, est<\/strong> utilis\u00e9e depuis des si\u00e8cles dans la m\u00e9decine traditionnelle pour ses remarquables propri\u00e9t\u00e9s <strong data-start=\"408\" data-end=\"463\">antioxydantes, anti-inflammatoires et antiparasitaires<\/strong>. R\u00e9put\u00e9e pour son action purifiante et fortifiante, cette plante soutient le <strong data-start=\"541\" data-end=\"565\">syst\u00e8me immunitaire<\/strong> et aide \u00e0 maintenir l&rsquo;\u00e9quilibre naturel de l&rsquo;organisme. <\/p>\n<p data-start=\"625\" data-end=\"780\">Elle est particuli\u00e8rement appr\u00e9ci\u00e9e pour sa capacit\u00e9 \u00e0 <strong data-start=\"673\" data-end=\"697\">combattre les infections<\/strong>, \u00e0 r\u00e9guler les processus inflammatoires et \u00e0 prot\u00e9ger l&rsquo;organisme contre les agents ext\u00e9rieurs.<\/p>\n<p data-start=\"782\" data-end=\"809\"><strong data-start=\"782\" data-end=\"809\">Principaux avantages :<\/strong><\/p>\n<ul data-start=\"810\" data-end=\"1032\">\n<li data-start=\"810\" data-end=\"862\">\n<p data-start=\"812\" data-end=\"862\">Renforce le syst\u00e8me immunitaire de mani\u00e8re naturelle.<\/p>\n<\/li>\n<li data-start=\"863\" data-end=\"911\">\n<p data-start=\"865\" data-end=\"911\">Il a une action antiparasitaire et antimicrobienne.<\/p>\n<\/li>\n<li data-start=\"912\" data-end=\"967\">\n<p data-start=\"914\" data-end=\"967\">Aide \u00e0 r\u00e9duire l&rsquo;inflammation et le stress oxydatif.<\/p>\n<\/li>\n<li data-start=\"968\" data-end=\"1032\">\n<p data-start=\"970\" data-end=\"1032\">Id\u00e9al pour soutenir les processus de nettoyage et de d\u00e9fense naturelle.<\/p>\n<\/li>\n<\/ul>\n<p data-start=\"1034\" data-end=\"1096\">\ud83c\udf3f <strong data-start=\"1037\" data-end=\"1096\">100% naturel | Herbal Tradition | Vegan | Sans additifs<\/strong><\/p>\n<p data-start=\"1098\" data-end=\"1226\">D\u00e9couvrez le pouvoir r\u00e9parateur et protecteur de l&rsquo;<strong data-start=\"1146\" data-end=\"1165\">Artemisia annua<\/strong>, un alli\u00e9 essentiel pour renforcer votre sant\u00e9 depuis la racine.<\/p>\n","protected":false},"excerpt":{"rendered":"<p>L &lsquo;Artemisia annua, \u00e9galement connue sous le nom de \u00ab\u00a0plante miracle\u00a0\u00bb, est utilis\u00e9e depuis des si\u00e8cles dans la m\u00e9decine traditionnelle pour ses remarquables propri\u00e9t\u00e9s antioxydantes, anti-inflammatoires et antiparasitaires. R\u00e9put\u00e9e pour son action purifiante et fortifiante, cette plante soutient le syst\u00e8me immunitaire et aide \u00e0 maintenir l&rsquo;\u00e9quilibre naturel de l&rsquo;organisme. Elle est particuli\u00e8rement appr\u00e9ci\u00e9e pour sa [&hellip;]<\/p>\n","protected":false},"featured_media":1361,"template":"","meta":[],"product_brand":[],"product_cat":[119,143],"product_tag":[],"class_list":{"0":"post-1982","1":"product","2":"type-product","3":"status-publish","4":"has-post-thumbnail","6":"product_cat-aliments-naturels","7":"product_cat-tisanes-a-base-de-plantes-et-tisanes-medicinales","9":"first","10":"instock","11":"taxable","12":"shipping-taxable","13":"purchasable","14":"product-type-simple"},"_links":{"self":[{"href":"https:\/\/terangafrika.com\/index.php?rest_route=\/wp\/v2\/product\/1982","targetHints":{"allow":["GET"]}}],"collection":[{"href":"https:\/\/terangafrika.com\/index.php?rest_route=\/wp\/v2\/product"}],"about":[{"href":"https:\/\/terangafrika.com\/index.php?rest_route=\/wp\/v2\/types\/product"}],"wp:featuredmedia":[{"embeddable":true,"href":"https:\/\/terangafrika.com\/index.php?rest_route=\/wp\/v2\/media\/1361"}],"wp:attachment":[{"href":"https:\/\/terangafrika.com\/index.php?rest_route=%2Fwp%2Fv2%2Fmedia&parent=1982"}],"wp:term":[{"taxonomy":"product_brand","embeddable":true,"href":"https:\/\/terangafrika.com\/index.php?rest_route=%2Fwp%2Fv2%2Fproduct_brand&post=1982"},{"taxonomy":"product_cat","embeddable":true,"href":"https:\/\/terangafrika.com\/index.php?rest_route=%2Fwp%2Fv2%2Fproduct_cat&post=1982"},{"taxonomy":"product_tag","embeddable":true,"href":"https:\/\/terangafrika.com\/index.php?rest_route=%2Fwp%2Fv2%2Fproduct_tag&post=1982"}],"curies":[{"name":"wp","href":"https:\/\/api.w.org\/{rel}","templated":true}]}}