{"id":1981,"date":"2025-07-10T20:53:42","date_gmt":"2025-07-10T20:53:42","guid":{"rendered":"https:\/\/terangafrika.com\/product\/moringa-larbre-de-vie-moringa-oleifera\/"},"modified":"2025-07-10T20:53:42","modified_gmt":"2025-07-10T20:53:42","slug":"moringa-larbre-de-vie-moringa-oleifera","status":"publish","type":"product","link":"https:\/\/terangafrika.com\/?product=moringa-larbre-de-vie-moringa-oleifera","title":{"rendered":"Moringa &#8211; L&rsquo;arbre de vie (Moringa oleifera)"},"content":{"rendered":"<p data-start=\"227\" data-end=\"569\"><strong data-start=\"230\" data-end=\"241\">Le moringa<\/strong> est reconnu dans le monde entier comme un <strong data-start=\"282\" data-end=\"304\">aliment puissant sur le plan nutritionnel<\/strong>. Ses feuilles sont naturellement charg\u00e9es de <strong data-start=\"347\" data-end=\"411\">vitamines, de min\u00e9raux, d&rsquo;acides amin\u00e9s essentiels et d&rsquo;antioxydants<\/strong>, ce qui en fait un superaliment id\u00e9al pour soutenir l&rsquo;<strong data-start=\"474\" data-end=\"492\">\u00e9nergie quotidienne<\/strong>, renforcer le <strong data-start=\"508\" data-end=\"532\">syst\u00e8me immunitaire<\/strong> et promouvoir la <strong data-start=\"547\" data-end=\"568\">vitalit\u00e9 g\u00e9n\u00e9rale<\/strong>. <\/p>\n<p data-start=\"571\" data-end=\"792\">Traditionnellement connu sous le nom d <strong data-start=\"605\" data-end=\"627\">&lsquo;\u00a0\u00bbarbre de vie\u00a0\u00bb, le<\/strong> Moringa est utilis\u00e9 depuis des si\u00e8cles dans diverses cultures pour ses multiples bienfaits pour la sant\u00e9 et sa capacit\u00e9 \u00e0 nourrir l&rsquo;organisme de mani\u00e8re holistique.<\/p>\n<p data-start=\"794\" data-end=\"821\"><strong data-start=\"794\" data-end=\"821\">Principaux avantages :<\/strong><\/p>\n<ul data-start=\"822\" data-end=\"1016\">\n<li data-start=\"822\" data-end=\"875\">\n<p data-start=\"824\" data-end=\"875\">Renforce les niveaux d&rsquo;\u00e9nergie et combat la fatigue.<\/p>\n<\/li>\n<li data-start=\"876\" data-end=\"928\">\n<p data-start=\"878\" data-end=\"928\">Renforce le syst\u00e8me immunitaire de mani\u00e8re naturelle.<\/p>\n<\/li>\n<li data-start=\"929\" data-end=\"969\">\n<p data-start=\"931\" data-end=\"969\">Favorise la sant\u00e9 m\u00e9tabolique et digestive.<\/p>\n<\/li>\n<li data-start=\"970\" data-end=\"1016\">\n<p data-start=\"972\" data-end=\"1016\">Contribue \u00e0 l&rsquo;\u00e9quilibre nutritionnel quotidien.<\/p>\n<\/li>\n<\/ul>\n<p data-start=\"1018\" data-end=\"1087\">\ud83c\udf3f <strong data-start=\"1021\" data-end=\"1087\">100% naturel | Superfood | Vegan | Sans gluten ni additifs<\/strong><\/p>\n<p data-start=\"1089\" data-end=\"1241\">D\u00e9couvrez les bienfaits nourrissants et revitalisants du <strong data-start=\"1147\" data-end=\"1158\">Moringa<\/strong>, et donnez \u00e0 votre corps l&rsquo;alimentation compl\u00e8te dont il a besoin pour se sentir bien chaque jour.<\/p>\n","protected":false},"excerpt":{"rendered":"<p>Le moringa est reconnu dans le monde entier comme un aliment puissant sur le plan nutritionnel. Ses feuilles sont naturellement charg\u00e9es de vitamines, de min\u00e9raux, d&rsquo;acides amin\u00e9s essentiels et d&rsquo;antioxydants, ce qui en fait un superaliment id\u00e9al pour soutenir l&rsquo;\u00e9nergie quotidienne, renforcer le syst\u00e8me immunitaire et promouvoir la vitalit\u00e9 g\u00e9n\u00e9rale. Traditionnellement connu sous le nom [&hellip;]<\/p>\n","protected":false},"featured_media":1357,"template":"","meta":[],"product_brand":[],"product_cat":[119,143],"product_tag":[],"class_list":{"0":"post-1981","1":"product","2":"type-product","3":"status-publish","4":"has-post-thumbnail","6":"product_cat-aliments-naturels","7":"product_cat-tisanes-a-base-de-plantes-et-tisanes-medicinales","9":"first","10":"instock","11":"taxable","12":"shipping-taxable","13":"purchasable","14":"product-type-simple"},"_links":{"self":[{"href":"https:\/\/terangafrika.com\/index.php?rest_route=\/wp\/v2\/product\/1981","targetHints":{"allow":["GET"]}}],"collection":[{"href":"https:\/\/terangafrika.com\/index.php?rest_route=\/wp\/v2\/product"}],"about":[{"href":"https:\/\/terangafrika.com\/index.php?rest_route=\/wp\/v2\/types\/product"}],"wp:featuredmedia":[{"embeddable":true,"href":"https:\/\/terangafrika.com\/index.php?rest_route=\/wp\/v2\/media\/1357"}],"wp:attachment":[{"href":"https:\/\/terangafrika.com\/index.php?rest_route=%2Fwp%2Fv2%2Fmedia&parent=1981"}],"wp:term":[{"taxonomy":"product_brand","embeddable":true,"href":"https:\/\/terangafrika.com\/index.php?rest_route=%2Fwp%2Fv2%2Fproduct_brand&post=1981"},{"taxonomy":"product_cat","embeddable":true,"href":"https:\/\/terangafrika.com\/index.php?rest_route=%2Fwp%2Fv2%2Fproduct_cat&post=1981"},{"taxonomy":"product_tag","embeddable":true,"href":"https:\/\/terangafrika.com\/index.php?rest_route=%2Fwp%2Fv2%2Fproduct_tag&post=1981"}],"curies":[{"name":"wp","href":"https:\/\/api.w.org\/{rel}","templated":true}]}}