{"id":1978,"date":"2025-07-10T21:00:13","date_gmt":"2025-07-10T21:00:13","guid":{"rendered":"https:\/\/terangafrika.com\/product\/ashwagandha-le-ginseng-indien-withania-somnifera\/"},"modified":"2025-07-10T21:00:13","modified_gmt":"2025-07-10T21:00:13","slug":"ashwagandha-le-ginseng-indien-withania-somnifera","status":"publish","type":"product","link":"https:\/\/terangafrika.com\/?product=ashwagandha-le-ginseng-indien-withania-somnifera","title":{"rendered":"Ashwagandha &#8211; Le \u00ab\u00a0ginseng indien\u00a0\u00bb (Withania somnifera)"},"content":{"rendered":"<p data-start=\"182\" data-end=\"564\">L&rsquo;<strong data-start=\"185\" data-end=\"200\">ashwagandha<\/strong> est utilis\u00e9e depuis des milliers d&rsquo;ann\u00e9es dans la m\u00e9decine traditionnelle ayurv\u00e9dique pour sa capacit\u00e9 \u00e0 <strong data-start=\"301\" data-end=\"370\">r\u00e9duire le stress, \u00e0 r\u00e9tablir l&rsquo;\u00e9quilibre et \u00e0 renforcer l&rsquo;organisme<\/strong>. Connue sous le nom de <strong data-start=\"389\" data-end=\"408\">\u00ab\u00a0ginseng indien\u00a0\u00bb,<\/strong> cette racine adaptog\u00e8ne aide l&rsquo;organisme \u00e0 g\u00e9rer le stress physique et \u00e9motionnel, en favorisant un sentiment de calme, de clart\u00e9 mentale et de vitalit\u00e9 durable. <\/p>\n<p data-start=\"566\" data-end=\"593\"><strong data-start=\"566\" data-end=\"593\">Principaux avantages :<\/strong><\/p>\n<ul data-start=\"594\" data-end=\"819\">\n<li data-start=\"594\" data-end=\"646\">\n<p data-start=\"596\" data-end=\"646\">Il r\u00e9duit naturellement le stress et l&rsquo;anxi\u00e9t\u00e9.<\/p>\n<\/li>\n<li data-start=\"647\" data-end=\"698\">\n<p data-start=\"649\" data-end=\"698\">Am\u00e9liore la qualit\u00e9 du sommeil et la concentration.<\/p>\n<\/li>\n<li data-start=\"699\" data-end=\"758\">\n<p data-start=\"701\" data-end=\"758\">Favorise l&rsquo;\u00e9nergie, les performances physiques et la vitalit\u00e9.<\/p>\n<\/li>\n<li data-start=\"759\" data-end=\"819\">\n<p data-start=\"761\" data-end=\"819\">Favorise l&rsquo;\u00e9quilibre hormonal et la fonction immunitaire.<\/p>\n<\/li>\n<\/ul>\n<p data-start=\"821\" data-end=\"885\">\ud83c\udf3f <strong data-start=\"824\" data-end=\"885\">100% naturel | Adaptog\u00e8ne | Tradition ayurv\u00e9dique | Vegan<\/strong><\/p>\n<p data-start=\"887\" data-end=\"1031\">D\u00e9couvrez les propri\u00e9t\u00e9s curatives et \u00e9quilibrantes de l&rsquo;<strong data-start=\"944\" data-end=\"959\">Ashwagandha<\/strong>, et accompagnez votre bien-\u00eatre quotidien avec ce joyau de la m\u00e9decine ancienne.<\/p>\n","protected":false},"excerpt":{"rendered":"<p>L&rsquo;ashwagandha est utilis\u00e9e depuis des milliers d&rsquo;ann\u00e9es dans la m\u00e9decine traditionnelle ayurv\u00e9dique pour sa capacit\u00e9 \u00e0 r\u00e9duire le stress, \u00e0 r\u00e9tablir l&rsquo;\u00e9quilibre et \u00e0 renforcer l&rsquo;organisme. Connue sous le nom de \u00ab\u00a0ginseng indien\u00a0\u00bb, cette racine adaptog\u00e8ne aide l&rsquo;organisme \u00e0 g\u00e9rer le stress physique et \u00e9motionnel, en favorisant un sentiment de calme, de clart\u00e9 mentale et [&hellip;]<\/p>\n","protected":false},"featured_media":1363,"template":"","meta":[],"product_brand":[],"product_cat":[119,143],"product_tag":[],"class_list":{"0":"post-1978","1":"product","2":"type-product","3":"status-publish","4":"has-post-thumbnail","6":"product_cat-aliments-naturels","7":"product_cat-tisanes-a-base-de-plantes-et-tisanes-medicinales","9":"first","10":"instock","11":"taxable","12":"shipping-taxable","13":"purchasable","14":"product-type-simple"},"_links":{"self":[{"href":"https:\/\/terangafrika.com\/index.php?rest_route=\/wp\/v2\/product\/1978","targetHints":{"allow":["GET"]}}],"collection":[{"href":"https:\/\/terangafrika.com\/index.php?rest_route=\/wp\/v2\/product"}],"about":[{"href":"https:\/\/terangafrika.com\/index.php?rest_route=\/wp\/v2\/types\/product"}],"wp:featuredmedia":[{"embeddable":true,"href":"https:\/\/terangafrika.com\/index.php?rest_route=\/wp\/v2\/media\/1363"}],"wp:attachment":[{"href":"https:\/\/terangafrika.com\/index.php?rest_route=%2Fwp%2Fv2%2Fmedia&parent=1978"}],"wp:term":[{"taxonomy":"product_brand","embeddable":true,"href":"https:\/\/terangafrika.com\/index.php?rest_route=%2Fwp%2Fv2%2Fproduct_brand&post=1978"},{"taxonomy":"product_cat","embeddable":true,"href":"https:\/\/terangafrika.com\/index.php?rest_route=%2Fwp%2Fv2%2Fproduct_cat&post=1978"},{"taxonomy":"product_tag","embeddable":true,"href":"https:\/\/terangafrika.com\/index.php?rest_route=%2Fwp%2Fv2%2Fproduct_tag&post=1978"}],"curies":[{"name":"wp","href":"https:\/\/api.w.org\/{rel}","templated":true}]}}