{"id":1972,"date":"2025-07-10T21:16:32","date_gmt":"2025-07-10T21:16:32","guid":{"rendered":"https:\/\/terangafrika.com\/product\/artemisia-savon-en-barre-a-la-citronnelle\/"},"modified":"2025-07-10T21:16:32","modified_gmt":"2025-07-10T21:16:32","slug":"artemisia-savon-en-barre-a-la-citronnelle","status":"publish","type":"product","link":"https:\/\/terangafrika.com\/?product=artemisia-savon-en-barre-a-la-citronnelle","title":{"rendered":"Artemisia &#8211; Savon en barre \u00e0 la citronnelle"},"content":{"rendered":"<p data-start=\"175\" data-end=\"233\"><strong data-start=\"175\" data-end=\"233\">Fra\u00eecheur et purification naturelles pour une peau \u00e9clatante<\/strong><\/p>\n<p data-start=\"235\" data-end=\"514\">Notre savon artisanal associe les propri\u00e9t\u00e9s purifiantes et antioxydantes de l&rsquo;<strong data-start=\"319\" data-end=\"332\">Artemisia<\/strong> au parfum rafra\u00eechissant et revitalisant de la <strong data-start=\"380\" data-end=\"412\">citronnelle<\/strong>. Cette formule naturelle nettoie en profondeur, \u00e9limine les impuret\u00e9s tout en tonifiant et en apaisant la peau. <\/p>\n<p data-start=\"516\" data-end=\"801\">Enrichi en <strong data-start=\"532\" data-end=\"553\">beurre de karit\u00e9<\/strong> et en <strong data-start=\"556\" data-end=\"574\">huile de coco<\/strong>, ce savon apporte une hydratation et une nutrition essentielles, laissant la peau fra\u00eeche, \u00e9quilibr\u00e9e et lumineuse. Id\u00e9al pour tous les types de peau, m\u00eame les plus sensibles, il est parfait pour une utilisation quotidienne dans le cadre de votre routine de soins. <\/p>\n<p data-start=\"803\" data-end=\"830\"><strong data-start=\"803\" data-end=\"830\">Principaux avantages :<\/strong><\/p>\n<ul data-start=\"831\" data-end=\"1070\">\n<li data-start=\"831\" data-end=\"884\">\n<p data-start=\"833\" data-end=\"884\">Nettoyage doux et profond avec un effet tonifiant.<\/p>\n<\/li>\n<li data-start=\"885\" data-end=\"950\">\n<p data-start=\"887\" data-end=\"950\">Parfum naturel frais et \u00e9nergisant qui stimule les sens.<\/p>\n<\/li>\n<li data-start=\"951\" data-end=\"1028\">\n<p data-start=\"953\" data-end=\"1028\">Hydratation et nutrition prolong\u00e9es gr\u00e2ce \u00e0 des ingr\u00e9dients d&rsquo;origine v\u00e9g\u00e9tale.<\/p>\n<\/li>\n<li data-start=\"1029\" data-end=\"1070\">\n<p data-start=\"1031\" data-end=\"1070\">Convient aux peaux d\u00e9licates et sensibles.<\/p>\n<\/li>\n<\/ul>\n<p data-start=\"1072\" data-end=\"1140\">\ud83c\udf3f <strong data-start=\"1075\" data-end=\"1140\">100% naturel | Fabriqu\u00e9 \u00e0 la main | Vegan | Sans produits chimiques agressifs<\/strong><\/p>\n<p data-start=\"1142\" data-end=\"1304\">Red\u00e9couvrez la fra\u00eecheur et la puret\u00e9 de la nature avec le <strong data-start=\"1198\" data-end=\"1247\">savon Artemisia &#8211; Lemongrass<\/strong> et profitez d&rsquo;une peau propre, hydrat\u00e9e et revitalis\u00e9e.<\/p>\n","protected":false},"excerpt":{"rendered":"<p>Fra\u00eecheur et purification naturelles pour une peau \u00e9clatante Notre savon artisanal associe les propri\u00e9t\u00e9s purifiantes et antioxydantes de l&rsquo;Artemisia au parfum rafra\u00eechissant et revitalisant de la citronnelle. Cette formule naturelle nettoie en profondeur, \u00e9limine les impuret\u00e9s tout en tonifiant et en apaisant la peau. Enrichi en beurre de karit\u00e9 et en huile de coco, ce [&hellip;]<\/p>\n","protected":false},"featured_media":1369,"template":"","meta":[],"product_brand":[],"product_cat":[144,145],"product_tag":[],"class_list":{"0":"post-1972","1":"product","2":"type-product","3":"status-publish","4":"has-post-thumbnail","6":"product_cat-artisanat-traditionnel-et-local","7":"product_cat-savons-faits-a-la-main","9":"first","10":"instock","11":"taxable","12":"shipping-taxable","13":"purchasable","14":"product-type-simple"},"_links":{"self":[{"href":"https:\/\/terangafrika.com\/index.php?rest_route=\/wp\/v2\/product\/1972","targetHints":{"allow":["GET"]}}],"collection":[{"href":"https:\/\/terangafrika.com\/index.php?rest_route=\/wp\/v2\/product"}],"about":[{"href":"https:\/\/terangafrika.com\/index.php?rest_route=\/wp\/v2\/types\/product"}],"wp:featuredmedia":[{"embeddable":true,"href":"https:\/\/terangafrika.com\/index.php?rest_route=\/wp\/v2\/media\/1369"}],"wp:attachment":[{"href":"https:\/\/terangafrika.com\/index.php?rest_route=%2Fwp%2Fv2%2Fmedia&parent=1972"}],"wp:term":[{"taxonomy":"product_brand","embeddable":true,"href":"https:\/\/terangafrika.com\/index.php?rest_route=%2Fwp%2Fv2%2Fproduct_brand&post=1972"},{"taxonomy":"product_cat","embeddable":true,"href":"https:\/\/terangafrika.com\/index.php?rest_route=%2Fwp%2Fv2%2Fproduct_cat&post=1972"},{"taxonomy":"product_tag","embeddable":true,"href":"https:\/\/terangafrika.com\/index.php?rest_route=%2Fwp%2Fv2%2Fproduct_tag&post=1972"}],"curies":[{"name":"wp","href":"https:\/\/api.w.org\/{rel}","templated":true}]}}