{"id":1971,"date":"2025-07-10T21:25:09","date_gmt":"2025-07-10T21:25:09","guid":{"rendered":"https:\/\/terangafrika.com\/product\/savon-de-rasage-noix-de-coco-et-patchouli\/"},"modified":"2025-07-10T21:25:09","modified_gmt":"2025-07-10T21:25:09","slug":"savon-de-rasage-noix-de-coco-et-patchouli","status":"publish","type":"product","link":"https:\/\/terangafrika.com\/?product=savon-de-rasage-noix-de-coco-et-patchouli","title":{"rendered":"Savon de rasage &#8211; noix de coco et patchouli"},"content":{"rendered":"<p data-start=\"174\" data-end=\"231\"><strong data-start=\"174\" data-end=\"231\">Douceur et soin naturel pour un rasage d\u00e9licat<\/strong><\/p>\n<p data-start=\"233\" data-end=\"563\">D\u00e9couvrez notre s\u00e9lection de savons naturels, fabriqu\u00e9s \u00e0 la main pour mettre en valeur tous les types de peau et tous les teints, m\u00eame les plus d\u00e9licats.<br data-start=\"362\" data-end=\"365\">Riche en beurre de karit\u00e9, en huile de noix de coco et autres ingr\u00e9dients nourrissants enti\u00e8rement naturels, nos savons en pain doux garderont votre peau propre, hydrat\u00e9e et profond\u00e9ment hydrat\u00e9e.<\/p>\n<p data-start=\"565\" data-end=\"871\">Ce savon sp\u00e9cialement con\u00e7u pour les femmes associe les propri\u00e9t\u00e9s hydratantes et r\u00e9g\u00e9n\u00e9rantes de la <strong data-start=\"668\" data-end=\"676\">noix de coco<\/strong> au parfum apaisant et \u00e9quilibrant du <strong data-start=\"719\" data-end=\"730\">patchouli<\/strong>, cr\u00e9ant une mousse cr\u00e9meuse qui facilite le rasage, prot\u00e8ge la peau et aide \u00e0 pr\u00e9venir les irritations, laissant une sensation de douceur et de fra\u00eecheur.<\/p>\n<p data-start=\"873\" data-end=\"900\"><strong data-start=\"873\" data-end=\"900\">Principaux avantages :<\/strong><\/p>\n<ul data-start=\"901\" data-end=\"1081\">\n<li data-start=\"901\" data-end=\"951\">\n<p data-start=\"903\" data-end=\"951\">Facilite un rasage doux et sans irritation.<\/p>\n<\/li>\n<li data-start=\"952\" data-end=\"994\">\n<p data-start=\"954\" data-end=\"994\">Hydrate et nourrit la peau en profondeur.<\/p>\n<\/li>\n<li data-start=\"995\" data-end=\"1038\">\n<p data-start=\"997\" data-end=\"1038\">Senteur naturelle relaxante et \u00e9quilibrante.<\/p>\n<\/li>\n<li data-start=\"1039\" data-end=\"1081\">\n<p data-start=\"1041\" data-end=\"1081\">Id\u00e9al pour les peaux sensibles et d\u00e9licates.<\/p>\n<\/li>\n<\/ul>\n<p data-start=\"1083\" data-end=\"1151\">\ud83c\udf3f <strong data-start=\"1086\" data-end=\"1151\">100% naturel | Vegan | Fait \u00e0 la main | Sans produits chimiques agressifs<\/strong><\/p>\n<p data-start=\"1153\" data-end=\"1304\">Profitez d&rsquo;un rasage d\u00e9licat et d&rsquo;un soin en profondeur avec le <strong data-start=\"1216\" data-end=\"1265\">savon de rasage en barre Coconut &amp; Patchouli<\/strong>, la combinaison parfaite pour votre peau.<\/p>\n","protected":false},"excerpt":{"rendered":"<p>Douceur et soin naturel pour un rasage d\u00e9licat D\u00e9couvrez notre s\u00e9lection de savons naturels, fabriqu\u00e9s \u00e0 la main pour mettre en valeur tous les types de peau et tous les teints, m\u00eame les plus d\u00e9licats.Riche en beurre de karit\u00e9, en huile de noix de coco et autres ingr\u00e9dients nourrissants enti\u00e8rement naturels, nos savons en pain [&hellip;]<\/p>\n","protected":false},"featured_media":1377,"template":"","meta":[],"product_brand":[],"product_cat":[144,145],"product_tag":[],"class_list":{"0":"post-1971","1":"product","2":"type-product","3":"status-publish","4":"has-post-thumbnail","6":"product_cat-artisanat-traditionnel-et-local","7":"product_cat-savons-faits-a-la-main","9":"first","10":"instock","11":"taxable","12":"shipping-taxable","13":"purchasable","14":"product-type-simple"},"_links":{"self":[{"href":"https:\/\/terangafrika.com\/index.php?rest_route=\/wp\/v2\/product\/1971","targetHints":{"allow":["GET"]}}],"collection":[{"href":"https:\/\/terangafrika.com\/index.php?rest_route=\/wp\/v2\/product"}],"about":[{"href":"https:\/\/terangafrika.com\/index.php?rest_route=\/wp\/v2\/types\/product"}],"wp:featuredmedia":[{"embeddable":true,"href":"https:\/\/terangafrika.com\/index.php?rest_route=\/wp\/v2\/media\/1377"}],"wp:attachment":[{"href":"https:\/\/terangafrika.com\/index.php?rest_route=%2Fwp%2Fv2%2Fmedia&parent=1971"}],"wp:term":[{"taxonomy":"product_brand","embeddable":true,"href":"https:\/\/terangafrika.com\/index.php?rest_route=%2Fwp%2Fv2%2Fproduct_brand&post=1971"},{"taxonomy":"product_cat","embeddable":true,"href":"https:\/\/terangafrika.com\/index.php?rest_route=%2Fwp%2Fv2%2Fproduct_cat&post=1971"},{"taxonomy":"product_tag","embeddable":true,"href":"https:\/\/terangafrika.com\/index.php?rest_route=%2Fwp%2Fv2%2Fproduct_tag&post=1971"}],"curies":[{"name":"wp","href":"https:\/\/api.w.org\/{rel}","templated":true}]}}